{"id":825,"date":"2014-06-17T15:44:52","date_gmt":"2014-06-17T19:44:52","guid":{"rendered":"http:\/\/tim.cstj.qc.ca\/cours\/xcode\/wp\/?page_id=825"},"modified":"2014-06-17T15:44:52","modified_gmt":"2014-06-17T19:44:52","slug":"laboratoires-swift","status":"publish","type":"page","link":"https:\/\/ve2cuy.com\/xcode\/laboratoires-swift\/","title":{"rendered":"Laboratoires &#8211; Swift"},"content":{"rendered":"<ol>\n<li><a href=\"\/xcode\/index.php\/swift-labo-st-hub\/\">St-Hub<\/a><\/li>\n<li><a href=\"..\/premier-projet-xcode-swift-capitaine-haddock\">Mon premier projet<\/a> (capitaine Haddock) &#8211; <a href=\"#\">vid\u00e9o<\/a><\/li>\n<li><a href=\"..\/tim-magazine-swift\">TIM-Magazine<\/a>\u00a0&#8211;\u00a0<a href=\"http:\/\/www.youtube.com\/v\/CucHHI7697g\">vid\u00e9o<\/a>*<\/li>\n<li><a href=\"\/xcode\/index.php\/tim-flix-swift\/\">TIM-Flix<\/a>\u00a0&#8211;\u00a0<a href=\"http:\/\/www.youtube.com\/v\/Kq_U0TWATdo\">vid\u00e9o<\/a><\/li>\n<li><a href=\"\/xcode\/index.php\/projet-les-rottentomatoes-version-swift\/\">Les rottentomatoes<\/a>\u00a0&#8211;\u00a0<a href=\"http:\/\/www.youtube.com\/v\/LBi6Z0RnINM\">vid\u00e9o<\/a><\/li>\n<li><a href=\"\/xcode\/index.php\/projet-posttim-version-swift\/\">Post&rsquo;TIM<\/a>\u00a0&#8211;\u00a0<a href=\"http:\/\/www.youtube.com\/v\/vEt18tY0-mg\">vid\u00e9o<\/a><\/li>\n<li><a href=\"..\/labo\/tim-actions\/\">TIM-Actions<\/a>\u00a0&#8211;\u00a0<a href=\"http:\/\/www.youtube.com\/v\/2Uloskk1p6c\">vid\u00e9o<\/a><\/li>\n<li><a href=\"\/xcode\/index.php\/tim-briques-spritekit\/\">TIM-Brique<\/a>\u00a0(spriteKit)-\u00a0<a href=\"http:\/\/www.youtube.com\/v\/1-hJZXTKvdU\">vid\u00e9o<\/a><\/li>\n<li><a href=\"\/xcode\/index.php\/projet-aquarium-poo-et-protocols\/\">Aquarium<\/a> (POO)<\/li>\n<li><a href=\"..\/labo\/tim-meteo\/\">TIM-M\u00e9t\u00e9o<\/a>\u00a0&#8211;\u00a0<a href=\"http:\/\/www.youtube.com\/v\/rcLlUEgoDhY\">vid\u00e9o<\/a><\/li>\n<li><a href=\"..\/labo\/tims-fun\/\">TIM&rsquo;S-FUN<\/a>\u00a0&#8211;\u00a0<a href=\"http:\/\/www.youtube.com\/v\/vCRI-b4g7rQ\">vid\u00e9o<\/a><\/li>\n<\/ol>\n<p>&nbsp;<\/p>\n","protected":false},"excerpt":{"rendered":"<p>St-Hub Mon premier projet (capitaine Haddock) &#8211; vid\u00e9o TIM-Magazine\u00a0&#8211;\u00a0vid\u00e9o* TIM-Flix\u00a0&#8211;\u00a0vid\u00e9o Les rottentomatoes\u00a0&#8211;\u00a0vid\u00e9o Post&rsquo;TIM\u00a0&#8211;\u00a0vid\u00e9o TIM-Actions\u00a0&#8211;\u00a0vid\u00e9o TIM-Brique\u00a0(spriteKit)-\u00a0vid\u00e9o Aquarium (POO) TIM-M\u00e9t\u00e9o\u00a0&#8211;\u00a0vid\u00e9o TIM&rsquo;S-FUN\u00a0&#8211;\u00a0vid\u00e9o &nbsp;<\/p>\n","protected":false},"author":1,"featured_media":0,"parent":0,"menu_order":0,"comment_status":"closed","ping_status":"closed","template":"","meta":{"footnotes":""},"class_list":["post-825","page","type-page","status-publish","hentry"],"_links":{"self":[{"href":"https:\/\/ve2cuy.com\/xcode\/wp-json\/wp\/v2\/pages\/825","targetHints":{"allow":["GET"]}}],"collection":[{"href":"https:\/\/ve2cuy.com\/xcode\/wp-json\/wp\/v2\/pages"}],"about":[{"href":"https:\/\/ve2cuy.com\/xcode\/wp-json\/wp\/v2\/types\/page"}],"author":[{"embeddable":true,"href":"https:\/\/ve2cuy.com\/xcode\/wp-json\/wp\/v2\/users\/1"}],"replies":[{"embeddable":true,"href":"https:\/\/ve2cuy.com\/xcode\/wp-json\/wp\/v2\/comments?post=825"}],"version-history":[{"count":0,"href":"https:\/\/ve2cuy.com\/xcode\/wp-json\/wp\/v2\/pages\/825\/revisions"}],"wp:attachment":[{"href":"https:\/\/ve2cuy.com\/xcode\/wp-json\/wp\/v2\/media?parent=825"}],"curies":[{"name":"wp","href":"https:\/\/api.w.org\/{rel}","templated":true}]}}