{"id":311,"date":"2013-10-18T13:19:35","date_gmt":"2013-10-18T17:19:35","guid":{"rendered":"http:\/\/tim.cstj.qc.ca\/cours\/xcode\/wp\/?page_id=311"},"modified":"2013-10-18T13:19:35","modified_gmt":"2013-10-18T17:19:35","slug":"tim-meteo","status":"publish","type":"page","link":"https:\/\/ve2cuy.com\/xcode\/labo\/tim-meteo\/","title":{"rendered":"TIM-M\u00e9t\u00e9o"},"content":{"rendered":"<h1>Note: Tutoriel \u00e0 suivre&#8230;<\/h1>\n","protected":false},"excerpt":{"rendered":"<p>Note: Tutoriel \u00e0 suivre&#8230;<\/p>\n","protected":false},"author":1,"featured_media":0,"parent":26,"menu_order":0,"comment_status":"closed","ping_status":"closed","template":"","meta":{"footnotes":""},"class_list":["post-311","page","type-page","status-publish","hentry"],"_links":{"self":[{"href":"https:\/\/ve2cuy.com\/xcode\/wp-json\/wp\/v2\/pages\/311","targetHints":{"allow":["GET"]}}],"collection":[{"href":"https:\/\/ve2cuy.com\/xcode\/wp-json\/wp\/v2\/pages"}],"about":[{"href":"https:\/\/ve2cuy.com\/xcode\/wp-json\/wp\/v2\/types\/page"}],"author":[{"embeddable":true,"href":"https:\/\/ve2cuy.com\/xcode\/wp-json\/wp\/v2\/users\/1"}],"replies":[{"embeddable":true,"href":"https:\/\/ve2cuy.com\/xcode\/wp-json\/wp\/v2\/comments?post=311"}],"version-history":[{"count":0,"href":"https:\/\/ve2cuy.com\/xcode\/wp-json\/wp\/v2\/pages\/311\/revisions"}],"up":[{"embeddable":true,"href":"https:\/\/ve2cuy.com\/xcode\/wp-json\/wp\/v2\/pages\/26"}],"wp:attachment":[{"href":"https:\/\/ve2cuy.com\/xcode\/wp-json\/wp\/v2\/media?parent=311"}],"curies":[{"name":"wp","href":"https:\/\/api.w.org\/{rel}","templated":true}]}}