{"id":2873,"date":"2016-09-28T11:26:37","date_gmt":"2016-09-28T15:26:37","guid":{"rendered":"\/cours\/xcode\/wp\/?page_id=2873"},"modified":"2016-09-28T11:26:37","modified_gmt":"2016-09-28T15:26:37","slug":"introduction","status":"publish","type":"page","link":"https:\/\/ve2cuy.com\/xcode\/introduction\/","title":{"rendered":"Introduction"},"content":{"rendered":"<p>&nbsp;<\/p>\n<ol>\n<li><a href=\"\/xcode\/wp-content\/uploads\/2014\/08\/Objective-C-et-OS-X-Historique-version-2014.pdf\">Historique &#8211; Pr\u00e9sentation Powerpoint<\/a>,\u00a0<a href=\"http:\/\/www.idc.com\/prodserv\/smartphone-os-market-share.jsp\">march\u00e9<\/a>,\u00a0<a href=\"http:\/\/www.kantarworldpanel.com\/global\/smartphone-os-market-share\/\">carte march\u00e9<\/a>,\u00a0<a href=\"http:\/\/bgr.com\/2015\/04\/15\/ios-vs-android-developers-revenue-apps\/\">revenus des apps<\/a>,\u00a0<a href=\"http:\/\/marketingland.com\/report-iphone-drives-less-than-third-of-android-traffic-nearly-75-pct-of-revenue-137882\">revenus de pub<\/a>,\u00a0<a href=\"https:\/\/developer.apple.com\/support\/app-store\/\">distribution iOS<\/a>,\u00a0<a href=\"https:\/\/developer.android.com\/about\/dashboards\/index.html\">distribution Android<\/a><\/li>\n<li>Apps pour t\u00e9l\u00e9phones mobiles &#8211; Les trois &lsquo;<a href=\"https:\/\/fr.wikipedia.org\/wiki\/Environnement_de_d\u00e9veloppement\">EDI<\/a>&lsquo; classiques:\u00a0<a href=\"https:\/\/developer.apple.com\/xcode\/\">Xcode<\/a>,\u00a0<a href=\"https:\/\/www.visualstudio.com\/en-us\/downloads\/download-visual-studio-vs.aspx\">Visual Studio<\/a>,\u00a0<a href=\"https:\/\/developer.android.com\/sdk\/installing\/studio.html\">Android Studio<\/a>:<br \/>\n[table]<a href=\"\/xcode\/wp-content\/uploads\/2013\/10\/IDE-Xcode-notes.png\"><img loading=\"lazy\" decoding=\"async\" class=\" wp-image-2445 alignnone\" src=\"\/xcode\/wp-content\/uploads\/2013\/10\/IDE-Xcode-notes.png\" alt=\"IDE-Xcode-notes\" width=\"151\" height=\"85\" \/><\/a>,\u00a0<a href=\"\/xcode\/wp-content\/uploads\/2013\/10\/IDE-Visual-Studio.01-notes.png\"><img loading=\"lazy\" decoding=\"async\" class=\"alignnone wp-image-2451\" src=\"\/xcode\/wp-content\/uploads\/2013\/10\/IDE-Visual-Studio.01-notes.png\" alt=\"IDE-Visual-Studio.01-notes\" width=\"151\" height=\"85\" \/><\/a>,<a href=\"\/xcode\/wp-content\/uploads\/2013\/10\/IDE-Visual-Studio_02-notes.png\"><img loading=\"lazy\" decoding=\"async\" class=\"alignnone wp-image-2450\" src=\"\/xcode\/wp-content\/uploads\/2013\/10\/IDE-Visual-Studio_02-notes.png\" alt=\"IDE-Visual-Studio_02-notes\" width=\"151\" height=\"85\" \/><\/a>,<a href=\"\/xcode\/wp-content\/uploads\/2013\/10\/IDE-Android-Studio.01-notes.png\"><img loading=\"lazy\" decoding=\"async\" class=\"alignnone wp-image-2449\" src=\"\/xcode\/wp-content\/uploads\/2013\/10\/IDE-Android-Studio.01-notes.png\" alt=\"IDE-Android-Studio.01-notes\" width=\"151\" height=\"85\" \/><\/a>,<a href=\"\/xcode\/wp-content\/uploads\/2013\/10\/IDE-Android-Studio_02-notes.png\"><img loading=\"lazy\" decoding=\"async\" class=\"alignnone wp-image-2448\" src=\"\/xcode\/wp-content\/uploads\/2013\/10\/IDE-Android-Studio_02-notes.png\" alt=\"IDE-Android-Studio_02-notes\" width=\"151\" height=\"85\" \/><\/a>[\/table]<\/li>\n<li>Compilation native (OS+CPU) VS Interpr\u00e9t\u00e9 \u00e0 l&rsquo;ex\u00e9cution via un fureteur (Chrome), un lecture (flash) ou une machine virtuelle (<a href=\"https:\/\/fr.wikipedia.org\/wiki\/Machine_virtuelle_Java\">JVM<\/a>).<\/li>\n<li>Ressources:\u00a0<a href=\"https:\/\/developer.apple.com\/xcode\/\">Apple-Xcode<\/a>,\u00a0<a href=\"https:\/\/developer.apple.com\/library\/ios\/navigation\/#section=Topics&amp;topic=Xcode\">Apple-Les librairies Xcode<\/a>,\u00a0<a href=\"https:\/\/developer.apple.com\/library\/ios\/documentation\/Swift\/Conceptual\/Swift_Programming_Language\/\">Apple-Documentation Swift 2.2<\/a>,\u00a0<a href=\"https:\/\/developer.apple.com\/library\/prerelease\/content\/documentation\/Swift\/Conceptual\/Swift_Programming_Language\/index.html\">Swift 3<\/a>,\u00a0<a href=\"http:\/\/stackoverflow.com\/questions\/tagged\/swift?sort=newest&amp;pageSize=15\">Stack overflow<\/a>,\u00a0<a href=\"http:\/\/www.raywenderlich.com\">Raywenderlich<br \/>\n<\/a><\/li>\n<li><strong>swift<\/strong>\u00a0en open source:\u00a0<a href=\"https:\/\/github.com\/apple\/swift\">https:\/\/github.com\/apple\/swift<\/a><\/li>\n<li>Exploration\u00a0<span class=\"lang-la\" lang=\"la\" xml:lang=\"la\"><span class=\"lang-la\" lang=\"la\" xml:lang=\"la\">Ad libitum de Xcode + configuration &#8211; <a href=\"\/cours\/xcode\/app\/Xcode_6.4.dmg\">t\u00e9l\u00e9charger Xcode 9 Beta 5 &#8211; lien local<\/a>\u00a0&#8211; <a href=\"https:\/\/developer.apple.com\/xcode\/\">t\u00e9l\u00e9charger Xcode du site d&rsquo;Apple<\/a><\/span><\/span><\/li>\n<\/ol>\n<p>&nbsp;<br \/>\n&nbsp;<\/p>\n","protected":false},"excerpt":{"rendered":"<p>&nbsp; Historique &#8211; Pr\u00e9sentation Powerpoint,\u00a0march\u00e9,\u00a0carte march\u00e9,\u00a0revenus des apps,\u00a0revenus de pub,\u00a0distribution iOS,\u00a0distribution Android Apps pour t\u00e9l\u00e9phones mobiles &#8211; Les trois &lsquo;EDI&lsquo; classiques:\u00a0Xcode,\u00a0Visual Studio,\u00a0Android Studio: [table],\u00a0,,,[\/table] Compilation native (OS+CPU) VS Interpr\u00e9t\u00e9 \u00e0 l&rsquo;ex\u00e9cution via un fureteur (Chrome), un lecture (flash) ou une machine virtuelle (JVM). Ressources:\u00a0Apple-Xcode,\u00a0Apple-Les librairies Xcode,\u00a0Apple-Documentation Swift 2.2,\u00a0Swift 3,\u00a0Stack overflow,\u00a0Raywenderlich swift\u00a0en open source:\u00a0https:\/\/github.com\/apple\/swift Exploration\u00a0Ad libitum [&hellip;]<\/p>\n","protected":false},"author":1,"featured_media":0,"parent":0,"menu_order":0,"comment_status":"closed","ping_status":"closed","template":"","meta":{"footnotes":""},"class_list":["post-2873","page","type-page","status-publish","hentry"],"_links":{"self":[{"href":"https:\/\/ve2cuy.com\/xcode\/wp-json\/wp\/v2\/pages\/2873","targetHints":{"allow":["GET"]}}],"collection":[{"href":"https:\/\/ve2cuy.com\/xcode\/wp-json\/wp\/v2\/pages"}],"about":[{"href":"https:\/\/ve2cuy.com\/xcode\/wp-json\/wp\/v2\/types\/page"}],"author":[{"embeddable":true,"href":"https:\/\/ve2cuy.com\/xcode\/wp-json\/wp\/v2\/users\/1"}],"replies":[{"embeddable":true,"href":"https:\/\/ve2cuy.com\/xcode\/wp-json\/wp\/v2\/comments?post=2873"}],"version-history":[{"count":0,"href":"https:\/\/ve2cuy.com\/xcode\/wp-json\/wp\/v2\/pages\/2873\/revisions"}],"wp:attachment":[{"href":"https:\/\/ve2cuy.com\/xcode\/wp-json\/wp\/v2\/media?parent=2873"}],"curies":[{"name":"wp","href":"https:\/\/api.w.org\/{rel}","templated":true}]}}