{"id":26,"date":"2013-10-15T15:11:31","date_gmt":"2013-10-15T14:11:31","guid":{"rendered":"\/cours\/xcode\/wp\/?page_id=26"},"modified":"2013-10-15T15:11:31","modified_gmt":"2013-10-15T14:11:31","slug":"labo","status":"publish","type":"page","link":"https:\/\/ve2cuy.com\/xcode\/labo\/","title":{"rendered":"Laboratoires &#8211; Objective-C"},"content":{"rendered":"<ol>\n<li><a href=\"\/cours\/xcode\/contenu\/module01\/TIM%20Magazine.pdf\">TIM-Magazine<\/a>\u00a0&#8211; <a href=\"http:\/\/www.youtube.com\/v\/CucHHI7697g\">vid\u00e9o<\/a><\/li>\n<li><a href=\"..\/labo\/timflix-delegation-et-uitableview-personnalisee\/\">TIM-Flix<\/a>\u00a0&#8211; <a href=\"http:\/\/www.youtube.com\/v\/Kq_U0TWATdo\">vid\u00e9o<\/a><\/li>\n<li><a href=\"..\/labo\/rottentomatoes\/ \">Les rottentomatoes<\/a>\u00a0&#8211; <a href=\"http:\/\/www.youtube.com\/v\/LBi6Z0RnINM\">vid\u00e9o<\/a><\/li>\n<li><a href=\"..\/labo\/posttim\/\">Post&rsquo;TIM<\/a> &#8211; <a href=\"http:\/\/www.youtube.com\/v\/vEt18tY0-mg\">vid\u00e9o<\/a><\/li>\n<li><a href=\"..\/labo\/tim-actions\/\">TIM-Actions<\/a> &#8211; <a href=\"http:\/\/www.youtube.com\/v\/2Uloskk1p6c\">vid\u00e9o<\/a><\/li>\n<li><a href=\"..\/labo\/tim-jeu\/\">TIM-Jeu<\/a> &#8211; <a href=\"http:\/\/www.youtube.com\/v\/1-hJZXTKvdU\">vid\u00e9o<\/a><\/li>\n<li><a href=\"..\/labo\/tim-meteo\/\">TIM-M\u00e9t\u00e9o<\/a> &#8211; <a href=\"http:\/\/www.youtube.com\/v\/rcLlUEgoDhY\">vid\u00e9o<\/a><\/li>\n<li><a href=\"..\/labo\/tims-fun\/\">TIM&rsquo;S-FUN<\/a> &#8211; <a href=\"http:\/\/www.youtube.com\/v\/vCRI-b4g7rQ\">vid\u00e9o<\/a><\/li>\n<\/ol>\n<p>&nbsp;<\/p>\n","protected":false},"excerpt":{"rendered":"<p>TIM-Magazine\u00a0&#8211; vid\u00e9o TIM-Flix\u00a0&#8211; vid\u00e9o Les rottentomatoes\u00a0&#8211; vid\u00e9o Post&rsquo;TIM &#8211; vid\u00e9o TIM-Actions &#8211; vid\u00e9o TIM-Jeu &#8211; vid\u00e9o TIM-M\u00e9t\u00e9o &#8211; vid\u00e9o TIM&rsquo;S-FUN &#8211; vid\u00e9o &nbsp;<\/p>\n","protected":false},"author":1,"featured_media":0,"parent":0,"menu_order":0,"comment_status":"closed","ping_status":"closed","template":"","meta":{"footnotes":""},"class_list":["post-26","page","type-page","status-publish","hentry"],"_links":{"self":[{"href":"https:\/\/ve2cuy.com\/xcode\/wp-json\/wp\/v2\/pages\/26","targetHints":{"allow":["GET"]}}],"collection":[{"href":"https:\/\/ve2cuy.com\/xcode\/wp-json\/wp\/v2\/pages"}],"about":[{"href":"https:\/\/ve2cuy.com\/xcode\/wp-json\/wp\/v2\/types\/page"}],"author":[{"embeddable":true,"href":"https:\/\/ve2cuy.com\/xcode\/wp-json\/wp\/v2\/users\/1"}],"replies":[{"embeddable":true,"href":"https:\/\/ve2cuy.com\/xcode\/wp-json\/wp\/v2\/comments?post=26"}],"version-history":[{"count":0,"href":"https:\/\/ve2cuy.com\/xcode\/wp-json\/wp\/v2\/pages\/26\/revisions"}],"wp:attachment":[{"href":"https:\/\/ve2cuy.com\/xcode\/wp-json\/wp\/v2\/media?parent=26"}],"curies":[{"name":"wp","href":"https:\/\/api.w.org\/{rel}","templated":true}]}}