{"id":972,"date":"2023-11-02T16:52:26","date_gmt":"2023-11-02T20:52:26","guid":{"rendered":"https:\/\/ve2cuy.com\/?page_id=972"},"modified":"2024-09-18T10:07:54","modified_gmt":"2024-09-18T14:07:54","slug":"420-5d3-evaluation-2023","status":"publish","type":"page","link":"https:\/\/ve2cuy.com\/index.php\/420-5d3-evaluation-2023\/","title":{"rendered":"420-5D3: \u00c9valuation 2023"},"content":{"rendered":"<div class=\"wp-block-image\">\n<figure class=\"aligncenter size-large is-resized\"><img loading=\"lazy\" decoding=\"async\" width=\"1024\" height=\"636\" src=\"https:\/\/ve2cuy.com\/wp-content\/uploads\/2023\/11\/evaluation-apprentissages-retroaction-1024x636.jpg\" alt=\"\" class=\"wp-image-979\" style=\"aspect-ratio:1.610062893081761;width:629px;height:auto\" srcset=\"https:\/\/ve2cuy.com\/wp-content\/uploads\/2023\/11\/evaluation-apprentissages-retroaction-1024x636.jpg 1024w, https:\/\/ve2cuy.com\/wp-content\/uploads\/2023\/11\/evaluation-apprentissages-retroaction-300x186.jpg 300w, https:\/\/ve2cuy.com\/wp-content\/uploads\/2023\/11\/evaluation-apprentissages-retroaction-768x477.jpg 768w, https:\/\/ve2cuy.com\/wp-content\/uploads\/2023\/11\/evaluation-apprentissages-retroaction.jpg 1319w\" sizes=\"auto, (max-width: 1024px) 100vw, 1024px\" \/><\/figure>\n<\/div>\n\n\n<p><br><\/p>\n\n\n\n<hr class=\"wp-block-separator has-alpha-channel-opacity\"\/>\n\n\n\n<h1 class=\"wp-block-heading has-vivid-cyan-blue-color has-text-color\"><mark style=\"background-color:rgba(0, 0, 0, 0)\" class=\"has-inline-color has-luminous-vivid-amber-color\">S\u00e9curit\u00e9<\/mark> <mark style=\"background-color:rgba(0, 0, 0, 0)\" class=\"has-inline-color has-vivid-purple-color\">des<\/mark> <mark style=\"background-color:rgba(0, 0, 0, 0)\" class=\"has-inline-color has-vivid-green-cyan-color\">donn\u00e9es<\/mark> &#8211; Projet d&rsquo;\u00e9valuation propos\u00e9<\/h1>\n\n\n\n<hr class=\"wp-block-separator has-alpha-channel-opacity\"\/>\n\n\n\n<h2 class=\"wp-block-heading has-text-align-center\"><mark style=\"background-color:rgba(0, 0, 0, 0)\" class=\"has-inline-color has-vivid-red-color\">20<\/mark> &#8211; <mark style=\"background-color:rgba(0, 0, 0, 0)\" class=\"has-inline-color has-luminous-vivid-amber-color\">40<\/mark> &#8211; <mark style=\"background-color:rgba(0, 0, 0, 0)\" class=\"has-inline-color has-vivid-purple-color\">40<\/mark><\/h2>\n\n\n\n<hr class=\"wp-block-separator has-alpha-channel-opacity\"\/>\n\n\n\n<p><br><\/p>\n\n\n\n<ul class=\"wp-block-list\">\n<li><a href=\"https:\/\/ve2cuy.com\/index.php\/420-5d3-owasp-et-la-securite-web\/\" data-type=\"page\" data-id=\"194\">Juice Shop<\/a> (semaine 01 \u00e0 03) <strong><mark style=\"background-color:rgba(0, 0, 0, 0)\" class=\"has-inline-color has-vivid-red-color\">20 %<\/mark><\/strong><\/li>\n\n\n\n<li><a href=\"https:\/\/ve2cuy.com\/index.php\/2023\/10\/18\/420-5d3-carre-de-sable-du-projet\/\" data-type=\"post\" data-id=\"870\">Projet de session<\/a>: trois remises (semaine 8 \u00e0 14) <strong><mark style=\"background-color:rgba(0, 0, 0, 0)\" class=\"has-inline-color has-luminous-vivid-amber-color\">40 %<\/mark><\/strong> \n<ul class=\"wp-block-list\">\n<li>Sh\u00e9ma BD, Expression r\u00e9guli\u00e8re, hashing, certificat TLS, cl\u00e9s asym\u00e9triques : <mark style=\"background-color:rgba(0, 0, 0, 0)\" class=\"has-inline-color has-black-color\">15%<\/mark><\/li>\n\n\n\n<li>Vue, fonction, d\u00e9clencheur et proc\u00e9dure stock\u00e9e: <mark style=\"background-color:rgba(0, 0, 0, 0)\" class=\"has-inline-color has-black-color\">15%<\/mark><\/li>\n\n\n\n<li>Backup de la BD et testes de p\u00e9n\u00e9tration: <mark style=\"background-color:rgba(0, 0, 0, 0)\" class=\"has-inline-color has-black-color\">10%<\/mark><\/li>\n<\/ul>\n<\/li>\n\n\n\n<li><a href=\"https:\/\/ve2cuy.com\/index.php\/404-2\/\" data-type=\"page\" data-id=\"651\">Examen de fin de session<\/a>: sur les points saillants du projet (semaine 15) <strong><mark style=\"background-color:rgba(0, 0, 0, 0)\" class=\"has-inline-color has-vivid-purple-color\">40 %<\/mark><\/strong><\/li>\n<\/ul>\n\n\n\n<p><br><strong><mark style=\"background-color:rgba(0, 0, 0, 0)\" class=\"has-inline-color has-vivid-red-color\">NOTE<\/mark><\/strong>: Ce projet d&rsquo;\u00e9valuation a \u00e9t\u00e9 pr\u00e9sent\u00e9 en classe.<\/p>\n\n\n\n<hr class=\"wp-block-separator has-alpha-channel-opacity\"\/>\n\n\n\n<p><br><\/p>\n\n\n\n<figure class=\"wp-block-embed is-type-video is-provider-youtube wp-block-embed-youtube wp-embed-aspect-16-9 wp-has-aspect-ratio\"><div class=\"wp-block-embed__wrapper\">\n<iframe loading=\"lazy\" title=\"Have Yourself A Merry Little Christmas - Frank Sinatra (Christmas Cover) (ft. Von Smith)\" width=\"700\" height=\"394\" src=\"https:\/\/www.youtube.com\/embed\/BQEhRfIFv-U?feature=oembed\" frameborder=\"0\" allow=\"accelerometer; autoplay; clipboard-write; encrypted-media; gyroscope; picture-in-picture; web-share\" allowfullscreen><\/iframe>\n<\/div><\/figure>\n","protected":false},"excerpt":{"rendered":"<p>S\u00e9curit\u00e9 des donn\u00e9es &#8211; Projet d&rsquo;\u00e9valuation propos\u00e9 20 &#8211; 40 &#8211; 40 NOTE: Ce projet d&rsquo;\u00e9valuation a \u00e9t\u00e9 pr\u00e9sent\u00e9 en classe.<\/p>\n","protected":false},"author":1,"featured_media":0,"parent":0,"menu_order":0,"comment_status":"closed","ping_status":"closed","template":"","meta":{"footnotes":""},"class_list":["post-972","page","type-page","status-publish","hentry"],"_links":{"self":[{"href":"https:\/\/ve2cuy.com\/index.php\/wp-json\/wp\/v2\/pages\/972","targetHints":{"allow":["GET"]}}],"collection":[{"href":"https:\/\/ve2cuy.com\/index.php\/wp-json\/wp\/v2\/pages"}],"about":[{"href":"https:\/\/ve2cuy.com\/index.php\/wp-json\/wp\/v2\/types\/page"}],"author":[{"embeddable":true,"href":"https:\/\/ve2cuy.com\/index.php\/wp-json\/wp\/v2\/users\/1"}],"replies":[{"embeddable":true,"href":"https:\/\/ve2cuy.com\/index.php\/wp-json\/wp\/v2\/comments?post=972"}],"version-history":[{"count":25,"href":"https:\/\/ve2cuy.com\/index.php\/wp-json\/wp\/v2\/pages\/972\/revisions"}],"predecessor-version":[{"id":1032,"href":"https:\/\/ve2cuy.com\/index.php\/wp-json\/wp\/v2\/pages\/972\/revisions\/1032"}],"wp:attachment":[{"href":"https:\/\/ve2cuy.com\/index.php\/wp-json\/wp\/v2\/media?parent=972"}],"curies":[{"name":"wp","href":"https:\/\/api.w.org\/{rel}","templated":true}]}}