{"id":628,"date":"2023-09-28T17:55:19","date_gmt":"2023-09-28T21:55:19","guid":{"rendered":"https:\/\/ve2cuy.com\/?page_id=628"},"modified":"2024-09-18T10:08:33","modified_gmt":"2024-09-18T14:08:33","slug":"420-5d5-oracle-sid","status":"publish","type":"page","link":"https:\/\/ve2cuy.com\/index.php\/420-5d5-oracle-sid\/","title":{"rendered":"420-5D5 : Oracle SID"},"content":{"rendered":"\n<p>Le SID (System Identifier) Oracle est un composant cl\u00e9 dans l&rsquo;architecture d&rsquo;une base de donn\u00e9es Oracle. Il s&rsquo;agit d&rsquo;un identifiant unique qui permet de diff\u00e9rencier et d&rsquo;acc\u00e9der \u00e0 une instance sp\u00e9cifique de la base de donn\u00e9es Oracle sur un serveur. Chaque instance Oracle a son propre SID, ce qui permet \u00e0 plusieurs instances Oracle de coexister sur un m\u00eame serveur physique.<\/p>\n\n\n\n<p>Voici quelques points importants \u00e0 retenir sur le SID Oracle :<\/p>\n\n\n\n<ol class=\"wp-block-list\">\n<li>Identification de l&rsquo;instance : Le SID est utilis\u00e9 pour identifier de mani\u00e8re unique une instance Oracle sur un syst\u00e8me. Il permet aux utilisateurs et aux applications de se connecter \u00e0 une instance Oracle sp\u00e9cifique en utilisant cet identifiant.<\/li>\n\n\n\n<li>Syntaxe du SID : Le SID est g\u00e9n\u00e9ralement un nom alphanum\u00e9rique court (en g\u00e9n\u00e9ral, il est limit\u00e9 \u00e0 8 caract\u00e8res) et est insensible \u00e0 la casse. Par exemple, un SID Oracle pourrait \u00eatre \u00ab\u00a0ORCL\u00a0\u00bb ou \u00ab\u00a0PROD\u00a0\u00bb.<\/li>\n\n\n\n<li>Connexion \u00e0 l&rsquo;instance : Lorsqu&rsquo;un utilisateur souhaite se connecter \u00e0 une base de donn\u00e9es Oracle, il doit sp\u00e9cifier le SID dans la cha\u00eene de connexion. Par exemple, pour se connecter \u00e0 une base de donn\u00e9es avec le SID \u00ab\u00a0ORCL\u00a0\u00bb, la cha\u00eene de connexion serait \u00ab\u00a0username\/password@ORCL\u00a0\u00bb.<\/li>\n\n\n\n<li>Multiples instances : Sur un serveur Oracle, il est possible de configurer et d&rsquo;ex\u00e9cuter plusieurs instances Oracle distinctes, chacune ayant son propre SID. Cela permet d&rsquo;isoler diff\u00e9rentes bases de donn\u00e9es ou applications sur le m\u00eame serveur physique.<\/li>\n\n\n\n<li>Modification du SID : Il est possible de changer le SID d&rsquo;une instance Oracle, mais cela n\u00e9cessite g\u00e9n\u00e9ralement de prendre des pr\u00e9cautions particuli\u00e8res et peut avoir des implications sur la configuration et les connexions existantes.<\/li>\n<\/ol>\n\n\n\n<p>En r\u00e9sum\u00e9, le SID Oracle est un identifiant qui permet de diff\u00e9rencier et de se connecter \u00e0 une instance sp\u00e9cifique d&rsquo;une base de donn\u00e9es Oracle sur un serveur. Il est essentiel pour l&rsquo;administration et la gestion des bases de donn\u00e9es Oracle, en permettant aux utilisateurs et aux applications d&rsquo;acc\u00e9der \u00e0 la base de donn\u00e9es appropri\u00e9e.<\/p>\n","protected":false},"excerpt":{"rendered":"<p>Le SID (System Identifier) Oracle est un composant cl\u00e9 dans l&rsquo;architecture d&rsquo;une base de donn\u00e9es Oracle. Il s&rsquo;agit d&rsquo;un identifiant unique qui permet de diff\u00e9rencier et d&rsquo;acc\u00e9der \u00e0 une instance sp\u00e9cifique de la base de donn\u00e9es Oracle sur un serveur. Chaque instance Oracle a son propre SID, ce qui permet \u00e0 plusieurs instances Oracle de [&hellip;]<\/p>\n","protected":false},"author":1,"featured_media":0,"parent":0,"menu_order":0,"comment_status":"closed","ping_status":"closed","template":"","meta":{"footnotes":""},"class_list":["post-628","page","type-page","status-publish","hentry"],"_links":{"self":[{"href":"https:\/\/ve2cuy.com\/index.php\/wp-json\/wp\/v2\/pages\/628","targetHints":{"allow":["GET"]}}],"collection":[{"href":"https:\/\/ve2cuy.com\/index.php\/wp-json\/wp\/v2\/pages"}],"about":[{"href":"https:\/\/ve2cuy.com\/index.php\/wp-json\/wp\/v2\/types\/page"}],"author":[{"embeddable":true,"href":"https:\/\/ve2cuy.com\/index.php\/wp-json\/wp\/v2\/users\/1"}],"replies":[{"embeddable":true,"href":"https:\/\/ve2cuy.com\/index.php\/wp-json\/wp\/v2\/comments?post=628"}],"version-history":[{"count":1,"href":"https:\/\/ve2cuy.com\/index.php\/wp-json\/wp\/v2\/pages\/628\/revisions"}],"predecessor-version":[{"id":629,"href":"https:\/\/ve2cuy.com\/index.php\/wp-json\/wp\/v2\/pages\/628\/revisions\/629"}],"wp:attachment":[{"href":"https:\/\/ve2cuy.com\/index.php\/wp-json\/wp\/v2\/media?parent=628"}],"curies":[{"name":"wp","href":"https:\/\/api.w.org\/{rel}","templated":true}]}}