{"id":510,"date":"2023-09-27T12:22:21","date_gmt":"2023-09-27T16:22:21","guid":{"rendered":"https:\/\/ve2cuy.com\/?page_id=510"},"modified":"2024-09-18T10:05:50","modified_gmt":"2024-09-18T14:05:50","slug":"420-1c5-labo-gestion-des-droits-dacces-sous-windows","status":"publish","type":"page","link":"https:\/\/ve2cuy.com\/index.php\/420-1c5-labo-gestion-des-droits-dacces-sous-windows\/","title":{"rendered":"420-1C5 : Labo01 : Gestion des Droits d&rsquo;Acc\u00e8s sous Windows"},"content":{"rendered":"\n<hr class=\"wp-block-separator has-alpha-channel-opacity\"\/>\n\n\n\n<h2 class=\"wp-block-heading has-vivid-cyan-blue-color has-text-color\">Laboratoire 01<br>Gestion des Droits d&rsquo;Acc\u00e8s sous Windows 10<\/h2>\n\n\n\n<h2 class=\"wp-block-heading\">Objectif<\/h2>\n\n\n\n<p>Ce laboratoire a pour objectif de vous familiariser avec la gestion des droits d&rsquo;acc\u00e8s aux fichiers et dossiers sous Windows 10 en utilisant les objets Utilisateur et Groupe. Vous apprendrez \u00e0 attribuer des autorisations, \u00e0 cr\u00e9er des groupes personnalis\u00e9s, et \u00e0 g\u00e9rer efficacement les droits d&rsquo;acc\u00e8s.<\/p>\n\n\n\n<h2 class=\"wp-block-heading\">Pr\u00e9requis<\/h2>\n\n\n\n<ul class=\"wp-block-list\">\n<li>Une machine virtuelle roulant Windows 10 avec un compte administrateur.<\/li>\n\n\n\n<li>Des fichiers et dossiers de test pour effectuer des configurations.<\/li>\n<\/ul>\n\n\n\n<hr class=\"wp-block-separator has-alpha-channel-opacity\"\/>\n\n\n\n<h2 class=\"wp-block-heading\">\u00c9tapes du Laboratoire &#8211; Partie A<\/h2>\n\n\n\n<h3 class=\"wp-block-heading\">\u00c9tape 1 : Comprendre les Utilisateurs et Groupes Pr\u00e9d\u00e9finis<\/h3>\n\n\n\n<ol class=\"wp-block-list\">\n<li>Connectez-vous \u00e0 votre ordinateur sous Windows 10 en tant qu&rsquo;administrateur.<\/li>\n\n\n\n<li>En utilisant <strong>New-LocalUser<\/strong>, cr\u00e9ez l&rsquo;utilisateur &lsquo;<strong>labo01<\/strong>&lsquo; et ajoutez-le au groupe &lsquo;Utilisateurs&rsquo;.<\/li>\n\n\n\n<li>Ouvrez l&rsquo;Explorateur de fichiers et cr\u00e9ez un dossier vide appel\u00e9 \u00ab\u00a0<strong>Comp\u00e9tition<\/strong>\u00ab\u00a0.<\/li>\n\n\n\n<li>Cliquez avec le bouton droit sur le dossier \u00ab\u00a0<strong>Comp\u00e9tition<\/strong>\u00a0\u00bb et s\u00e9lectionnez \u00ab\u00a0<strong>Propri\u00e9t\u00e9s<\/strong>\u00ab\u00a0. Acc\u00e9dez \u00e0 l&rsquo;onglet \u00ab\u00a0<strong>S\u00e9curit\u00e9<\/strong>\u00ab\u00a0.<\/li>\n\n\n\n<li>Explorez les utilisateurs et groupes pr\u00e9d\u00e9finis tels que \u00ab\u00a0Administrateurs\u00a0\u00bb et \u00ab\u00a0Utilisateurs\u00a0\u00bb. Notez les autorisations accord\u00e9es \u00e0 chaque groupe.<\/li>\n<\/ol>\n\n\n<div class=\"wp-block-image\">\n<figure class=\"aligncenter size-full is-resized\"><img loading=\"lazy\" decoding=\"async\" src=\"http:\/\/ve2cuy.com\/wp-content\/uploads\/2023\/09\/Capture-decran-le-2023-09-27-a-17.24.32.png\" alt=\"\" class=\"wp-image-565\" style=\"width:432px;height:365px\" width=\"432\" height=\"365\"\/><\/figure>\n<\/div>\n\n\n<h3 class=\"wp-block-heading\">\u00c9tape 2 : Attribution des Autorisations<\/h3>\n\n\n\n<ol class=\"wp-block-list\">\n<li>Cr\u00e9ez un fichier texte vide \u00e0 l&rsquo;int\u00e9rieur du dossier \u00ab\u00a0<strong>Comp\u00e9tition<\/strong>\u00a0\u00bb et nommez-le \u00ab\u00a0<strong>Classement.json<\/strong>\u00ab\u00a0.<\/li>\n\n\n\n<li>Essayez d&rsquo;ouvrir le fichier \u00ab\u00a0<strong>Classement.json<\/strong>\u00a0\u00bb en tant qu&rsquo;utilisateur standard. Notez le r\u00e9sultat.<\/li>\n\n\n\n<li>Revenez \u00e0 l&rsquo;onglet \u00ab\u00a0<strong>S\u00e9curit\u00e9<\/strong>\u00a0\u00bb des propri\u00e9t\u00e9s du dossier \u00ab\u00a0<strong>Comp\u00e9tition<\/strong>\u00a0\u00bb et modifiez les autorisations pour <strong>retirer<\/strong> les droits d&rsquo;acc\u00e8s en lecture du groupe \u00ab\u00a0<strong>Authenticated Users<\/strong>\u00ab\u00a0. Vous pouvez le faire en s\u00e9lectionnant le groupe, puis en d\u00e9cochant la case \u00ab\u00a0Lire\u00a0\u00bb ou \u00ab\u00a0Read\u00a0\u00bb.<\/li>\n\n\n\n<li>Essayez \u00e0 nouveau d&rsquo;ouvrir le fichier \u00ab\u00a0<strong>Classement.json<\/strong>\u00a0\u00bb en tant qu&rsquo;utilisateur standard. Notez le r\u00e9sultat.<\/li>\n<\/ol>\n\n\n\n<h3 class=\"wp-block-heading\">\u00c9tape 3 : Cr\u00e9ation de Groupes Personnalis\u00e9s<\/h3>\n\n\n\n<ol class=\"wp-block-list\">\n<li>Cr\u00e9ez un nouveau groupe personnalis\u00e9 appel\u00e9 \u00ab\u00a0<strong>LaComp\u00e9tition<\/strong>\u00ab\u00a0.<\/li>\n\n\n\n<li>Ajoutez des utilisateurs \u00e0 ce groupe personnalis\u00e9. Assurez-vous d&rsquo;inclure au moins l&rsquo;utilisateur <strong>labo01<\/strong>.<\/li>\n\n\n\n<li>Attribuez des autorisations de <strong><mark style=\"background-color:rgba(0, 0, 0, 0)\" class=\"has-inline-color has-vivid-purple-color\">lecture<\/mark><\/strong> et d&rsquo;<strong><mark style=\"background-color:rgba(0, 0, 0, 0)\" class=\"has-inline-color has-vivid-purple-color\">\u00e9criture<\/mark><\/strong> au groupe \u00ab\u00a0<strong>LaComp\u00e9tition<\/strong>\u00a0\u00bb pour le dossier \u00ab\u00a0<strong>Comp\u00e9tition<\/strong>\u00a0\u00bb et \u00e0 personne d&rsquo;autre.<\/li>\n<\/ol>\n\n\n\n<h3 class=\"wp-block-heading\">\u00c9tape 4 : V\u00e9rification des Autorisations<\/h3>\n\n\n\n<ol class=\"wp-block-list\">\n<li>Connectez-vous en tant qu&rsquo;utilisateur standard faisant partie du groupe \u00ab\u00a0<strong>LaComp\u00e9tition<\/strong>\u00ab\u00a0.<\/li>\n\n\n\n<li>Essayez d&rsquo;ouvrir et de modifier le fichier \u00ab\u00a0<strong>Classement.json<\/strong>\u00ab\u00a0. Notez si les autorisations sont correctement appliqu\u00e9es.<\/li>\n<\/ol>\n\n\n\n<h3 class=\"wp-block-heading\">\u00c9tape 5 : H\u00e9ritage des Autorisations<\/h3>\n\n\n\n<ol class=\"wp-block-list\">\n<li>Cr\u00e9ez un sous-dossier \u00e0 l&rsquo;int\u00e9rieur du dossier \u00ab\u00a0<strong>LaComp\u00e9tition<\/strong>\u00a0\u00bb et nommez-le \u00ab\u00a0<strong>SousDossier<\/strong>\u00ab\u00a0.<\/li>\n\n\n\n<li>V\u00e9rifiez les autorisations du sous-dossier \u00ab\u00a0<strong>SousDossier<\/strong>\u00a0\u00bb et notez si elles sont h\u00e9rit\u00e9es du dossier parent.<\/li>\n\n\n\n<li>D\u00e9sactivez l&rsquo;h\u00e9ritage des autorisations pour le sous-dossier \u00ab\u00a0<strong>SousDossier<\/strong>\u00a0\u00bb et modifiez les autorisations de mani\u00e8re \u00e0 ce qu&rsquo;elles soient diff\u00e9rentes de celles du dossier parent. Par exemple, retirez le droit d&rsquo;\u00e9criture au groupe \u00ab\u00a0<strong>LaComp\u00e9tition<\/strong>\u00ab\u00a0<\/li>\n<\/ol>\n\n\n\n<hr class=\"wp-block-separator has-alpha-channel-opacity\"\/>\n\n\n\n<h2 class=\"wp-block-heading\">Laboratoire &#8211; Partie 2<\/h2>\n\n\n\n<p><strong><mark style=\"background-color:rgba(0, 0, 0, 0)\" class=\"has-inline-color has-vivid-red-color\">NOTE<\/mark><\/strong>: Il faut r\u00e9aliser cette partie avec <strong><mark style=\"background-color:rgba(0, 0, 0, 0)\" class=\"has-inline-color has-vivid-purple-color\">PowerShell\/Admin<\/mark><\/strong><\/p>\n\n\n\n<p>\u00c0 faire:<\/p>\n\n\n\n<ul class=\"wp-block-list\">\n<li>Cr\u00e9er l&rsquo;utilisateur &lsquo;<strong>PowerPlayer<\/strong>&lsquo; et l&rsquo;inscrire au groupe &lsquo;<strong>Utilisateurs<\/strong>&lsquo;<\/li>\n\n\n\n<li>Ajouter \u00e0 &lsquo;<strong>PowerPlayer<\/strong>&lsquo; les acc\u00e8s suivants au dossier &lsquo;<strong>LaComp\u00e9tition<\/strong>&lsquo;\n<ul class=\"wp-block-list\">\n<li><strong>Read Permissions<\/strong><\/li>\n\n\n\n<li><strong>Take Ownership<\/strong><\/li>\n<\/ul>\n<\/li>\n\n\n\n<li>Ajouter  \u00e0 &lsquo;<strong>PowerPlayer<\/strong>&lsquo; les acc\u00e8s n\u00e9cessaires au fichier &lsquo;<strong>Classement.json<\/strong>&lsquo; pour qu&rsquo;il puisse le modifier et l&rsquo;enregistrer.<\/li>\n\n\n\n<li>Ouvrir une session avec l&rsquo;utilisateur  &lsquo;<strong>PowerPlayer<\/strong>&lsquo; et ajouter le texte suivant dans le fichier &lsquo;<strong>Classement.json&rsquo;<\/strong>:\n<ul class=\"wp-block-list\">\n<li><mark style=\"background-color:rgba(0, 0, 0, 0)\" class=\"has-inline-color has-vivid-purple-color\">PowerPlayer            1000000<\/mark><\/li>\n<\/ul>\n<\/li>\n\n\n\n<li>Retirer \u00e0 &lsquo;<strong>PowerPlayer<\/strong>&lsquo; la possibilit\u00e9 de modifier le fichier &lsquo;<strong>Classement.json<\/strong>&lsquo;.<\/li>\n\n\n\n<li>Ouvrir une session avec l&rsquo;utilisateur  &lsquo;<strong>PowerPlayer<\/strong>&lsquo; et modifier\/sauvegader le fichier &lsquo;<strong>Classement.json<\/strong>&lsquo;.<\/li>\n\n\n\n<li>Cr\u00e9er un dossier &lsquo;<strong>C:\\Competition-2023<\/strong>&lsquo;<\/li>\n\n\n\n<li>Accorder au groupe &lsquo;<strong>LaComp\u00e9tition<\/strong>&lsquo; un acc\u00e8s complet au dossier &lsquo;<strong>C:\\Competition-2023<\/strong>&lsquo;<\/li>\n\n\n\n<li>Ouvrir une session avec l&rsquo;utilisateur &lsquo;<strong>Labo01<\/strong>&lsquo; et cr\u00e9er un fichier nomm\u00e9 &lsquo;<strong>secret.txt<\/strong>&lsquo; dans le dossier &lsquo;<strong>C:\\Competition-2023<\/strong>&lsquo; avec comme contenu \u00ab\u00a0<strong>Va jouer ailleurs!!!<\/strong>\u00ab\u00a0.<\/li>\n\n\n\n<li>Toujours sous &lsquo;<strong>Labo01<\/strong>&lsquo;, accorder un acc\u00e8s en lecture \u00e0 &lsquo;<strong>PowerPlayer<\/strong>&lsquo; au fichier &lsquo;<strong>secret.txt<\/strong>&lsquo;<\/li>\n\n\n\n<li>Ouvrir une session avec l&rsquo;utilisateur  &lsquo;<strong>PowerPlayer<\/strong>&lsquo; et afficher le contenu du fichier &lsquo;s<strong>ecret.txt<\/strong>&lsquo;.<\/li>\n<\/ul>\n\n\n\n<hr class=\"wp-block-separator has-alpha-channel-opacity\"\/>\n\n\n\n<h2 class=\"wp-block-heading\">Conclusion<\/h2>\n\n\n\n<p>Ce laboratoire vous a permis de comprendre les concepts fondamentaux de la gestion des droits d&rsquo;acc\u00e8s aux fichiers et dossiers sous Windows 10 en utilisant les objets Utilisateur et Groupe. Vous avez appris \u00e0 attribuer des autorisations, \u00e0 cr\u00e9er des groupes personnalis\u00e9s et \u00e0 g\u00e9rer efficacement les droits d&rsquo;acc\u00e8s. Ces comp\u00e9tences sont essentielles pour s\u00e9curiser les donn\u00e9es et les ressources dans un environnement Windows 10.<\/p>\n\n\n\n<hr class=\"wp-block-separator has-alpha-channel-opacity\"\/>\n","protected":false},"excerpt":{"rendered":"<p>Laboratoire 01Gestion des Droits d&rsquo;Acc\u00e8s sous Windows 10 Objectif Ce laboratoire a pour objectif de vous familiariser avec la gestion des droits d&rsquo;acc\u00e8s aux fichiers et dossiers sous Windows 10 en utilisant les objets Utilisateur et Groupe. Vous apprendrez \u00e0 attribuer des autorisations, \u00e0 cr\u00e9er des groupes personnalis\u00e9s, et \u00e0 g\u00e9rer efficacement les droits d&rsquo;acc\u00e8s. [&hellip;]<\/p>\n","protected":false},"author":1,"featured_media":0,"parent":0,"menu_order":0,"comment_status":"closed","ping_status":"closed","template":"","meta":{"footnotes":""},"class_list":["post-510","page","type-page","status-publish","hentry"],"_links":{"self":[{"href":"https:\/\/ve2cuy.com\/index.php\/wp-json\/wp\/v2\/pages\/510","targetHints":{"allow":["GET"]}}],"collection":[{"href":"https:\/\/ve2cuy.com\/index.php\/wp-json\/wp\/v2\/pages"}],"about":[{"href":"https:\/\/ve2cuy.com\/index.php\/wp-json\/wp\/v2\/types\/page"}],"author":[{"embeddable":true,"href":"https:\/\/ve2cuy.com\/index.php\/wp-json\/wp\/v2\/users\/1"}],"replies":[{"embeddable":true,"href":"https:\/\/ve2cuy.com\/index.php\/wp-json\/wp\/v2\/comments?post=510"}],"version-history":[{"count":11,"href":"https:\/\/ve2cuy.com\/index.php\/wp-json\/wp\/v2\/pages\/510\/revisions"}],"predecessor-version":[{"id":1040,"href":"https:\/\/ve2cuy.com\/index.php\/wp-json\/wp\/v2\/pages\/510\/revisions\/1040"}],"wp:attachment":[{"href":"https:\/\/ve2cuy.com\/index.php\/wp-json\/wp\/v2\/media?parent=510"}],"curies":[{"name":"wp","href":"https:\/\/api.w.org\/{rel}","templated":true}]}}