{"id":300,"date":"2023-09-18T09:51:49","date_gmt":"2023-09-18T13:51:49","guid":{"rendered":"https:\/\/ve2cuy.com\/?page_id=300"},"modified":"2024-09-18T10:05:43","modified_gmt":"2024-09-18T14:05:43","slug":"420-1c5-labo-installation-de-windows","status":"publish","type":"page","link":"https:\/\/ve2cuy.com\/index.php\/420-1c5-labo-installation-de-windows\/","title":{"rendered":"420-1C5 : Labo &#8211; Installation de Windows"},"content":{"rendered":"<div class=\"wp-block-image\">\n<figure class=\"aligncenter size-full is-resized\"><img loading=\"lazy\" decoding=\"async\" src=\"https:\/\/ve2cuy.com\/wp-content\/uploads\/2023\/09\/Capture-decran-le-2023-09-18-a-09.34.09.png\" alt=\"\" class=\"wp-image-301\" style=\"width:394px;height:270px\" width=\"394\" height=\"270\" srcset=\"https:\/\/ve2cuy.com\/wp-content\/uploads\/2023\/09\/Capture-decran-le-2023-09-18-a-09.34.09.png 998w, https:\/\/ve2cuy.com\/wp-content\/uploads\/2023\/09\/Capture-decran-le-2023-09-18-a-09.34.09-300x206.png 300w, https:\/\/ve2cuy.com\/wp-content\/uploads\/2023\/09\/Capture-decran-le-2023-09-18-a-09.34.09-768x526.png 768w\" sizes=\"auto, (max-width: 394px) 100vw, 394px\" \/><\/figure>\n<\/div>\n\n\n<hr class=\"wp-block-separator has-alpha-channel-opacity\"\/>\n\n\n\n<h2 class=\"wp-block-heading\">Laboratoire: Installation de Windows dans une VM<\/h2>\n\n\n\n<hr class=\"wp-block-separator has-alpha-channel-opacity\"\/>\n\n\n\n<h2 class=\"wp-block-heading has-luminous-vivid-orange-color has-text-color\">Directives<\/h2>\n\n\n\n<p><strong>1 &#8211;<\/strong> \u00c0 partir d&rsquo;une machine virtuelle, dans <strong><mark style=\"background-color:rgba(0, 0, 0, 0)\" class=\"has-inline-color has-vivid-cyan-blue-color\">virtualbox<\/mark><\/strong>, avec les sp\u00e9cifications suivantes:<\/p>\n\n\n\n<ul class=\"wp-block-list\">\n<li>2 CPU (microprocesseur).<\/li>\n\n\n\n<li>6 GO de m\u00e9moire vive.<\/li>\n\n\n\n<li>Un disque dur de 150 GO (format vdi).<\/li>\n\n\n\n<li>En d\u00e9sactivant l&rsquo;installation automatique.<\/li>\n\n\n\n<li>Avec le disque d&rsquo;installation de Windows 10 ins\u00e9r\u00e9 dans le lecteur de CDROM de la VM.<\/li>\n<\/ul>\n\n\n\n<p><strong>2 &#8211;<\/strong> Installer Windows 10 en impl\u00e9mentant les param\u00e8tres suivants:<\/p>\n\n\n\n<ul class=\"wp-block-list\">\n<li>Utiliser<strong><mark style=\"background-color:rgba(0, 0, 0, 0)\" class=\"has-inline-color has-vivid-red-color\"> seulement 75GO<\/mark><\/strong> du disque de la VM lors de l&rsquo;installation initiale.<\/li>\n\n\n\n<li>Choisir la version <strong><mark style=\"background-color:rgba(0, 0, 0, 0)\" class=\"has-inline-color has-vivid-cyan-blue-color\">professionnelle<\/mark><\/strong> de Windows.<\/li>\n\n\n\n<li>Identifier le compte d&rsquo;installation par &lsquo;<strong><mark style=\"background-color:rgba(0, 0, 0, 0)\" class=\"has-inline-color has-vivid-purple-color\">Labowin<\/mark><\/strong>&lsquo; avec le mot de passe &lsquo;<strong><mark style=\"background-color:rgba(0, 0, 0, 0)\" class=\"has-inline-color has-vivid-purple-color\">secret<\/mark><\/strong>&lsquo;.<\/li>\n\n\n\n<li>Effectuer toutes les \u00e9tapes d&rsquo;installation.<\/li>\n<\/ul>\n\n\n\n<p><strong>3 &#8211;<\/strong> Lorsque l&rsquo;installation sera termin\u00e9e,<\/p>\n\n\n\n<ul class=\"wp-block-list\">\n<li>Utiliser l&rsquo;<strong><mark style=\"background-color:rgba(0, 0, 0, 0)\" class=\"has-inline-color has-vivid-cyan-blue-color\">application de gestion des disques de Windows<\/mark><\/strong> pour ajouter deux nouveaux disques:\n<ul class=\"wp-block-list\">\n<li>Un lecteur F: de 25GO,<\/li>\n\n\n\n<li>Un lecteur Z: de 50GO.<\/li>\n<\/ul>\n<\/li>\n\n\n\n<li>Localiser, dans Internet, l&rsquo;application <strong><mark style=\"background-color:rgba(0, 0, 0, 0)\" class=\"has-inline-color has-vivid-cyan-blue-color\">Visual Code<\/mark><\/strong> et l&rsquo;installer dans la VM.<\/li>\n<\/ul>\n\n\n\n<hr class=\"wp-block-separator has-alpha-channel-opacity\"\/>\n\n\n\n<h2 class=\"wp-block-heading has-vivid-green-cyan-color has-text-color\">4 &#8211; D\u00e9fi suppl\u00e9mentaire facultatif<\/h2>\n\n\n\n<p><strong>Localiser<\/strong>, dans le r\u00e9seau Internet, le <strong><mark style=\"background-color:rgba(0, 0, 0, 0)\" class=\"has-inline-color has-vivid-purple-color\">fichier ISO d&rsquo;installation de Windows 11<\/mark><\/strong> et utiliser cette version \u00e0 l&rsquo;\u00e9tape 2 au lieu de Windows 10.<\/p>\n\n\n\n<hr class=\"wp-block-separator has-alpha-channel-opacity\"\/>\n\n\n\n<h2 class=\"wp-block-heading has-luminous-vivid-orange-color has-text-color\">Fin du laboratoire <\/h2>\n","protected":false},"excerpt":{"rendered":"<p>Laboratoire: Installation de Windows dans une VM Directives 1 &#8211; \u00c0 partir d&rsquo;une machine virtuelle, dans virtualbox, avec les sp\u00e9cifications suivantes: 2 &#8211; Installer Windows 10 en impl\u00e9mentant les param\u00e8tres suivants: 3 &#8211; Lorsque l&rsquo;installation sera termin\u00e9e, 4 &#8211; D\u00e9fi suppl\u00e9mentaire facultatif Localiser, dans le r\u00e9seau Internet, le fichier ISO d&rsquo;installation de Windows 11 et [&hellip;]<\/p>\n","protected":false},"author":1,"featured_media":0,"parent":0,"menu_order":0,"comment_status":"closed","ping_status":"closed","template":"","meta":{"footnotes":""},"class_list":["post-300","page","type-page","status-publish","hentry"],"_links":{"self":[{"href":"https:\/\/ve2cuy.com\/index.php\/wp-json\/wp\/v2\/pages\/300","targetHints":{"allow":["GET"]}}],"collection":[{"href":"https:\/\/ve2cuy.com\/index.php\/wp-json\/wp\/v2\/pages"}],"about":[{"href":"https:\/\/ve2cuy.com\/index.php\/wp-json\/wp\/v2\/types\/page"}],"author":[{"embeddable":true,"href":"https:\/\/ve2cuy.com\/index.php\/wp-json\/wp\/v2\/users\/1"}],"replies":[{"embeddable":true,"href":"https:\/\/ve2cuy.com\/index.php\/wp-json\/wp\/v2\/comments?post=300"}],"version-history":[{"count":7,"href":"https:\/\/ve2cuy.com\/index.php\/wp-json\/wp\/v2\/pages\/300\/revisions"}],"predecessor-version":[{"id":1039,"href":"https:\/\/ve2cuy.com\/index.php\/wp-json\/wp\/v2\/pages\/300\/revisions\/1039"}],"wp:attachment":[{"href":"https:\/\/ve2cuy.com\/index.php\/wp-json\/wp\/v2\/media?parent=300"}],"curies":[{"name":"wp","href":"https:\/\/api.w.org\/{rel}","templated":true}]}}