{"id":1633,"date":"2021-09-09T13:34:44","date_gmt":"2021-09-09T12:34:44","guid":{"rendered":"http:\/\/ve2cuy.com\/420-3c3\/?page_id=1633"},"modified":"2024-03-18T16:44:13","modified_gmt":"2024-03-18T15:44:13","slug":"laboratoire-s3-apache","status":"publish","type":"page","link":"https:\/\/ve2cuy.com\/420-3c3\/?page_id=1633","title":{"rendered":"Laboratoire S3 &#8211; Apache"},"content":{"rendered":"\n<ol><li>Au besoin, installer virtualbox\u00a0<\/li><li>Dans virtuelBox, installer deux VM Ubuntu server:<ol><li>21.04 &#8211; <strong>srv01<\/strong>, avec un r\u00e9seau de type bridge (pont) et un disque de 20go.<\/li><li>20.04 &#8211; <strong>srv02<\/strong>, avec un r\u00e9seau de type bridge (pont) et un disque de 18go.<ul><li>Au besoin, T\u00e9l\u00e9charger le fichier ISO du site d&rsquo;Ubuntu.<\/li><\/ul><\/li><\/ol><\/li><li>Renseigner le DNS dans Windows: ip-vm1. <strong><span class=\"has-inline-color has-vivid-purple-color\">srv01.j<\/span><\/strong>, ip-vm2 <strong><span class=\"has-inline-color has-vivid-purple-color\">srv02.j<\/span><\/strong>.<\/li><li>Tester les noms de domaine de l&rsquo;\u00e9tape 3 avec la commande <strong><em>ping<\/em><\/strong> \u00e0 partir d&rsquo;un terminal Git Bash.<\/li><li>Effectuer la Mise \u00e0 jour des packages sur les deux serveurs.<\/li><li>Installer <strong>apache2<\/strong> sur <strong>srv01<\/strong>.<\/li><li>Installer <strong>nginx<\/strong> sur <strong>srv02<\/strong>.<\/li><li>Installer <strong>mc<\/strong> sur <strong>srv02<\/strong><\/li><li>Cr\u00e9er un compte \u00b4<strong>gestion<\/strong> \u00b4 sur <strong>srv02<\/strong>, <\/li><li>Ajouter le compte &lsquo;<strong>gestion<\/strong>&lsquo; au groupe des <strong>sudoers<\/strong><\/li><li>Lancer <strong>mc<\/strong> automatiquement au login du compte &lsquo;<strong>gestion<\/strong>&lsquo;.<\/li><li>Installer le cheatsheet de bootstrap sur <strong>srv01<\/strong><\/li><li>Ajuster les droits d\u2019acc\u00e8s pour interdire tout acc\u00e8s \u00e0 <strong>other<\/strong> dans le rep home des deux serveurs web.<\/li><li>Remplacer la page d\u2019accueil web de <strong>srv02<\/strong> par une page qui souhaite la bienvenue sur le site de la cie ABC avec votre nom sur la ligne num\u00e9ro deux.<\/li><li>Tester les deux serveurs web en utilisant leur nom de domaine.<\/li><li>Tester le site web de <strong>srv02<\/strong> de votre voisin.<\/li><\/ol>\n","protected":false},"excerpt":{"rendered":"<p>Au besoin, installer virtualbox\u00a0 Dans virtuelBox, installer deux VM Ubuntu server: 21.04 &#8211; srv01, avec un r\u00e9seau de type bridge (pont) et un disque de 20go. 20.04 &#8211; srv02, avec un r\u00e9seau de type bridge (pont) et un disque de 18go. Au besoin, T\u00e9l\u00e9charger le fichier ISO du site d&rsquo;Ubuntu. Renseigner le DNS dans Windows: [&hellip;]<\/p>\n","protected":false},"author":1,"featured_media":0,"parent":0,"menu_order":0,"comment_status":"closed","ping_status":"closed","template":"","meta":{"_bbp_topic_count":0,"_bbp_reply_count":0,"_bbp_total_topic_count":0,"_bbp_total_reply_count":0,"_bbp_voice_count":0,"_bbp_anonymous_reply_count":0,"_bbp_topic_count_hidden":0,"_bbp_reply_count_hidden":0,"_bbp_forum_subforum_count":0,"footnotes":""},"_links":{"self":[{"href":"https:\/\/ve2cuy.com\/420-3c3\/index.php?rest_route=\/wp\/v2\/pages\/1633"}],"collection":[{"href":"https:\/\/ve2cuy.com\/420-3c3\/index.php?rest_route=\/wp\/v2\/pages"}],"about":[{"href":"https:\/\/ve2cuy.com\/420-3c3\/index.php?rest_route=\/wp\/v2\/types\/page"}],"author":[{"embeddable":true,"href":"https:\/\/ve2cuy.com\/420-3c3\/index.php?rest_route=\/wp\/v2\/users\/1"}],"replies":[{"embeddable":true,"href":"https:\/\/ve2cuy.com\/420-3c3\/index.php?rest_route=%2Fwp%2Fv2%2Fcomments&post=1633"}],"version-history":[{"count":5,"href":"https:\/\/ve2cuy.com\/420-3c3\/index.php?rest_route=\/wp\/v2\/pages\/1633\/revisions"}],"predecessor-version":[{"id":1640,"href":"https:\/\/ve2cuy.com\/420-3c3\/index.php?rest_route=\/wp\/v2\/pages\/1633\/revisions\/1640"}],"wp:attachment":[{"href":"https:\/\/ve2cuy.com\/420-3c3\/index.php?rest_route=%2Fwp%2Fv2%2Fmedia&parent=1633"}],"curies":[{"name":"wp","href":"https:\/\/api.w.org\/{rel}","templated":true}]}}