{"id":1512,"date":"2024-08-21T13:37:55","date_gmt":"2024-08-21T12:37:55","guid":{"rendered":"http:\/\/ve2cuy.com\/420-3c3\/?page_id=1512"},"modified":"2024-11-28T13:59:04","modified_gmt":"2024-11-28T12:59:04","slug":"documents-de-cours","status":"publish","type":"page","link":"https:\/\/ve2cuy.com\/420-3c3\/","title":{"rendered":"Documents de cours"},"content":{"rendered":"\n<ol>\n<li><strong><a href=\"http:\/\/ve2cuy.com\/420-3c3\/wp-content\/uploads\/2024\/08\/420-3C3-JR_ab_pc_A24.pdf\">Plan de cours<\/a><\/strong><\/li>\n\n\n\n<li><a href=\"http:\/\/ve2cuy.com\/420-3c3\/?page_id=259\" data-type=\"page\" data-id=\"259\">Concepts de virtualisation : N1\/N2<\/a>, <a href=\"https:\/\/ve2cuy.com\/420-3c3\/?page_id=2027\" data-type=\"page\" data-id=\"2027\">Installation d&rsquo;Ubuntu Serveur<\/a><\/li>\n\n\n\n<li><a href=\"https:\/\/ve2cuy.com\/420-3c3\/?page_id=2191\" data-type=\"page\" data-id=\"2191\">Retour sur les commandes de base de Linux<\/a><\/li>\n\n\n\n<li><a href=\"https:\/\/ve2cuy.com\/420-3c3\/?page_id=2214\" data-type=\"page\" data-id=\"2214\">Apache2<\/a><\/li>\n\n\n\n<li><a href=\"http:\/\/ve2cuy.com\/420-3c3\/?page_id=1633\" data-type=\"page\" data-id=\"1633\">* Laboratoire S3 &#8211; Apache<\/a><\/li>\n\n\n\n<li><a href=\"http:\/\/ve2cuy.com\/420-3c3\/?page_id=871\" data-type=\"page\" data-id=\"871\">Installation et configuration d&rsquo;une pile AMP<\/a><\/li>\n\n\n\n<li><span style=\"background-color:rgba(0, 0, 0, 0)\" class=\"has-inline-color has-cyan-bluish-gray-color\"><a href=\"https:\/\/doc.ubuntu-fr.org\/ufw#:~:text=UFW%20est%20un%20nouvel%20outil,de%20programmes%20en%20ayant%20besoin.\">Mise en place et configuration de <strong>ufw<\/strong> (Uncomplicated FireWall)<\/a><\/span><\/li>\n\n\n\n<li><a href=\"http:\/\/ve2cuy.com\/420-3c3\/?page_id=926\" data-type=\"page\" data-id=\"926\">Installation et configuration de WordPress<\/a><\/li>\n\n\n\n<li><a href=\"http:\/\/ve2cuy.com\/420-3c3\/?page_id=1663\" data-type=\"page\" data-id=\"1663\">Apache 2 &#8211; H\u00f4tes virtuels<\/a><\/li>\n\n\n\n<li><strong><mark style=\"background-color:rgba(0, 0, 0, 0)\" class=\"has-inline-color has-vivid-red-color\"><a href=\"https:\/\/ve2cuy.com\/420-3c3\/?page_id=2391\" data-type=\"page\" data-id=\"2391\">Projet num\u00e9ro 1 &#8211; 30%<\/a><\/mark><\/strong><\/li>\n\n\n\n<li><span style=\"background-color:rgba(0, 0, 0, 0)\" class=\"has-inline-color has-cyan-bluish-gray-color\"><a href=\"http:\/\/ve2cuy.com\/420-21e\/index.php\/installation-dun-certificat-signe-sur-un-hote-virtuel-apache2\/\">Installation d&rsquo;un certificat sign\u00e9 sur un h\u00f4te virtuel (<strong>certbot<\/strong>)<\/a><\/span><\/li>\n\n\n\n<li><span style=\"background-color:rgba(0, 0, 0, 0)\" class=\"has-inline-color has-cyan-bluish-gray-color\"><a href=\"#\">* Installation d&rsquo;un certificat auto-sign\u00e9 (pour une application web locale)<\/a><\/span><\/li>\n\n\n\n<li><span style=\"background-color:rgba(0, 0, 0, 0)\" class=\"has-inline-color has-cyan-bluish-gray-color\"><a href=\"#\">* Strat\u00e9gies de s\u00e9curit\u00e9s des serveurs Web (fail2ban, <strong>Lynis<\/strong>, kali Linux, Kasm via Docker)<\/a><\/span><\/li>\n\n\n\n<li><a href=\"http:\/\/ve2cuy.com\/420-3c3\/?page_id=1720\" data-type=\"page\" data-id=\"1720\">Sauvegarde et restauration d&rsquo;un site WordPress<\/a> (Staging)<\/li>\n\n\n\n<li><a href=\"http:\/\/ve2cuy.com\/420-3c3\/?page_id=1516\">ESXi<\/a> &#8211; Installation<\/li>\n\n\n\n<li><a href=\"http:\/\/ve2cuy.com\/420-3c3\/?page_id=1717\" data-type=\"page\" data-id=\"1717\">Serveurs d&rsquo;entreprises<\/a><\/li>\n\n\n\n<li><a href=\"http:\/\/ve2cuy.com\/420-3c3\/?page_id=1707\">Vagrant &#8211; Automatisation de la cr\u00e9ation de VMs<\/a><\/li>\n\n\n\n<li><a href=\"http:\/\/ve2cuy.com\/420-3c3\/?page_id=1492\">ssh<\/a>, cl\u00e9s (private\/public) et fichier &lsquo;config&rsquo;<\/li>\n\n\n\n<li><a href=\"https:\/\/ve2cuy.com\/420-3c3\/?page_id=2511\" data-type=\"page\" data-id=\"2511\">NFS &#8211; Installation et utilisation<\/a><\/li>\n\n\n\n<li><a href=\"http:\/\/ve2cuy.com\/420-3c3\/?page_id=1361\" data-type=\"page\" data-id=\"1361\">* Mise en place du protocole SMB<\/a><\/li>\n\n\n\n<li><a href=\"https:\/\/ve2cuy.com\/420-3c3\/?page_id=1460\" data-type=\"page\" data-id=\"1460\">Installation d&rsquo;un serveur ftp<\/a> (vsftpd, firewall, FileZilla)<\/li>\n\n\n\n<li><strong><mark style=\"background-color:rgba(0, 0, 0, 0)\" class=\"has-inline-color has-vivid-red-color\">Projet num\u00e9ro 2 &#8211; <a href=\"https:\/\/ve2cuy.com\/420-3c3\/?page_id=2531\" data-type=\"page\" data-id=\"2531\">\u00c9preuve synth\u00e8se 2024<\/a> <\/mark><\/strong><\/li>\n\n\n\n<li><a href=\"http:\/\/ve2cuy.com\/420-3c3\/?page_id=1651\" data-type=\"page\" data-id=\"1651\">* Ansible &#8211; Introduction<\/a><\/li>\n\n\n\n<li><span style=\"background-color:rgba(0, 0, 0, 0)\" class=\"has-inline-color has-cyan-bluish-gray-color\"><a href=\"https:\/\/4204d4.ve2cuy.com\/docker-introduction\/\">D\u00e9monstration d&rsquo;un application en micro-services (Introduction \u00e0 Docker)<\/a><\/span><\/li>\n<\/ol>\n\n\n\n<h6 class=\"wp-block-heading\">* Contenu facultatif<\/h6>\n\n\n\n<hr class=\"wp-block-separator has-css-opacity\"\/>\n\n\n\n<p class=\"has-text-align-right\">Version du document: 2024.08.21<\/p>\n","protected":false},"excerpt":{"rendered":"<p>* Contenu facultatif Version du document: 2024.08.21<\/p>\n","protected":false},"author":1,"featured_media":0,"parent":0,"menu_order":0,"comment_status":"closed","ping_status":"closed","template":"","meta":{"_bbp_topic_count":0,"_bbp_reply_count":0,"_bbp_total_topic_count":0,"_bbp_total_reply_count":0,"_bbp_voice_count":0,"_bbp_anonymous_reply_count":0,"_bbp_topic_count_hidden":0,"_bbp_reply_count_hidden":0,"_bbp_forum_subforum_count":0,"footnotes":""},"_links":{"self":[{"href":"https:\/\/ve2cuy.com\/420-3c3\/index.php?rest_route=\/wp\/v2\/pages\/1512"}],"collection":[{"href":"https:\/\/ve2cuy.com\/420-3c3\/index.php?rest_route=\/wp\/v2\/pages"}],"about":[{"href":"https:\/\/ve2cuy.com\/420-3c3\/index.php?rest_route=\/wp\/v2\/types\/page"}],"author":[{"embeddable":true,"href":"https:\/\/ve2cuy.com\/420-3c3\/index.php?rest_route=\/wp\/v2\/users\/1"}],"replies":[{"embeddable":true,"href":"https:\/\/ve2cuy.com\/420-3c3\/index.php?rest_route=%2Fwp%2Fv2%2Fcomments&post=1512"}],"version-history":[{"count":53,"href":"https:\/\/ve2cuy.com\/420-3c3\/index.php?rest_route=\/wp\/v2\/pages\/1512\/revisions"}],"predecessor-version":[{"id":2719,"href":"https:\/\/ve2cuy.com\/420-3c3\/index.php?rest_route=\/wp\/v2\/pages\/1512\/revisions\/2719"}],"wp:attachment":[{"href":"https:\/\/ve2cuy.com\/420-3c3\/index.php?rest_route=%2Fwp%2Fv2%2Fmedia&parent=1512"}],"curies":[{"name":"wp","href":"https:\/\/api.w.org\/{rel}","templated":true}]}}