{"id":926,"date":"2022-03-28T19:20:38","date_gmt":"2022-03-28T19:20:38","guid":{"rendered":"http:\/\/prof-tim.cstj.qc.ca\/cours\/assemblage\/wp\/?page_id=926"},"modified":"2024-03-18T15:36:45","modified_gmt":"2024-03-18T15:36:45","slug":"installer-wordpress","status":"publish","type":"page","link":"https:\/\/ve2cuy.com\/420-21e\/index.php\/installer-wordpress\/","title":{"rendered":"Installer WordPress"},"content":{"rendered":"<h1>Contenu<\/h1>\n<p><a href=\"http:\/\/prof-tim.cstj.qc.ca\/cours\/assemblage\/wp\/page-d-exemple\/wp\/\" rel=\"attachment wp-att-178\"><img loading=\"lazy\" decoding=\"async\" class=\"alignleft wp-image-178\" src=\"http:\/\/ve2cuy.com\/420-21e\/wp-content\/uploads\/2017\/11\/wp.png\" alt=\"\" width=\"258\" height=\"258\" srcset=\"https:\/\/ve2cuy.com\/420-21e\/wp-content\/uploads\/2017\/11\/wp.png 500w, https:\/\/ve2cuy.com\/420-21e\/wp-content\/uploads\/2017\/11\/wp-300x300.png 300w, https:\/\/ve2cuy.com\/420-21e\/wp-content\/uploads\/2017\/11\/wp-150x150.png 150w\" sizes=\"auto, (max-width: 258px) 100vw, 258px\" \/><\/a><\/p>\n<ul>\n<li><span style=\"color: #800000;\">Installer WordPress sur un serveur LAMP.<\/span><\/li>\n<li><span style=\"color: #ff0000;\">Installer les modules php requis.<\/span><\/li>\n<li><span style=\"color: #ff00ff;\">Cr\u00e9er un utilisateur et une BD pour la gestion de WP.<\/span><\/li>\n<li><span style=\"color: #808000;\">T\u00e9l\u00e9charger la derni\u00e8re version de WordPress.<\/span><\/li>\n<li><span style=\"color: #993300;\">D\u00e9compresser l&rsquo;archive.<\/span><\/li>\n<li><span style=\"color: #ff6600;\">D\u00e9placer WordPress vers le dossier racine du serveur Web.<\/span><\/li>\n<li><span style=\"color: #ff9900;\">Renseigner les droits d&rsquo;acc\u00e8s \u00e0 l&rsquo;application.<\/span><\/li>\n<li><span style=\"color: #339966;\">Lancer le programme de configuration de WordPress.<\/span><\/li>\n<li><span style=\"color: #666699;\">Se connecter au site WP nouvellement cr\u00e9e.<\/span><\/li>\n<\/ul>\n<h1>Objectif g\u00e9n\u00e9ral<\/h1>\n<p>\u00c0 la suite de cet atelier, le participant devrait \u00eatre en mesure d\u2019installer et d&rsquo;effectuer la configuration de base \u00a0&#8211; sur un serveur LAMP &#8211; \u00a0de l&rsquo;application WordPress.<\/p>\n<h1>Pr\u00e9requis<\/h1>\n<ul>\n<li>Avoir compl\u00e9t\u00e9 l\u2019atelier \u2018<a href=\"http:\/\/prof-tim.cstj.qc.ca\/cours\/assemblage\/wp\/installation-ubuntu-desktop-2\/ajout-dune-pile-amp-au-serveur-linux\/\">Pile AMP<\/a>\u2018<\/li>\n<\/ul>\n<hr \/>\n<p><strong>Mise en contexte<\/strong><br \/>\n<span style=\"color: #ff0000;\"><strong>Action 1<\/strong> <\/span>&#8211; Installer les modules php requis par WordPress<\/p>\n<pre class=\"toolbar:2 lang:default decode:true\">sudo apt-get install  \/\/ ... (seulement au besoin)<\/pre>\n<p><span style=\"color: #ff0000;\"><strong>Note<\/strong><\/span>: Selon la distribution Linux, ces modules pourraient d\u00e9j\u00e0 \u00eatre install\u00e9s.<\/p>\n<p><span style=\"color: #ff0000;\"><strong>Action 2<\/strong>\u00a0<\/span>&#8211; Cr\u00e9er, avec phpmyadmin, un utilisateur et une BD pour les contenus et la gestion de WordPress<br \/>\n<a href=\"http:\/\/prof-tim.cstj.qc.ca\/cours\/assemblage\/wp\/installer-wordpress\/wp-bd-01\/\" rel=\"attachment wp-att-945\"><img loading=\"lazy\" decoding=\"async\" class=\"alignnone wp-image-945 size-full\" src=\"http:\/\/ve2cuy.com\/420-21e\/wp-content\/uploads\/2018\/01\/wp-bd-01.png\" alt=\"\" width=\"882\" height=\"613\" srcset=\"https:\/\/ve2cuy.com\/420-21e\/wp-content\/uploads\/2018\/01\/wp-bd-01.png 882w, https:\/\/ve2cuy.com\/420-21e\/wp-content\/uploads\/2018\/01\/wp-bd-01-300x209.png 300w, https:\/\/ve2cuy.com\/420-21e\/wp-content\/uploads\/2018\/01\/wp-bd-01-768x534.png 768w\" sizes=\"auto, (max-width: 882px) 100vw, 882px\" \/><\/a><br \/>\n<span style=\"color: #ff0000;\"><strong>Note<\/strong><\/span>: Si <strong><span style=\"color: #339966;\">phpMyAdmin<\/span><\/strong> n&rsquo;est pas disponible, il est possible d&rsquo;utiliser la ligne de commande pour cr\u00e9er la BD WP:<\/p>\n<blockquote>\n<pre class=\"toolbar:2 lang:default decode:true code\">$ mysql -u root -p\nCREATE USER 'portfolio'@'localhost' IDENTIFIED BY 'password';\nCREATE DATABASE portfolio;\n\u200bGRANT ALL PRIVILEGES ON portfolio.* TO 'portfolio'@'localhost' IDENTIFIED BY 'password';\n\u200bFLUSH PRIVILEGES;\n\u200bEXIT;<\/pre>\n<\/blockquote>\n<p>Ou<\/p>\n<blockquote>\n<pre class=\"toolbar-overlay:false toolbar-hide:false toolbar-delay:false show-title:false show-lang:2 striped:false marking:false ranges:false nums:false nums-toggle:false wrap:true wrap-toggle:false lang:mysql decode:true \">CREATE USER 'wp03'@'%' IDENTIFIED WITH caching_sha2_password BY '***';GRANT USAGE ON *.* TO 'wp03'@'%';ALTER USER 'wp03'@'%' REQUIRE NONE WITH MAX_QUERIES_PER_HOUR 0 MAX_CONNECTIONS_PER_HOUR 0 MAX_UPDATES_PER_HOUR 0 MAX_USER_CONNECTIONS 0;CREATE DATABASE IF NOT EXISTS `wp03`;GRANT ALL PRIVILEGES ON `wp03`.* TO 'wp03'@'%';GRANT ALL PRIVILEGES ON `wp03\\_%`.* TO 'wp03'@'%';<\/pre>\n<\/blockquote>\n<p><span style=\"color: #ff0000;\"><strong>Action 2.1<\/strong>\u00a0<\/span>&#8211; Renseigner les propri\u00e9t\u00e9s du nouvel utilisateur:<\/p>\n<ul>\n<li>nom: <span style=\"color: #339966;\"><strong>portfolio<\/strong><\/span><\/li>\n<li>m-d-p: <span style=\"color: #339966;\"><strong>password<\/strong><\/span><\/li>\n<li>cocher: <span style=\"color: #339966;\"><strong>Cr\u00e9er une BD portant son nom<\/strong><\/span><\/li>\n<li>cocher: <span style=\"color: #339966;\"><strong>Donner les privil\u00e8ges <\/strong><\/span><a href=\"https:\/\/www.youtube.com\/watch?v=figqUaxP-nQ\">passepartout<\/a><span style=\"color: #339966;\"><strong>\u00a0<\/strong><\/span><\/li>\n<\/ul>\n<p><a href=\"http:\/\/prof-tim.cstj.qc.ca\/cours\/assemblage\/wp\/installer-wordpress\/wp-bd-02\/\" rel=\"attachment wp-att-946\"><img loading=\"lazy\" decoding=\"async\" class=\"alignnone wp-image-946 size-full\" src=\"http:\/\/ve2cuy.com\/420-21e\/wp-content\/uploads\/2018\/01\/wp-bd-02.png\" alt=\"\" width=\"743\" height=\"727\" srcset=\"https:\/\/ve2cuy.com\/420-21e\/wp-content\/uploads\/2018\/01\/wp-bd-02.png 743w, https:\/\/ve2cuy.com\/420-21e\/wp-content\/uploads\/2018\/01\/wp-bd-02-300x294.png 300w\" sizes=\"auto, (max-width: 743px) 100vw, 743px\" \/><\/a><br \/>\n<span style=\"color: #ff0000;\"><strong><br \/>\nAction 3.1<\/strong>\u00a0<\/span>&#8211; Obtenir du web, <strong>la version la plus r\u00e9cente de WordPress<\/strong>:<\/p>\n<pre class=\"toolbar:2 lang:default decode:true\"><span style=\"color: #800080;\"><strong>wget -c http:\/\/wordpress.org\/latest.tar.gz<\/strong><\/span><\/pre>\n<p><span style=\"color: #ff0000;\"><strong>Action 3.2 &#8211; Ou une version pr\u00e9cise: <a href=\"https:\/\/wordpress.org\/download\/releases\/\">wp-releases<\/a><\/strong><\/span><\/p>\n<pre class=\"EnlighterJSRAW\" data-enlighter-language=\"generic\">wget -c https:\/\/wordpress.org\/wordpress-x.y.z.tar.gz. \n\n<span style=\"color: #ff0000;\"><strong>Action 4<\/strong>\u00a0<\/span>- D\u00e9compresser l'archive de WordPress:<\/pre>\n<pre class=\"toolbar:2 lang:default decode:true\">tar -xzvf latest.tar.gz\n\n<\/pre>\n<pre class=\"toolbar:2 lang:default decode:true\"><span style=\"color: #ff0000;\"><strong>Action 5<\/strong>\u00a0<\/span>- D\u00e9placer WordPress vers le dossier racine du serveur Apache:<\/pre>\n<pre class=\"toolbar:2 lang:default decode:true\">sudo mv wordpress\/* \/var\/www\/html<\/pre>\n<p><span style=\"color: #ff0000;\"><strong>Action 6<\/strong>\u00a0<\/span><span style=\"color: #1e1e1e; font-family: Menlo, Consolas, monaco, monospace; font-size: 15px; white-space: pre-wrap;\">&#8211; Changer le propri\u00e9taire des fichiers de l&rsquo;application WordPress pour www-data:<\/span><\/p>\n<pre class=\"toolbar:2 lang:default decode:true\">sudo chown -R www-data:www-data \/var\/www\/html\n\n<span style=\"color: #ff0000;\"><strong>Action 7<\/strong>\u00a0(<strong>Facultatif)<\/strong>\u00a0<\/span>- S\u00e9curiser l'acc\u00e8s aux fichiers\u00a0de l'application WordPress:<\/pre>\n<pre class=\"toolbar:2 lang:default decode:true\">\u200bsudo chmod o-r \/var\/www\/html\/wordpress -R<\/pre>\n<hr \/>\n<h3>Effectuer la configuration de d\u00e9part du nouveau site WordPress<\/h3>\n<p><span style=\"color: #ff0000;\"><strong>Action 8<\/strong>\u00a0<\/span>&#8211; Suivre l&rsquo;URL suivante dans un fureteur:<\/p>\n<pre class=\"toolbar:2 lang:default decode:true \">http:\/\/192.168.56.101\/wordpress\n\/\/ Note: Il faut utiliser l'adresse IP de votre serveur.<\/pre>\n<p><span style=\"color: #ff0000;\"><strong><br \/>\nAction 9<\/strong>\u00a0<\/span>&#8211; S\u00e9lectionner la langue du site WP<br \/>\n<a href=\"http:\/\/prof-tim.cstj.qc.ca\/cours\/assemblage\/wp\/installer-wordpress\/config-wp-02\/\" rel=\"attachment wp-att-953\"><img loading=\"lazy\" decoding=\"async\" class=\"alignnone size-full wp-image-953\" src=\"http:\/\/ve2cuy.com\/420-21e\/wp-content\/uploads\/2018\/01\/config-wp-02.png\" alt=\"\" width=\"940\" height=\"694\" srcset=\"https:\/\/ve2cuy.com\/420-21e\/wp-content\/uploads\/2018\/01\/config-wp-02.png 940w, https:\/\/ve2cuy.com\/420-21e\/wp-content\/uploads\/2018\/01\/config-wp-02-300x221.png 300w, https:\/\/ve2cuy.com\/420-21e\/wp-content\/uploads\/2018\/01\/config-wp-02-768x567.png 768w\" sizes=\"auto, (max-width: 940px) 100vw, 940px\" \/><\/a><br \/>\n<span style=\"color: #ff0000;\"><strong>Action 10<\/strong>\u00a0<\/span>&#8211; Suivre les \u00e9tapes \u00e0 l&rsquo;\u00e9cran<br \/>\n<a href=\"http:\/\/prof-tim.cstj.qc.ca\/cours\/assemblage\/wp\/installer-wordpress\/config-wp-03\/\" rel=\"attachment wp-att-954\"><img loading=\"lazy\" decoding=\"async\" class=\"alignnone size-large wp-image-954\" src=\"http:\/\/prof-tim.cstj.qc.ca\/cours\/assemblage\/wp\/wp-content\/uploads\/2018\/01\/config-wp-03-1024x810.png\" alt=\"\" width=\"700\" height=\"554\" srcset=\"https:\/\/ve2cuy.com\/420-21e\/wp-content\/uploads\/2018\/01\/config-wp-03-1024x810.png 1024w, https:\/\/ve2cuy.com\/420-21e\/wp-content\/uploads\/2018\/01\/config-wp-03-300x237.png 300w, https:\/\/ve2cuy.com\/420-21e\/wp-content\/uploads\/2018\/01\/config-wp-03-768x607.png 768w, https:\/\/ve2cuy.com\/420-21e\/wp-content\/uploads\/2018\/01\/config-wp-03.png 1028w\" sizes=\"auto, (max-width: 700px) 100vw, 700px\" \/><\/a><br \/>\n<span style=\"color: #ff0000;\"><strong>Action 11<\/strong>\u00a0<\/span>&#8211; Renseigner les param\u00e8tres de configuration<br \/>\n<a href=\"http:\/\/prof-tim.cstj.qc.ca\/cours\/assemblage\/wp\/installer-wordpress\/config-wp-04\/\" rel=\"attachment wp-att-955\"><img loading=\"lazy\" decoding=\"async\" class=\"alignnone size-large wp-image-955\" src=\"http:\/\/prof-tim.cstj.qc.ca\/cours\/assemblage\/wp\/wp-content\/uploads\/2018\/01\/config-wp-04-1024x810.png\" alt=\"\" width=\"700\" height=\"554\" srcset=\"https:\/\/ve2cuy.com\/420-21e\/wp-content\/uploads\/2018\/01\/config-wp-04-1024x810.png 1024w, https:\/\/ve2cuy.com\/420-21e\/wp-content\/uploads\/2018\/01\/config-wp-04-300x237.png 300w, https:\/\/ve2cuy.com\/420-21e\/wp-content\/uploads\/2018\/01\/config-wp-04-768x607.png 768w, https:\/\/ve2cuy.com\/420-21e\/wp-content\/uploads\/2018\/01\/config-wp-04.png 1028w\" sizes=\"auto, (max-width: 700px) 100vw, 700px\" \/><\/a><br \/>\n<span style=\"color: #ff0000;\"><strong>Action 12<\/strong>\u00a0<\/span>&#8211; Valider le tout!<br \/>\n<a href=\"http:\/\/prof-tim.cstj.qc.ca\/cours\/assemblage\/wp\/installer-wordpress\/config-wp-05\/\" rel=\"attachment wp-att-956\"><img loading=\"lazy\" decoding=\"async\" class=\"alignnone size-large wp-image-956\" src=\"http:\/\/ve2cuy.com\/420-21e\/wp-content\/uploads\/2018\/01\/config-wp-05.png\" alt=\"\" width=\"700\" height=\"351\" srcset=\"https:\/\/ve2cuy.com\/420-21e\/wp-content\/uploads\/2018\/01\/config-wp-05.png 927w, https:\/\/ve2cuy.com\/420-21e\/wp-content\/uploads\/2018\/01\/config-wp-05-300x150.png 300w, https:\/\/ve2cuy.com\/420-21e\/wp-content\/uploads\/2018\/01\/config-wp-05-768x385.png 768w\" sizes=\"auto, (max-width: 700px) 100vw, 700px\" \/><\/a><br \/>\n<span style=\"color: #ff0000;\"><strong>Action 13<\/strong>\u00a0<\/span>&#8211; Renseigner le titre du site et le compte de l&rsquo;administrateur<br \/>\n<a href=\"http:\/\/prof-tim.cstj.qc.ca\/cours\/assemblage\/wp\/installer-wordpress\/config-wp-06\/\" rel=\"attachment wp-att-957\"><img loading=\"lazy\" decoding=\"async\" class=\"alignnone size-large wp-image-957\" src=\"http:\/\/prof-tim.cstj.qc.ca\/cours\/assemblage\/wp\/wp-content\/uploads\/2018\/01\/config-wp-06-842x1024.png\" alt=\"\" width=\"700\" height=\"851\" srcset=\"https:\/\/ve2cuy.com\/420-21e\/wp-content\/uploads\/2018\/01\/config-wp-06-842x1024.png 842w, https:\/\/ve2cuy.com\/420-21e\/wp-content\/uploads\/2018\/01\/config-wp-06-247x300.png 247w, https:\/\/ve2cuy.com\/420-21e\/wp-content\/uploads\/2018\/01\/config-wp-06-768x934.png 768w, https:\/\/ve2cuy.com\/420-21e\/wp-content\/uploads\/2018\/01\/config-wp-06.png 903w\" sizes=\"auto, (max-width: 700px) 100vw, 700px\" \/><\/a><br \/>\n<a href=\"http:\/\/prof-tim.cstj.qc.ca\/cours\/assemblage\/wp\/installer-wordpress\/config-wp-07\/\" rel=\"attachment wp-att-958\"><img loading=\"lazy\" decoding=\"async\" class=\"alignnone size-large wp-image-958\" src=\"http:\/\/ve2cuy.com\/420-21e\/wp-content\/uploads\/2018\/01\/config-wp-07.png\" alt=\"\" width=\"700\" height=\"469\" srcset=\"https:\/\/ve2cuy.com\/420-21e\/wp-content\/uploads\/2018\/01\/config-wp-07.png 917w, https:\/\/ve2cuy.com\/420-21e\/wp-content\/uploads\/2018\/01\/config-wp-07-300x201.png 300w, https:\/\/ve2cuy.com\/420-21e\/wp-content\/uploads\/2018\/01\/config-wp-07-768x514.png 768w\" sizes=\"auto, (max-width: 700px) 100vw, 700px\" \/><\/a><br \/>\n<span style=\"color: #ff0000;\"><strong>Action 14<\/strong>\u00a0<\/span>&#8211; Tester le login sous le compte de l&rsquo;administrateur du site:<br \/>\n<a href=\"http:\/\/prof-tim.cstj.qc.ca\/cours\/assemblage\/wp\/installer-wordpress\/config-wp-08\/\" rel=\"attachment wp-att-959\"><img loading=\"lazy\" decoding=\"async\" class=\"alignnone size-large wp-image-959\" src=\"http:\/\/ve2cuy.com\/420-21e\/wp-content\/uploads\/2018\/01\/config-wp-08.png\" alt=\"\" width=\"700\" height=\"469\" srcset=\"https:\/\/ve2cuy.com\/420-21e\/wp-content\/uploads\/2018\/01\/config-wp-08.png 917w, https:\/\/ve2cuy.com\/420-21e\/wp-content\/uploads\/2018\/01\/config-wp-08-300x201.png 300w, https:\/\/ve2cuy.com\/420-21e\/wp-content\/uploads\/2018\/01\/config-wp-08-768x514.png 768w\" sizes=\"auto, (max-width: 700px) 100vw, 700px\" \/><\/a> <a href=\"http:\/\/prof-tim.cstj.qc.ca\/cours\/assemblage\/wp\/installer-wordpress\/config-wp-09\/\" rel=\"attachment wp-att-960\"><img loading=\"lazy\" decoding=\"async\" class=\"alignnone size-large wp-image-960\" src=\"http:\/\/prof-tim.cstj.qc.ca\/cours\/assemblage\/wp\/wp-content\/uploads\/2018\/01\/config-wp-09-1024x682.png\" alt=\"\" width=\"700\" height=\"466\" srcset=\"https:\/\/ve2cuy.com\/420-21e\/wp-content\/uploads\/2018\/01\/config-wp-09-1024x682.png 1024w, https:\/\/ve2cuy.com\/420-21e\/wp-content\/uploads\/2018\/01\/config-wp-09-300x200.png 300w, https:\/\/ve2cuy.com\/420-21e\/wp-content\/uploads\/2018\/01\/config-wp-09-768x511.png 768w, https:\/\/ve2cuy.com\/420-21e\/wp-content\/uploads\/2018\/01\/config-wp-09.png 1086w\" sizes=\"auto, (max-width: 700px) 100vw, 700px\" \/><\/a><br \/>\n<span style=\"color: #339966;\"><strong>Voil\u00e0, notre site WordPress est install\u00e9 et fonctionnel<\/strong><\/span><br \/>\n<span style=\"color: #ff9900;\"><strong>Nous apprendrons \u00e0 le g\u00e9rer dans un prochain module.<\/strong><\/span><\/p>\n<hr \/>\n<h3>R\u00e9f\u00e9rences<\/h3>\n<p>https:\/\/www.digitalocean.com\/community\/tutorials\/how-to-install-wordpress-on-ubuntu-20-04-with-a-lamp-stack-fr<\/p>\n<blockquote class=\"wp-embedded-content\" data-secret=\"FAQD3qcNRw\"><p><a href=\"https:\/\/www.techrepublic.com\/article\/how-to-install-wordpress-on-ubuntu-16-04\/\">How to install WordPress on Ubuntu 16.04<\/a><\/p><\/blockquote>\n<p><iframe loading=\"lazy\" class=\"wp-embedded-content\" sandbox=\"allow-scripts\" security=\"restricted\" style=\"position: absolute; clip: rect(1px, 1px, 1px, 1px);\" title=\"&#8220;How to install WordPress on Ubuntu 16.04&#8221; &#8212; TechRepublic\" src=\"https:\/\/www.techrepublic.com\/article\/how-to-install-wordpress-on-ubuntu-16-04\/embed\/#?secret=FAQD3qcNRw\" data-secret=\"FAQD3qcNRw\" width=\"600\" height=\"338\" frameborder=\"0\" marginwidth=\"0\" marginheight=\"0\" scrolling=\"no\"><\/iframe><br \/>\nhttps:\/\/www.digitalocean.com\/community\/tutorials\/how-to-install-wordpress-with-lamp-on-ubuntu-16-04<br \/>\n** https:\/\/help.ubuntu.com\/lts\/serverguide\/wordpress.html<\/p>\n","protected":false},"excerpt":{"rendered":"<p>Contenu Installer WordPress sur un serveur LAMP. Installer les modules php requis. Cr\u00e9er un utilisateur et une BD pour la gestion de WP. T\u00e9l\u00e9charger la derni\u00e8re version de WordPress. D\u00e9compresser l&rsquo;archive. D\u00e9placer WordPress vers le dossier racine du serveur Web. Renseigner les droits d&rsquo;acc\u00e8s \u00e0 l&rsquo;application. Lancer le programme de configuration de WordPress. Se connecter [&hellip;]<\/p>\n","protected":false},"author":2,"featured_media":0,"parent":0,"menu_order":0,"comment_status":"closed","ping_status":"closed","template":"","meta":{"footnotes":""},"class_list":["post-926","page","type-page","status-publish","hentry"],"uagb_featured_image_src":{"full":false,"thumbnail":false,"medium":false,"medium_large":false,"large":false,"1536x1536":false,"2048x2048":false},"uagb_author_info":{"display_name":"Alain","author_link":"https:\/\/ve2cuy.com\/420-21e\/index.php\/author\/alain\/"},"uagb_comment_info":0,"uagb_excerpt":"Contenu Installer WordPress sur un serveur LAMP. Installer les modules php requis. Cr\u00e9er un utilisateur et une BD pour la gestion de WP. T\u00e9l\u00e9charger la derni\u00e8re version de WordPress. D\u00e9compresser l&rsquo;archive. D\u00e9placer WordPress vers le dossier racine du serveur Web. Renseigner les droits d&rsquo;acc\u00e8s \u00e0 l&rsquo;application. Lancer le programme de configuration de WordPress. Se connecter&hellip;","_links":{"self":[{"href":"https:\/\/ve2cuy.com\/420-21e\/index.php\/wp-json\/wp\/v2\/pages\/926","targetHints":{"allow":["GET"]}}],"collection":[{"href":"https:\/\/ve2cuy.com\/420-21e\/index.php\/wp-json\/wp\/v2\/pages"}],"about":[{"href":"https:\/\/ve2cuy.com\/420-21e\/index.php\/wp-json\/wp\/v2\/types\/page"}],"author":[{"embeddable":true,"href":"https:\/\/ve2cuy.com\/420-21e\/index.php\/wp-json\/wp\/v2\/users\/2"}],"replies":[{"embeddable":true,"href":"https:\/\/ve2cuy.com\/420-21e\/index.php\/wp-json\/wp\/v2\/comments?post=926"}],"version-history":[{"count":5,"href":"https:\/\/ve2cuy.com\/420-21e\/index.php\/wp-json\/wp\/v2\/pages\/926\/revisions"}],"predecessor-version":[{"id":2380,"href":"https:\/\/ve2cuy.com\/420-21e\/index.php\/wp-json\/wp\/v2\/pages\/926\/revisions\/2380"}],"wp:attachment":[{"href":"https:\/\/ve2cuy.com\/420-21e\/index.php\/wp-json\/wp\/v2\/media?parent=926"}],"curies":[{"name":"wp","href":"https:\/\/api.w.org\/{rel}","templated":true}]}}