{"id":864,"date":"2022-01-29T19:18:38","date_gmt":"2022-01-29T19:18:38","guid":{"rendered":"http:\/\/prof-tim.cstj.qc.ca\/cours\/assemblage\/wp\/?page_id=864"},"modified":"2024-03-18T15:37:49","modified_gmt":"2024-03-18T15:37:49","slug":"evaluations","status":"publish","type":"page","link":"https:\/\/ve2cuy.com\/420-21e\/index.php\/evaluations\/","title":{"rendered":"\u00c9valuations"},"content":{"rendered":"\n<figure class=\"wp-block-table\"><table><thead><tr><th>\u00c9valuation<\/th><th>Description<\/th><th>Date <\/th><th class=\"has-text-align-right\" data-align=\"right\">Pond\u00e9ration<\/th><\/tr><\/thead><tbody><tr><td>Labo not\u00e9 01<\/td><td>Mise en place de deux sites WP<br>en mode &lsquo;Virtual Host&rsquo;<\/td><td>Semaine 5 ou 6<\/td><td class=\"has-text-align-right\" data-align=\"right\">40 %<\/td><\/tr><tr><td>Journal de bord<\/td><td><\/td><td><\/td><td class=\"has-text-align-right\" data-align=\"right\">10 %<\/td><\/tr><tr><td><a href=\"http:\/\/ve2cuy.com\/420-21e\/index.php\/evaluations\/epreuve-synthese\/\" data-type=\"page\" data-id=\"215\">\u00c9preuve synth\u00e8se<\/a><\/td><td>D\u00e9ployer deux sites Web <br>(avec nom de domaine, <br>certificat RSA, ftp et pare feu) <br>dans le nuage de Google.<\/td><td>Semaine 10 \u00e0 12<\/td><td class=\"has-text-align-right\" data-align=\"right\">50 %<\/td><\/tr><tr><td><\/td><td><\/td><td><\/td><td class=\"has-text-align-right\" data-align=\"right\"><\/td><\/tr><\/tbody><\/table><\/figure>\n","protected":false},"excerpt":{"rendered":"<p>\u00c9valuation Description Date Pond\u00e9ration Labo not\u00e9 01 Mise en place de deux sites WPen mode &lsquo;Virtual Host&rsquo; Semaine 5 ou 6 40 % Journal de bord 10 % \u00c9preuve synth\u00e8se D\u00e9ployer deux sites Web (avec nom de domaine, certificat RSA, ftp et pare feu) dans le nuage de Google. Semaine 10 \u00e0 12 50 %<\/p>\n","protected":false},"author":2,"featured_media":0,"parent":0,"menu_order":5,"comment_status":"closed","ping_status":"closed","template":"","meta":{"footnotes":""},"class_list":["post-864","page","type-page","status-publish","hentry"],"uagb_featured_image_src":{"full":false,"thumbnail":false,"medium":false,"medium_large":false,"large":false,"1536x1536":false,"2048x2048":false},"uagb_author_info":{"display_name":"Alain","author_link":"https:\/\/ve2cuy.com\/420-21e\/index.php\/author\/alain\/"},"uagb_comment_info":0,"uagb_excerpt":"\u00c9valuation Description Date Pond\u00e9ration Labo not\u00e9 01 Mise en place de deux sites WPen mode &lsquo;Virtual Host&rsquo; Semaine 5 ou 6 40 % Journal de bord 10 % \u00c9preuve synth\u00e8se D\u00e9ployer deux sites Web (avec nom de domaine, certificat RSA, ftp et pare feu) dans le nuage de Google. Semaine 10 \u00e0 12 50 %","_links":{"self":[{"href":"https:\/\/ve2cuy.com\/420-21e\/index.php\/wp-json\/wp\/v2\/pages\/864","targetHints":{"allow":["GET"]}}],"collection":[{"href":"https:\/\/ve2cuy.com\/420-21e\/index.php\/wp-json\/wp\/v2\/pages"}],"about":[{"href":"https:\/\/ve2cuy.com\/420-21e\/index.php\/wp-json\/wp\/v2\/types\/page"}],"author":[{"embeddable":true,"href":"https:\/\/ve2cuy.com\/420-21e\/index.php\/wp-json\/wp\/v2\/users\/2"}],"replies":[{"embeddable":true,"href":"https:\/\/ve2cuy.com\/420-21e\/index.php\/wp-json\/wp\/v2\/comments?post=864"}],"version-history":[{"count":5,"href":"https:\/\/ve2cuy.com\/420-21e\/index.php\/wp-json\/wp\/v2\/pages\/864\/revisions"}],"predecessor-version":[{"id":2091,"href":"https:\/\/ve2cuy.com\/420-21e\/index.php\/wp-json\/wp\/v2\/pages\/864\/revisions\/2091"}],"wp:attachment":[{"href":"https:\/\/ve2cuy.com\/420-21e\/index.php\/wp-json\/wp\/v2\/media?parent=864"}],"curies":[{"name":"wp","href":"https:\/\/api.w.org\/{rel}","templated":true}]}}