{"id":697,"date":"2022-01-31T21:14:37","date_gmt":"2022-01-31T21:14:37","guid":{"rendered":"http:\/\/prof-tim.cstj.qc.ca\/cours\/assemblage\/wp\/?page_id=697"},"modified":"2024-03-18T15:38:35","modified_gmt":"2024-03-18T15:38:35","slug":"utilisation-de-cloud-google-com","status":"publish","type":"page","link":"https:\/\/ve2cuy.com\/420-21e\/index.php\/installation-ubuntu-desktop-2\/utilisation-de-cloud-google-com\/","title":{"rendered":"Utilisation de cloud.google.com"},"content":{"rendered":"<h1>Contenu<\/h1>\n<p>&nbsp;<br \/>\n<img loading=\"lazy\" decoding=\"async\" class=\"alignleft wp-image-181\" src=\"http:\/\/ve2cuy.com\/420-21e\/wp-content\/uploads\/2017\/11\/Google-Cloud-Platform-Icon.png\" alt=\"\" width=\"256\" height=\"256\" srcset=\"https:\/\/ve2cuy.com\/420-21e\/wp-content\/uploads\/2017\/11\/Google-Cloud-Platform-Icon.png 512w, https:\/\/ve2cuy.com\/420-21e\/wp-content\/uploads\/2017\/11\/Google-Cloud-Platform-Icon-300x300.png 300w, https:\/\/ve2cuy.com\/420-21e\/wp-content\/uploads\/2017\/11\/Google-Cloud-Platform-Icon-150x150.png 150w\" sizes=\"auto, (max-width: 256px) 100vw, 256px\" \/><\/p>\n<ul>\n<li>Compte gmail<\/li>\n<li>Abonnement \u00e0 cloud.google.com<\/li>\n<li>Gestion de la facturation<\/li>\n<li>La console<\/li>\n<li>Cr\u00e9ation d&rsquo;un projet<\/li>\n<li>Gestion des ayants droits<\/li>\n<li>Cr\u00e9ation d&rsquo;une machine virtuelle (compute)<\/li>\n<li>Installation d&rsquo;une pile AMP<\/li>\n<li>Connexion ssh via une fen\u00eatre Web<\/li>\n<\/ul>\n<p>&nbsp;<br \/>\n&nbsp;<\/p>\n<h1>Objectif g\u00e9n\u00e9ral<\/h1>\n<p>Utilisation du service cloud.google.com pour la cr\u00e9ation et l&rsquo;h\u00e9bergement de machines virtuelles.<br \/>\n&nbsp;<\/p>\n<hr>\n<h2>1 &#8211; Abonnement au service cloud.google.com<\/h2>\n<p>Action 1 &#8211; S&rsquo;abonner \u00e0 l&rsquo;essai gratuit cloud.google.com:<br \/>\n<a href=\"http:\/\/prof-tim.cstj.qc.ca\/cours\/assemblage\/wp\/installation-ubuntu-desktop-2\/utilisation-de-cloud-google-com\/cloud-google-01\/\" rel=\"attachment wp-att-977\"><img loading=\"lazy\" decoding=\"async\" class=\"alignnone wp-image-977 size-full\" src=\"http:\/\/ve2cuy.com\/420-21e\/wp-content\/uploads\/2018\/01\/cloud-google-01.png\" alt=\"\" width=\"2880\" height=\"1800\" srcset=\"https:\/\/ve2cuy.com\/420-21e\/wp-content\/uploads\/2018\/01\/cloud-google-01.png 2880w, https:\/\/ve2cuy.com\/420-21e\/wp-content\/uploads\/2018\/01\/cloud-google-01-300x188.png 300w, https:\/\/ve2cuy.com\/420-21e\/wp-content\/uploads\/2018\/01\/cloud-google-01-1024x640.png 1024w, https:\/\/ve2cuy.com\/420-21e\/wp-content\/uploads\/2018\/01\/cloud-google-01-768x480.png 768w, https:\/\/ve2cuy.com\/420-21e\/wp-content\/uploads\/2018\/01\/cloud-google-01-1536x960.png 1536w, https:\/\/ve2cuy.com\/420-21e\/wp-content\/uploads\/2018\/01\/cloud-google-01-2048x1280.png 2048w\" sizes=\"auto, (max-width: 2880px) 100vw, 2880px\" \/><\/a> <a href=\"http:\/\/prof-tim.cstj.qc.ca\/cours\/assemblage\/wp\/installation-ubuntu-desktop-2\/utilisation-de-cloud-google-com\/cloud-google-02\/\" rel=\"attachment wp-att-978\"><img loading=\"lazy\" decoding=\"async\" class=\"alignnone wp-image-978 size-full\" src=\"http:\/\/ve2cuy.com\/420-21e\/wp-content\/uploads\/2018\/01\/cloud-google-02.png\" alt=\"\" width=\"2880\" height=\"1800\" srcset=\"https:\/\/ve2cuy.com\/420-21e\/wp-content\/uploads\/2018\/01\/cloud-google-02.png 2880w, https:\/\/ve2cuy.com\/420-21e\/wp-content\/uploads\/2018\/01\/cloud-google-02-300x188.png 300w, https:\/\/ve2cuy.com\/420-21e\/wp-content\/uploads\/2018\/01\/cloud-google-02-1024x640.png 1024w, https:\/\/ve2cuy.com\/420-21e\/wp-content\/uploads\/2018\/01\/cloud-google-02-768x480.png 768w, https:\/\/ve2cuy.com\/420-21e\/wp-content\/uploads\/2018\/01\/cloud-google-02-1536x960.png 1536w, https:\/\/ve2cuy.com\/420-21e\/wp-content\/uploads\/2018\/01\/cloud-google-02-2048x1280.png 2048w\" sizes=\"auto, (max-width: 2880px) 100vw, 2880px\" \/><\/a> <img loading=\"lazy\" decoding=\"async\" class=\"alignnone wp-image-979 size-large\" src=\"http:\/\/prof-tim.cstj.qc.ca\/cours\/assemblage\/wp\/wp-content\/uploads\/2018\/01\/cloud-google-05-562x1024.png\" alt=\"\" width=\"562\" height=\"1024\" srcset=\"https:\/\/ve2cuy.com\/420-21e\/wp-content\/uploads\/2018\/01\/cloud-google-05-562x1024.png 562w, https:\/\/ve2cuy.com\/420-21e\/wp-content\/uploads\/2018\/01\/cloud-google-05-165x300.png 165w, https:\/\/ve2cuy.com\/420-21e\/wp-content\/uploads\/2018\/01\/cloud-google-05-768x1400.png 768w, https:\/\/ve2cuy.com\/420-21e\/wp-content\/uploads\/2018\/01\/cloud-google-05-843x1536.png 843w, https:\/\/ve2cuy.com\/420-21e\/wp-content\/uploads\/2018\/01\/cloud-google-05.png 916w\" sizes=\"auto, (max-width: 562px) 100vw, 562px\" \/><\/p>\n<hr>\n<h2>2 &#8211; Utilisation de cloud.google.com<\/h2>\n<p>Avant de pouvoir cr\u00e9er une machine virtuelle, il faut s&rsquo;assurer d&rsquo;avoir cr\u00e9er un projet. &nbsp;Les diff\u00e9rentes ressources &lsquo;cloud&rsquo; que nous allons cr\u00e9er doivent exister \u00e0 l&rsquo;int\u00e9rieur d&rsquo;un projet.<br \/>\nDe plus, il sera possible de renseigner des ayants droits \u00e0 un projet. &nbsp;Par exemple, inviter son enseignant comme administrateur<\/p>\n<h2>3 &#8211; Cr\u00e9er\/s\u00e9lectionner un projet:<\/h2>\n<p>Lors de notre premier acc\u00e8s \u00e0 cloud.google.com, l&rsquo;\u00e9cran suivant sera pr\u00e9sent\u00e9:<br \/>\n<a href=\"http:\/\/prof-tim.cstj.qc.ca\/cours\/assemblage\/wp\/installation-ubuntu-desktop-2\/utilisation-de-cloud-google-com\/cloud-google-06\/\" rel=\"attachment wp-att-980\"><img loading=\"lazy\" decoding=\"async\" class=\"alignnone wp-image-980 size-full\" src=\"http:\/\/ve2cuy.com\/420-21e\/wp-content\/uploads\/2018\/01\/cloud-google-06.png\" alt=\"\" width=\"1812\" height=\"1704\" srcset=\"https:\/\/ve2cuy.com\/420-21e\/wp-content\/uploads\/2018\/01\/cloud-google-06.png 1812w, https:\/\/ve2cuy.com\/420-21e\/wp-content\/uploads\/2018\/01\/cloud-google-06-300x282.png 300w, https:\/\/ve2cuy.com\/420-21e\/wp-content\/uploads\/2018\/01\/cloud-google-06-1024x963.png 1024w, https:\/\/ve2cuy.com\/420-21e\/wp-content\/uploads\/2018\/01\/cloud-google-06-768x722.png 768w, https:\/\/ve2cuy.com\/420-21e\/wp-content\/uploads\/2018\/01\/cloud-google-06-1536x1444.png 1536w\" sizes=\"auto, (max-width: 1812px) 100vw, 1812px\" \/><\/a><br \/>\nIl sera alors possible de cr\u00e9er notre premi\u00e8re machine virtuelle.<br \/>\nDans un premier temps, il faudra cr\u00e9er un projet.<br \/>\n&nbsp;<br \/>\n<a href=\"http:\/\/prof-tim.cstj.qc.ca\/cours\/assemblage\/wp\/installation-ubuntu-desktop-2\/utilisation-de-cloud-google-com\/cloud-google-08\/\" rel=\"attachment wp-att-981\"><img loading=\"lazy\" decoding=\"async\" class=\"alignnone wp-image-981 size-full\" src=\"http:\/\/ve2cuy.com\/420-21e\/wp-content\/uploads\/2018\/01\/cloud-google-08.png\" alt=\"\" width=\"2266\" height=\"1400\" srcset=\"https:\/\/ve2cuy.com\/420-21e\/wp-content\/uploads\/2018\/01\/cloud-google-08.png 2266w, https:\/\/ve2cuy.com\/420-21e\/wp-content\/uploads\/2018\/01\/cloud-google-08-300x185.png 300w, https:\/\/ve2cuy.com\/420-21e\/wp-content\/uploads\/2018\/01\/cloud-google-08-1024x633.png 1024w, https:\/\/ve2cuy.com\/420-21e\/wp-content\/uploads\/2018\/01\/cloud-google-08-768x474.png 768w, https:\/\/ve2cuy.com\/420-21e\/wp-content\/uploads\/2018\/01\/cloud-google-08-1536x949.png 1536w, https:\/\/ve2cuy.com\/420-21e\/wp-content\/uploads\/2018\/01\/cloud-google-08-2048x1265.png 2048w\" sizes=\"auto, (max-width: 2266px) 100vw, 2266px\" \/><\/a> <a href=\"http:\/\/prof-tim.cstj.qc.ca\/cours\/assemblage\/wp\/installation-ubuntu-desktop-2\/utilisation-de-cloud-google-com\/cloud-google-09\/\" rel=\"attachment wp-att-982\"><img loading=\"lazy\" decoding=\"async\" class=\"alignnone wp-image-982 size-full\" src=\"http:\/\/ve2cuy.com\/420-21e\/wp-content\/uploads\/2018\/01\/cloud-google-09.png\" alt=\"\" width=\"1696\" height=\"1390\" srcset=\"https:\/\/ve2cuy.com\/420-21e\/wp-content\/uploads\/2018\/01\/cloud-google-09.png 1696w, https:\/\/ve2cuy.com\/420-21e\/wp-content\/uploads\/2018\/01\/cloud-google-09-300x246.png 300w, https:\/\/ve2cuy.com\/420-21e\/wp-content\/uploads\/2018\/01\/cloud-google-09-1024x839.png 1024w, https:\/\/ve2cuy.com\/420-21e\/wp-content\/uploads\/2018\/01\/cloud-google-09-768x629.png 768w, https:\/\/ve2cuy.com\/420-21e\/wp-content\/uploads\/2018\/01\/cloud-google-09-1536x1259.png 1536w\" sizes=\"auto, (max-width: 1696px) 100vw, 1696px\" \/><\/a> <img loading=\"lazy\" decoding=\"async\" class=\"alignnone wp-image-983 size-large\" src=\"http:\/\/prof-tim.cstj.qc.ca\/cours\/assemblage\/wp\/wp-content\/uploads\/2018\/01\/cloud-google-10-1024x651.png\" alt=\"\" width=\"700\" height=\"445\" srcset=\"https:\/\/ve2cuy.com\/420-21e\/wp-content\/uploads\/2018\/01\/cloud-google-10-1024x651.png 1024w, https:\/\/ve2cuy.com\/420-21e\/wp-content\/uploads\/2018\/01\/cloud-google-10-300x191.png 300w, https:\/\/ve2cuy.com\/420-21e\/wp-content\/uploads\/2018\/01\/cloud-google-10-768x488.png 768w, https:\/\/ve2cuy.com\/420-21e\/wp-content\/uploads\/2018\/01\/cloud-google-10.png 1130w\" sizes=\"auto, (max-width: 700px) 100vw, 700px\" \/><br \/>\nVoici la proc\u00e9dure \u00e0 suivre si un projet existe d\u00e9j\u00e0 et que nous d\u00e9sirons en cr\u00e9er un autre:<br \/>\n<a href=\"http:\/\/prof-tim.cstj.qc.ca\/cours\/assemblage\/wp\/installation-ubuntu-desktop-2\/utilisation-de-cloud-google-com\/cloud-google-19\/\" rel=\"attachment wp-att-1004\"><img loading=\"lazy\" decoding=\"async\" class=\"alignnone size-large wp-image-1004\" src=\"http:\/\/prof-tim.cstj.qc.ca\/cours\/assemblage\/wp\/wp-content\/uploads\/2018\/01\/cloud-google-19-1024x657.png\" alt=\"\" width=\"700\" height=\"449\" srcset=\"https:\/\/ve2cuy.com\/420-21e\/wp-content\/uploads\/2018\/01\/cloud-google-19-1024x657.png 1024w, https:\/\/ve2cuy.com\/420-21e\/wp-content\/uploads\/2018\/01\/cloud-google-19-300x193.png 300w, https:\/\/ve2cuy.com\/420-21e\/wp-content\/uploads\/2018\/01\/cloud-google-19-768x493.png 768w, https:\/\/ve2cuy.com\/420-21e\/wp-content\/uploads\/2018\/01\/cloud-google-19.png 1070w\" sizes=\"auto, (max-width: 700px) 100vw, 700px\" \/><\/a><br \/>\n&nbsp;<\/p>\n<hr>\n<h2>4 &#8211; Cr\u00e9er une machine virtuelle<\/h2>\n<p><a href=\"http:\/\/prof-tim.cstj.qc.ca\/cours\/assemblage\/wp\/installation-ubuntu-desktop-2\/utilisation-de-cloud-google-com\/cloud-google-11\/\" rel=\"attachment wp-att-984\"><img loading=\"lazy\" decoding=\"async\" class=\"alignnone wp-image-984 size-full\" src=\"http:\/\/ve2cuy.com\/420-21e\/wp-content\/uploads\/2018\/01\/cloud-google-11.png\" alt=\"\" width=\"1734\" height=\"1038\" srcset=\"https:\/\/ve2cuy.com\/420-21e\/wp-content\/uploads\/2018\/01\/cloud-google-11.png 1734w, https:\/\/ve2cuy.com\/420-21e\/wp-content\/uploads\/2018\/01\/cloud-google-11-300x180.png 300w, https:\/\/ve2cuy.com\/420-21e\/wp-content\/uploads\/2018\/01\/cloud-google-11-1024x613.png 1024w, https:\/\/ve2cuy.com\/420-21e\/wp-content\/uploads\/2018\/01\/cloud-google-11-768x460.png 768w, https:\/\/ve2cuy.com\/420-21e\/wp-content\/uploads\/2018\/01\/cloud-google-11-1536x919.png 1536w\" sizes=\"auto, (max-width: 1734px) 100vw, 1734px\" \/><\/a> <a href=\"http:\/\/prof-tim.cstj.qc.ca\/cours\/assemblage\/wp\/installation-ubuntu-desktop-2\/utilisation-de-cloud-google-com\/cloud-google-12\/\" rel=\"attachment wp-att-985\"><img loading=\"lazy\" decoding=\"async\" class=\"alignnone wp-image-985 size-full\" src=\"http:\/\/ve2cuy.com\/420-21e\/wp-content\/uploads\/2018\/01\/cloud-google-12.png\" alt=\"\" width=\"1472\" height=\"1724\" srcset=\"https:\/\/ve2cuy.com\/420-21e\/wp-content\/uploads\/2018\/01\/cloud-google-12.png 1472w, https:\/\/ve2cuy.com\/420-21e\/wp-content\/uploads\/2018\/01\/cloud-google-12-256x300.png 256w, https:\/\/ve2cuy.com\/420-21e\/wp-content\/uploads\/2018\/01\/cloud-google-12-874x1024.png 874w, https:\/\/ve2cuy.com\/420-21e\/wp-content\/uploads\/2018\/01\/cloud-google-12-768x899.png 768w, https:\/\/ve2cuy.com\/420-21e\/wp-content\/uploads\/2018\/01\/cloud-google-12-1311x1536.png 1311w\" sizes=\"auto, (max-width: 1472px) 100vw, 1472px\" \/><\/a> <a href=\"http:\/\/prof-tim.cstj.qc.ca\/cours\/assemblage\/wp\/installation-ubuntu-desktop-2\/utilisation-de-cloud-google-com\/cloud-google-13\/\" rel=\"attachment wp-att-986\"><img loading=\"lazy\" decoding=\"async\" class=\"alignnone wp-image-986 size-full\" src=\"http:\/\/ve2cuy.com\/420-21e\/wp-content\/uploads\/2018\/01\/cloud-google-13.png\" alt=\"\" width=\"2646\" height=\"796\" srcset=\"https:\/\/ve2cuy.com\/420-21e\/wp-content\/uploads\/2018\/01\/cloud-google-13.png 2646w, https:\/\/ve2cuy.com\/420-21e\/wp-content\/uploads\/2018\/01\/cloud-google-13-300x90.png 300w, https:\/\/ve2cuy.com\/420-21e\/wp-content\/uploads\/2018\/01\/cloud-google-13-1024x308.png 1024w, https:\/\/ve2cuy.com\/420-21e\/wp-content\/uploads\/2018\/01\/cloud-google-13-768x231.png 768w, https:\/\/ve2cuy.com\/420-21e\/wp-content\/uploads\/2018\/01\/cloud-google-13-1536x462.png 1536w, https:\/\/ve2cuy.com\/420-21e\/wp-content\/uploads\/2018\/01\/cloud-google-13-2048x616.png 2048w\" sizes=\"auto, (max-width: 2646px) 100vw, 2646px\" \/><\/a><br \/>\n&nbsp;<\/p>\n<hr>\n<h2>5 &#8211; Gestion des ayants droits<\/h2>\n<p>Permettre \u00e0 d&rsquo;autres utilisateurs d&rsquo;avoir acc\u00e8s \u00e0 nos projets ou \u00e0 nos machines virtuelles:<br \/>\n<a href=\"http:\/\/prof-tim.cstj.qc.ca\/cours\/assemblage\/wp\/installation-ubuntu-desktop-2\/utilisation-de-cloud-google-com\/cloud-google-18\/\" rel=\"attachment wp-att-999\"><img loading=\"lazy\" decoding=\"async\" class=\"alignnone size-full wp-image-999\" src=\"http:\/\/ve2cuy.com\/420-21e\/wp-content\/uploads\/2018\/01\/cloud-google-18.png\" alt=\"\" width=\"897\" height=\"440\" srcset=\"https:\/\/ve2cuy.com\/420-21e\/wp-content\/uploads\/2018\/01\/cloud-google-18.png 897w, https:\/\/ve2cuy.com\/420-21e\/wp-content\/uploads\/2018\/01\/cloud-google-18-300x147.png 300w, https:\/\/ve2cuy.com\/420-21e\/wp-content\/uploads\/2018\/01\/cloud-google-18-768x377.png 768w\" sizes=\"auto, (max-width: 897px) 100vw, 897px\" \/><\/a><br \/>\n<a href=\"http:\/\/prof-tim.cstj.qc.ca\/cours\/assemblage\/wp\/installation-ubuntu-desktop-2\/utilisation-de-cloud-google-com\/cloud-google-17\/\" rel=\"attachment wp-att-1000\"><img loading=\"lazy\" decoding=\"async\" class=\"alignnone size-large wp-image-1000\" src=\"http:\/\/prof-tim.cstj.qc.ca\/cours\/assemblage\/wp\/wp-content\/uploads\/2018\/01\/cloud-google-17-1024x606.png\" alt=\"\" width=\"700\" height=\"414\" srcset=\"https:\/\/ve2cuy.com\/420-21e\/wp-content\/uploads\/2018\/01\/cloud-google-17-1024x606.png 1024w, https:\/\/ve2cuy.com\/420-21e\/wp-content\/uploads\/2018\/01\/cloud-google-17-300x178.png 300w, https:\/\/ve2cuy.com\/420-21e\/wp-content\/uploads\/2018\/01\/cloud-google-17-768x454.png 768w, https:\/\/ve2cuy.com\/420-21e\/wp-content\/uploads\/2018\/01\/cloud-google-17.png 1036w\" sizes=\"auto, (max-width: 700px) 100vw, 700px\" \/><\/a><br \/>\n&nbsp;<br \/>\n&nbsp;<\/p>\n<hr>\n<h2>6 &#8211; Se connecter \u00e0 la machine virtuelle:<\/h2>\n<p><img loading=\"lazy\" decoding=\"async\" class=\"alignnone wp-image-987 size-full\" src=\"http:\/\/ve2cuy.com\/420-21e\/wp-content\/uploads\/2018\/01\/cloud-google-14.png\" alt=\"\" width=\"1860\" height=\"562\" srcset=\"https:\/\/ve2cuy.com\/420-21e\/wp-content\/uploads\/2018\/01\/cloud-google-14.png 1860w, https:\/\/ve2cuy.com\/420-21e\/wp-content\/uploads\/2018\/01\/cloud-google-14-300x91.png 300w, https:\/\/ve2cuy.com\/420-21e\/wp-content\/uploads\/2018\/01\/cloud-google-14-1024x309.png 1024w, https:\/\/ve2cuy.com\/420-21e\/wp-content\/uploads\/2018\/01\/cloud-google-14-768x232.png 768w, https:\/\/ve2cuy.com\/420-21e\/wp-content\/uploads\/2018\/01\/cloud-google-14-1536x464.png 1536w\" sizes=\"auto, (max-width: 1860px) 100vw, 1860px\" \/> <img loading=\"lazy\" decoding=\"async\" class=\"alignnone wp-image-988 size-thumbnail\" src=\"http:\/\/prof-tim.cstj.qc.ca\/cours\/assemblage\/wp\/wp-content\/uploads\/2018\/01\/cloud-google-15-150x150.png\" alt=\"\" width=\"150\" height=\"150\"> <img loading=\"lazy\" decoding=\"async\" class=\"alignnone wp-image-989 size-full\" src=\"http:\/\/ve2cuy.com\/420-21e\/wp-content\/uploads\/2018\/01\/cloud-google-16.png\" alt=\"\" width=\"2122\" height=\"1444\" srcset=\"https:\/\/ve2cuy.com\/420-21e\/wp-content\/uploads\/2018\/01\/cloud-google-16.png 2122w, https:\/\/ve2cuy.com\/420-21e\/wp-content\/uploads\/2018\/01\/cloud-google-16-300x204.png 300w, https:\/\/ve2cuy.com\/420-21e\/wp-content\/uploads\/2018\/01\/cloud-google-16-1024x697.png 1024w, https:\/\/ve2cuy.com\/420-21e\/wp-content\/uploads\/2018\/01\/cloud-google-16-768x523.png 768w, https:\/\/ve2cuy.com\/420-21e\/wp-content\/uploads\/2018\/01\/cloud-google-16-1536x1045.png 1536w, https:\/\/ve2cuy.com\/420-21e\/wp-content\/uploads\/2018\/01\/cloud-google-16-2048x1394.png 2048w\" sizes=\"auto, (max-width: 2122px) 100vw, 2122px\" \/><br \/>\nNote: Pour un acc\u00e8s via la commande ssh ou bien putty, voir la documentation de <a href=\"https:\/\/cloud.google.com\/compute\/docs\/instances\/connecting-to-instance#generatesshkeypair\">google<\/a>.<br \/>\nLa fa\u00e7on la plus simple est de suivre les instructions pour l&rsquo;outil gcloud.<br \/>\nSi vous rencontrez des erreurs \u00e0 l&rsquo;installation de gcloud, il est possible que votre app python ne soit pas \u00e0 jour. &nbsp;Voir: <a href=\"https:\/\/www.python.org\">python.org<\/a><br \/>\nVoici un exemple de connexion avec gcloud:<\/p>\n<pre class=\"lang:default decode:true \">gcloud compute --project \"nom-du-projet\" ssh --zone \"us-east1-b\" \"nom-de-la-VM\"<\/pre>\n<p>Note: Il est possible d&rsquo;obtenir la chaine de connexion \u00e0 la section &lsquo;connect&rsquo; de la VM dans la console de &lsquo;Google cloud platform&rsquo;<br \/>\n<img loading=\"lazy\" decoding=\"async\" class=\"alignnone wp-image-1151 size-large\" src=\"http:\/\/prof-tim.cstj.qc.ca\/cours\/assemblage\/wp\/wp-content\/uploads\/2018\/02\/gcloud-1024x495.png\" alt=\"\" width=\"700\" height=\"338\" srcset=\"https:\/\/ve2cuy.com\/420-21e\/wp-content\/uploads\/2018\/02\/gcloud-1024x495.png 1024w, https:\/\/ve2cuy.com\/420-21e\/wp-content\/uploads\/2018\/02\/gcloud-300x145.png 300w, https:\/\/ve2cuy.com\/420-21e\/wp-content\/uploads\/2018\/02\/gcloud-768x371.png 768w, https:\/\/ve2cuy.com\/420-21e\/wp-content\/uploads\/2018\/02\/gcloud-1536x743.png 1536w, https:\/\/ve2cuy.com\/420-21e\/wp-content\/uploads\/2018\/02\/gcloud.png 1630w\" sizes=\"auto, (max-width: 700px) 100vw, 700px\" \/><\/p>\n<hr>\n<h2>7 &#8211; Utilisation d&rsquo;un service de DNS<\/h2>\n<p><a href=\"https:\/\/www.noip.com\/free\">https:\/\/www.noip.com\/free<\/a><br \/>\n&nbsp;<\/p>\n<hr>\n<h2>8 &#8211; Budget de facturation<\/h2>\n<p>Action &#8211; Afficher le panneau de la facturation<br \/>\nNote: Chaque projet poss\u00e8de ses param\u00e8tres de facturarion.<br \/>\n<a href=\"http:\/\/prof-tim.cstj.qc.ca\/cours\/assemblage\/wp\/installation-ubuntu-desktop-2\/utilisation-de-cloud-google-com\/cloud-google-billing-01-2\/\" rel=\"attachment wp-att-1011\"><img loading=\"lazy\" decoding=\"async\" class=\"alignnone size-full wp-image-1011\" src=\"http:\/\/ve2cuy.com\/420-21e\/wp-content\/uploads\/2018\/01\/cloud-google-billing-01-1.png\" alt=\"\" width=\"905\" height=\"460\" srcset=\"https:\/\/ve2cuy.com\/420-21e\/wp-content\/uploads\/2018\/01\/cloud-google-billing-01-1.png 905w, https:\/\/ve2cuy.com\/420-21e\/wp-content\/uploads\/2018\/01\/cloud-google-billing-01-1-300x152.png 300w, https:\/\/ve2cuy.com\/420-21e\/wp-content\/uploads\/2018\/01\/cloud-google-billing-01-1-768x390.png 768w\" sizes=\"auto, (max-width: 905px) 100vw, 905px\" \/><\/a><br \/>\n&nbsp;<br \/>\nAction &#8211; Consulter le sommaire<br \/>\n<a href=\"http:\/\/prof-tim.cstj.qc.ca\/cours\/assemblage\/wp\/installation-ubuntu-desktop-2\/utilisation-de-cloud-google-com\/cloud-google-billing-02-2\/\" rel=\"attachment wp-att-1012\"><img loading=\"lazy\" decoding=\"async\" class=\"alignnone size-large wp-image-1012\" src=\"http:\/\/prof-tim.cstj.qc.ca\/cours\/assemblage\/wp\/wp-content\/uploads\/2018\/01\/cloud-google-billing-02-1-1024x611.png\" alt=\"\" width=\"700\" height=\"418\" srcset=\"https:\/\/ve2cuy.com\/420-21e\/wp-content\/uploads\/2018\/01\/cloud-google-billing-02-1-1024x611.png 1024w, https:\/\/ve2cuy.com\/420-21e\/wp-content\/uploads\/2018\/01\/cloud-google-billing-02-1-300x179.png 300w, https:\/\/ve2cuy.com\/420-21e\/wp-content\/uploads\/2018\/01\/cloud-google-billing-02-1-768x458.png 768w, https:\/\/ve2cuy.com\/420-21e\/wp-content\/uploads\/2018\/01\/cloud-google-billing-02-1.png 1034w\" sizes=\"auto, (max-width: 700px) 100vw, 700px\" \/><\/a><br \/>\n&nbsp;<br \/>\nAction &#8211; Cr\u00e9er un budget<br \/>\n<a href=\"http:\/\/prof-tim.cstj.qc.ca\/cours\/assemblage\/wp\/installation-ubuntu-desktop-2\/utilisation-de-cloud-google-com\/cloud-google-billing-03-2\/\" rel=\"attachment wp-att-1013\"><img loading=\"lazy\" decoding=\"async\" class=\"alignnone size-large wp-image-1013\" src=\"http:\/\/prof-tim.cstj.qc.ca\/cours\/assemblage\/wp\/wp-content\/uploads\/2018\/01\/cloud-google-billing-03-1-1024x358.png\" alt=\"\" width=\"700\" height=\"245\" srcset=\"https:\/\/ve2cuy.com\/420-21e\/wp-content\/uploads\/2018\/01\/cloud-google-billing-03-1-1024x358.png 1024w, https:\/\/ve2cuy.com\/420-21e\/wp-content\/uploads\/2018\/01\/cloud-google-billing-03-1-300x105.png 300w, https:\/\/ve2cuy.com\/420-21e\/wp-content\/uploads\/2018\/01\/cloud-google-billing-03-1-768x268.png 768w, https:\/\/ve2cuy.com\/420-21e\/wp-content\/uploads\/2018\/01\/cloud-google-billing-03-1.png 1219w\" sizes=\"auto, (max-width: 700px) 100vw, 700px\" \/><\/a><br \/>\n&nbsp;<br \/>\nAction &#8211; Renseigner les param\u00e8tres du budget<br \/>\n<a href=\"http:\/\/prof-tim.cstj.qc.ca\/cours\/assemblage\/wp\/installation-ubuntu-desktop-2\/utilisation-de-cloud-google-com\/cloud-google-billing-05-2\/\" rel=\"attachment wp-att-1014\"><img loading=\"lazy\" decoding=\"async\" class=\"alignnone size-full wp-image-1014\" src=\"http:\/\/ve2cuy.com\/420-21e\/wp-content\/uploads\/2018\/01\/cloud-google-billing-05-1.png\" alt=\"\" width=\"921\" height=\"931\" srcset=\"https:\/\/ve2cuy.com\/420-21e\/wp-content\/uploads\/2018\/01\/cloud-google-billing-05-1.png 921w, https:\/\/ve2cuy.com\/420-21e\/wp-content\/uploads\/2018\/01\/cloud-google-billing-05-1-297x300.png 297w, https:\/\/ve2cuy.com\/420-21e\/wp-content\/uploads\/2018\/01\/cloud-google-billing-05-1-768x776.png 768w\" sizes=\"auto, (max-width: 921px) 100vw, 921px\" \/><\/a><br \/>\n&nbsp;<\/p>\n","protected":false},"excerpt":{"rendered":"<p>Contenu &nbsp; Compte gmail Abonnement \u00e0 cloud.google.com Gestion de la facturation La console Cr\u00e9ation d&rsquo;un projet Gestion des ayants droits Cr\u00e9ation d&rsquo;une machine virtuelle (compute) Installation d&rsquo;une pile AMP Connexion ssh via une fen\u00eatre Web &nbsp; &nbsp; Objectif g\u00e9n\u00e9ral Utilisation du service cloud.google.com pour la cr\u00e9ation et l&rsquo;h\u00e9bergement de machines virtuelles. &nbsp; 1 &#8211; Abonnement [&hellip;]<\/p>\n","protected":false},"author":2,"featured_media":0,"parent":525,"menu_order":21,"comment_status":"closed","ping_status":"closed","template":"","meta":{"footnotes":""},"class_list":["post-697","page","type-page","status-publish","hentry"],"uagb_featured_image_src":{"full":false,"thumbnail":false,"medium":false,"medium_large":false,"large":false,"1536x1536":false,"2048x2048":false},"uagb_author_info":{"display_name":"Alain","author_link":"https:\/\/ve2cuy.com\/420-21e\/index.php\/author\/alain\/"},"uagb_comment_info":0,"uagb_excerpt":"Contenu &nbsp; Compte gmail Abonnement \u00e0 cloud.google.com Gestion de la facturation La console Cr\u00e9ation d&rsquo;un projet Gestion des ayants droits Cr\u00e9ation d&rsquo;une machine virtuelle (compute) Installation d&rsquo;une pile AMP Connexion ssh via une fen\u00eatre Web &nbsp; &nbsp; Objectif g\u00e9n\u00e9ral Utilisation du service cloud.google.com pour la cr\u00e9ation et l&rsquo;h\u00e9bergement de machines virtuelles. &nbsp; 1 &#8211; Abonnement&hellip;","_links":{"self":[{"href":"https:\/\/ve2cuy.com\/420-21e\/index.php\/wp-json\/wp\/v2\/pages\/697","targetHints":{"allow":["GET"]}}],"collection":[{"href":"https:\/\/ve2cuy.com\/420-21e\/index.php\/wp-json\/wp\/v2\/pages"}],"about":[{"href":"https:\/\/ve2cuy.com\/420-21e\/index.php\/wp-json\/wp\/v2\/types\/page"}],"author":[{"embeddable":true,"href":"https:\/\/ve2cuy.com\/420-21e\/index.php\/wp-json\/wp\/v2\/users\/2"}],"replies":[{"embeddable":true,"href":"https:\/\/ve2cuy.com\/420-21e\/index.php\/wp-json\/wp\/v2\/comments?post=697"}],"version-history":[{"count":1,"href":"https:\/\/ve2cuy.com\/420-21e\/index.php\/wp-json\/wp\/v2\/pages\/697\/revisions"}],"predecessor-version":[{"id":2043,"href":"https:\/\/ve2cuy.com\/420-21e\/index.php\/wp-json\/wp\/v2\/pages\/697\/revisions\/2043"}],"up":[{"embeddable":true,"href":"https:\/\/ve2cuy.com\/420-21e\/index.php\/wp-json\/wp\/v2\/pages\/525"}],"wp:attachment":[{"href":"https:\/\/ve2cuy.com\/420-21e\/index.php\/wp-json\/wp\/v2\/media?parent=697"}],"curies":[{"name":"wp","href":"https:\/\/api.w.org\/{rel}","templated":true}]}}