{"id":1911,"date":"2022-01-27T22:52:19","date_gmt":"2022-01-27T22:52:19","guid":{"rendered":"http:\/\/prof-tim.cstj.qc.ca\/cours\/assemblage\/wp\/?page_id=2"},"modified":"2024-03-18T15:37:44","modified_gmt":"2024-03-18T15:37:44","slug":"page-d-exemple-2","status":"publish","type":"page","link":"https:\/\/ve2cuy.com\/420-21e\/","title":{"rendered":"Bienvenue"},"content":{"rendered":"<h1><span style=\"color: #993300;\">Environnement DEV.WEB2<\/span><\/h1>\n<h3>Enseignant responsable du groupe 01 pour la session d&rsquo;hiver 2022<\/h3>\n<p><strong><span style=\"color: #666699;\">Monsieur Alain Boudreault<\/span><\/strong><\/p>\n<hr \/>\n<h3><span style=\"color: #666699;\">Comp\u00e9tence du cours<\/span><\/h3>\n<table width=\"959\" cellspacing=\"0\" cellpadding=\"7\">\n<tbody>\n<tr valign=\"top\">\n<td width=\"102\">\n<p class=\"western\" align=\"left\"><span style=\"font-family: Calibri, serif;\">EHE2<\/span><\/p>\n<\/td>\n<td width=\"827\">\n<p class=\"western\" align=\"left\"><span style=\"font-family: Calibri, serif;\">Effectuer la configuration d\u2019un environnement Web<\/span><\/p>\n<\/td>\n<\/tr>\n<\/tbody>\n<\/table>\n<h3><span style=\"font-family: Calibri, serif;\">Pr\u00e9-requis<\/span><\/h3>\n<table width=\"960\" cellspacing=\"0\" cellpadding=\"7\">\n<tbody>\n<tr valign=\"top\">\n<td width=\"204\" height=\"5\">\n<p class=\"western\" align=\"left\"><span style=\"font-family: Calibri, serif;\">420-11E<\/span><\/p>\n<\/td>\n<td width=\"726\">\n<p class=\"western\" align=\"left\"><span style=\"font-family: Calibri, serif;\">Environnement de d\u00e9veloppement web 1<\/span><\/p>\n<\/td>\n<\/tr>\n<\/tbody>\n<\/table>\n<p><span style=\"font-family: Calibri, serif;\">Le cours <i>Environnement de d\u00e9veloppement web 2<\/i> se donne \u00e0 la 2<sup>e<\/sup> session de la formation\u00a0; il a comme pr\u00e9alable le cours de 1ere session <i>Environnement de d\u00e9veloppement web 1<\/i>. Il n\u2019est lui-m\u00eame le pr\u00e9alable d\u2019aucun cours.<\/span><\/p>\n<p><span style=\"font-family: Calibri, serif;\">Ce cours am\u00e8ne l\u2019\u00e9tudiant \u00e0 se familiariser avec les m\u00e9thodes de travail, les outils et les techniques sp\u00e9cifiques \u00e0 la mise en production d\u2019un site web. Il s\u2019appuie sur les notions vues dans le cours pr\u00e9alable et compl\u00e8te les apprentissages r\u00e9alis\u00e9s dans le champ de comp\u00e9tence <i><b>Environnement professionnel<\/b><\/i>. <\/span><\/p>\n<hr \/>\n<h3><span style=\"color: #666699;\">R\u00e9sum\u00e9<\/span><\/h3>\n<p>Dans ce cours, l\u2019\u00e9tudiant consolidera sa compr\u00e9hension des environnements de d\u00e9veloppement web et abordera des notions \u00e9l\u00e9mentaires relatives aux environnements de production. Il apprendra notamment \u00e0 installer les protocoles de communication courants dans un environnement Web distant et \u00e0 configurer un serveur en fonction de besoins sp\u00e9cifiques. Aussi, il verra comment s\u00e9curiser un serveur web et ses applications contre les cyberattaques les plus courantes.<\/p>\n<h3><\/h3>\n<h3><span style=\"color: #666699;\">Nous vous souhaitons un bonne session d&rsquo;hiver 2022.<\/span><\/h3>\n<hr \/>\n<h1>Dispo \u2013 H22 &#8211; Alain Boudreault<\/h1>\n<div class=\"table-responsive\">\n<table class=\"easy-table easy-table-default \" border=\"0\">\n<thead>\n<tr>\n<th>JOUR<\/th>\n<th>HEURE<\/th>\n<th>LOCAL<\/th>\n<th>NOTE<\/th>\n<\/tr>\n<\/thead>\n<tbody>\n<tr>\n<td>lundi<\/td>\n<td><\/td>\n<td><\/td>\n<td><\/td>\n<\/tr>\n<tr>\n<td>mardi<\/td>\n<td><\/td>\n<td><\/td>\n<td><\/td>\n<\/tr>\n<tr>\n<td>mercredi<\/td>\n<td><\/td>\n<td><\/td>\n<td><\/td>\n<\/tr>\n<tr>\n<td>jeudi<\/td>\n<td>\n<p style=\"text-align: center;\">9h50:13h25<\/p>\n<\/td>\n<td>\n<p style=\"text-align: center;\">I206<\/p>\n<\/td>\n<td><\/td>\n<\/tr>\n<tr>\n<td>vendredi<\/td>\n<td><\/td>\n<td><\/td>\n<td><\/td>\n<\/tr>\n<\/tbody>\n<\/table>\n<\/div>\n<hr \/>\n<p>Alain Boudreault<br \/>\nEnseignant<br \/>\n<a href=\"http:\/\/ve2cuy.com\/420-3c3\/?attachment_id=1188\" rel=\"attachment wp-att-1188\"><img loading=\"lazy\" decoding=\"async\" class=\"alignnone wp-image-1188 size-thumbnail\" src=\"http:\/\/ve2cuy.com\/420-21e\/wp-content\/uploads\/2020\/10\/IMG_0784-150x150.jpg\" alt=\"\" width=\"150\" height=\"150\" \/><\/a><br \/>\n<em><strong>aboudrea@cstj.qc.ca<\/strong><\/em><br \/>\n450.436.1580 poste 6515<br \/>\nSite web:\u00a0<a href=\"https:\/\/ve2cuy.wordpress.com\/\">ve2cuy<\/a><\/p>\n<hr \/>\n<div class=\"table-responsive\"><\/div>\n","protected":false},"excerpt":{"rendered":"<p>Environnement DEV.WEB2 Enseignant responsable du groupe 01 pour la session d&rsquo;hiver 2022 Monsieur Alain Boudreault Comp\u00e9tence du cours EHE2 Effectuer la configuration d\u2019un environnement Web Pr\u00e9-requis 420-11E Environnement de d\u00e9veloppement web 1 Le cours Environnement de d\u00e9veloppement web 2 se donne \u00e0 la 2e session de la formation\u00a0; il a comme pr\u00e9alable le cours de [&hellip;]<\/p>\n","protected":false},"author":2,"featured_media":0,"parent":0,"menu_order":4,"comment_status":"closed","ping_status":"closed","template":"","meta":{"footnotes":""},"class_list":["post-1911","page","type-page","status-publish","hentry"],"uagb_featured_image_src":{"full":false,"thumbnail":false,"medium":false,"medium_large":false,"large":false,"1536x1536":false,"2048x2048":false},"uagb_author_info":{"display_name":"Alain","author_link":"https:\/\/ve2cuy.com\/420-21e\/index.php\/author\/alain\/"},"uagb_comment_info":0,"uagb_excerpt":"Environnement DEV.WEB2 Enseignant responsable du groupe 01 pour la session d&rsquo;hiver 2022 Monsieur Alain Boudreault Comp\u00e9tence du cours EHE2 Effectuer la configuration d\u2019un environnement Web Pr\u00e9-requis 420-11E Environnement de d\u00e9veloppement web 1 Le cours Environnement de d\u00e9veloppement web 2 se donne \u00e0 la 2e session de la formation\u00a0; il a comme pr\u00e9alable le cours de&hellip;","_links":{"self":[{"href":"https:\/\/ve2cuy.com\/420-21e\/index.php\/wp-json\/wp\/v2\/pages\/1911","targetHints":{"allow":["GET"]}}],"collection":[{"href":"https:\/\/ve2cuy.com\/420-21e\/index.php\/wp-json\/wp\/v2\/pages"}],"about":[{"href":"https:\/\/ve2cuy.com\/420-21e\/index.php\/wp-json\/wp\/v2\/types\/page"}],"author":[{"embeddable":true,"href":"https:\/\/ve2cuy.com\/420-21e\/index.php\/wp-json\/wp\/v2\/users\/2"}],"replies":[{"embeddable":true,"href":"https:\/\/ve2cuy.com\/420-21e\/index.php\/wp-json\/wp\/v2\/comments?post=1911"}],"version-history":[{"count":11,"href":"https:\/\/ve2cuy.com\/420-21e\/index.php\/wp-json\/wp\/v2\/pages\/1911\/revisions"}],"predecessor-version":[{"id":2111,"href":"https:\/\/ve2cuy.com\/420-21e\/index.php\/wp-json\/wp\/v2\/pages\/1911\/revisions\/2111"}],"wp:attachment":[{"href":"https:\/\/ve2cuy.com\/420-21e\/index.php\/wp-json\/wp\/v2\/media?parent=1911"}],"curies":[{"name":"wp","href":"https:\/\/api.w.org\/{rel}","templated":true}]}}