{"id":1729,"date":"2022-10-07T19:05:27","date_gmt":"2022-10-07T19:05:27","guid":{"rendered":"http:\/\/ve2cuy.com\/420-3c3\/?page_id=1729"},"modified":"2024-03-18T15:35:55","modified_gmt":"2024-03-18T15:35:55","slug":"2021-labo-note-01","status":"publish","type":"page","link":"https:\/\/ve2cuy.com\/420-21e\/index.php\/2021-labo-note-01\/","title":{"rendered":"A2022 &#8211; Labo not\u00e9 01"},"content":{"rendered":"\n<h2 class=\"wp-block-heading\">Remise: <span class=\"has-inline-color has-vivid-cyan-blue-color\">jeudi le 20 octobre 2022, au d\u00e9but du cours<\/span><br>Pond\u00e9ration: <span class=\"has-inline-color has-vivid-cyan-blue-color\">40%<\/span> de la note finale<\/h2>\n\n\n\n<h2 class=\"wp-block-heading\">Livrables: <\/h2>\n\n\n\n<ol class=\"has-vivid-red-color has-text-color wp-block-list\"><li><strong>Tous les fichiers du dossier de la VM<\/strong><\/li><li><strong>Votre fichier hosts:  Windows,<\/strong> MacOS ou Linux<\/li><li><strong>Fichier <em>&lsquo;lisezmoi.txt&rsquo;<\/em> avec votre nom et matricule<\/strong><\/li><\/ol>\n\n\n\n<hr class=\"wp-block-separator has-css-opacity\"\/>\n\n\n\n<h1 class=\"wp-block-heading\">Mise en situation<\/h1>\n\n\n\n<p>Il faut publier deux sites Web, pilot\u00e9s par WordPress, sur un serveur Ubuntu 20.04.<\/p>\n\n\n\n<p>Les sites web devront r\u00e9pondre aux adresses suivantes:<\/p>\n\n\n\n<ul class=\"has-vivid-purple-color has-text-color wp-block-list\"><li><strong>cafe-cstj.qc.ca<\/strong><\/li><li><strong>supertek420.info<\/strong><\/li><\/ul>\n\n\n\n<hr class=\"wp-block-separator has-css-opacity\"\/>\n\n\n\n<h1 class=\"has-vivid-green-cyan-color has-text-color wp-block-heading\">1 &#8211; Sp\u00e9cification de la VM VirtualBox:<\/h1>\n\n\n\n<ul class=\"wp-block-list\"><li>Nom de la VM: <strong>vmtp21e<\/strong><\/li><li>Nom du serveur: <strong>serveur582<\/strong><\/li><li>4 CPU<\/li><li>6 Go Ram<\/li><li>Disque de 15 Go &#8211; <strong><span class=\"has-inline-color has-vivid-red-color\">Attention<\/span><\/strong> de ne pas renseigner une taille fixe.  Cela utilisera de l&rsquo;espace inutile lors de la copie de la VM sur la cl\u00e9 USB.<\/li><li>R\u00e9seau: Pont (bridge)<\/li><li>Ubuntu server <strong><span class=\"has-inline-color has-vivid-red-color\">20.04<\/span><\/strong><ul><li>compte: <strong>fred<\/strong>, mot de passe &lsquo;<strong><span class=\"has-inline-color has-vivid-purple-color\">password123<\/span><\/strong>&lsquo;<\/li><li>Installer open <strong>ssh<\/strong><\/li><\/ul><\/li><li>Installer une pile <strong>A.M.P.<\/strong><ul><li><strong>mysql<\/strong> -&gt; mot de passe du compte <strong>root<\/strong> = <strong><span class=\"has-inline-color has-vivid-purple-color\">password123<\/span><\/strong><\/li><\/ul><\/li><li>Installer <strong>phpmyadmin<\/strong><ul><li>mot de passe = <strong>password<\/strong><\/li><\/ul><\/li><\/ul>\n\n\n\n<p><strong><span class=\"has-inline-color has-vivid-red-color\">NOTE<\/span><\/strong>: Il faut cr\u00e9er une seule VM qui contiendra les deux sites web.<\/p>\n\n\n\n<hr class=\"wp-block-separator has-css-opacity\"\/>\n\n\n\n<h1 class=\"wp-block-heading\">2 &#8211; Mise en place de <span class=\"has-inline-color has-vivid-purple-color\">Caf\u00e9 CSTJ<\/span><\/h1>\n\n\n\n<figure class=\"wp-block-table is-style-stripes\"><table><tbody><tr><td>Version de WordPress<\/td><td><strong>5.9.<\/strong>4<\/td><\/tr><tr><td>Dossier d&rsquo;installation<\/td><td><strong><span class=\"has-inline-color has-vivid-green-cyan-color\">\/var\/www\/cafe-cstj.qc.ca\/contenu\/<\/span><\/strong><br><strong><span class=\"has-inline-color has-vivid-red-color\">Attention <\/span><\/strong><span class=\"has-inline-color has-vivid-red-color\">de ne pas ajouter de dossier <br><strong>wordpress<\/strong> sous le dossier mentionn\u00e9.<\/span><\/td><\/tr><tr><td>Fichier de l&rsquo;h\u00f4te virtuel<\/td><td>cafe-cstj.qc.ca.conf<\/td><\/tr><tr><td>Utilisateur, <br>Mot de passe<br>Base de donn\u00e9es<\/td><td>cafe_cstj<br>password<br>cafe_cstj<\/td><\/tr><tr><td>Compte de gestion du site WP<\/td><td><strong>cafe<\/strong> : <strong>password<\/strong><\/td><\/tr><tr><td>Th\u00e8me<\/td><td>SKT cafe<\/td><\/tr><tr><td>Nom de domaine<\/td><td><strong>cafe-cstj.qc.ca<\/strong><\/td><\/tr><tr><td>URL pour l&rsquo;installation<\/td><td><strong>http:\/\/cafe-cstj.qc.ca<\/strong><\/td><\/tr><\/tbody><\/table><\/figure>\n\n\n\n<hr class=\"wp-block-separator has-css-opacity\"\/>\n\n\n\n<h2 class=\"has-vivid-purple-color has-text-color wp-block-heading\">2.1 &#8211; Personnaliser la page d&rsquo;accueil  pour obtenir le r\u00e9sultat suivant:<\/h2>\n\n\n\n<figure class=\"wp-block-image size-large\"><img loading=\"lazy\" decoding=\"async\" width=\"961\" height=\"1024\" src=\"http:\/\/ve2cuy.com\/420-3c3\/wp-content\/uploads\/2021\/10\/Capture-decran-le-2021-10-01-a-07.56.33-961x1024.png\" alt=\"\" class=\"wp-image-1732\" srcset=\"https:\/\/ve2cuy.com\/420-21e\/wp-content\/uploads\/2021\/10\/Capture-decran-le-2021-10-01-a-07.56.33-961x1024.png 961w, https:\/\/ve2cuy.com\/420-21e\/wp-content\/uploads\/2021\/10\/Capture-decran-le-2021-10-01-a-07.56.33-282x300.png 282w, https:\/\/ve2cuy.com\/420-21e\/wp-content\/uploads\/2021\/10\/Capture-decran-le-2021-10-01-a-07.56.33-768x818.png 768w, https:\/\/ve2cuy.com\/420-21e\/wp-content\/uploads\/2021\/10\/Capture-decran-le-2021-10-01-a-07.56.33-1442x1536.png 1442w, https:\/\/ve2cuy.com\/420-21e\/wp-content\/uploads\/2021\/10\/Capture-decran-le-2021-10-01-a-07.56.33.png 1590w\" sizes=\"auto, (max-width: 961px) 100vw, 961px\" \/><\/figure>\n\n\n\n<hr class=\"wp-block-separator has-css-opacity\"\/>\n\n\n\n<h1 class=\"wp-block-heading\">3 &#8211; Mise en place de <span class=\"has-inline-color has-vivid-cyan-blue-color\">SuperTek420<\/span><\/h1>\n\n\n\n<figure class=\"wp-block-table is-style-stripes\"><table><tbody><tr><td>Version de WordPress<\/td><td><strong>latest<\/strong><\/td><\/tr><tr><td>Dossier d&rsquo;installation<\/td><td><span class=\"has-inline-color has-vivid-green-cyan-color\"><strong>\/var\/www\/sup<\/strong><\/span><strong><span class=\"has-inline-color has-vivid-green-cyan-color\">ertek420.info\/html\/<\/span><\/strong><br><strong><span class=\"has-inline-color has-vivid-red-color\">ATTENTION de ne pas ajouter de dossier <br>wordpress sous le dossier mentionn\u00e9.<\/span><\/strong><\/td><\/tr><tr><td>Fichier de l&rsquo;h\u00f4te virtuel<\/td><td>supertek420.info.conf<\/td><\/tr><tr><td>Utilisateur, <br>Mot de passe<br>Base de donn\u00e9es<\/td><td>supertek<br>password<br>supertek<\/td><\/tr><tr><td>Compte de gestion du site WP<\/td><td><strong>fred<\/strong> : <strong>password<\/strong><\/td><\/tr><tr><td>Th\u00e8me<br>et contenus de d\u00e9monstration <\/td><td>Shapely<br><\/td><\/tr><tr><td>Nom de domaine<\/td><td>supertek420.info<\/td><\/tr><tr><td>URL pour l&rsquo;installation<\/td><td><strong>http:\/\/supertek420.info<\/strong><\/td><\/tr><\/tbody><\/table><\/figure>\n\n\n\n<h2 class=\"has-vivid-green-cyan-color has-text-color wp-block-heading\">3.1 &#8211; Installer les contenus de d\u00e9monstration du th\u00e8me<\/h2>\n\n\n\n<p>Certains th\u00e8mes offrent des contenus de d\u00e9monstration.  <\/p>\n\n\n\n<p>C&rsquo;est le cas avec le th\u00e8me &lsquo;<strong>Shapely<\/strong>&lsquo;.<\/p>\n\n\n\n<p>Il est possible d&rsquo;importer ces contenus, ainsi que les extensions requises, via le tableau de bord, sous la rubrique &lsquo;<strong>Apparence-&gt;Personnaliser<\/strong>&lsquo; ou lors de la pr\u00e9visualisation du th\u00e8me.  <strong><span class=\"has-inline-color has-vivid-red-color\">Note<\/span><\/strong>, il faut que le th\u00e8me soit install\u00e9 pour que l&rsquo;importation fonctionne sous la rubrique &lsquo;<strong>Pr\u00e9visualisation<\/strong>&lsquo;.<\/p>\n\n\n\n<figure class=\"wp-block-image size-full is-resized\"><img loading=\"lazy\" decoding=\"async\" src=\"http:\/\/ve2cuy.com\/420-3c3\/wp-content\/uploads\/2021\/10\/Capture-decran-le-2021-10-01-a-17.37.54.png\" alt=\"\" class=\"wp-image-1742\" width=\"292\" height=\"361\" srcset=\"https:\/\/ve2cuy.com\/420-21e\/wp-content\/uploads\/2021\/10\/Capture-decran-le-2021-10-01-a-17.37.54.png 572w, https:\/\/ve2cuy.com\/420-21e\/wp-content\/uploads\/2021\/10\/Capture-decran-le-2021-10-01-a-17.37.54-242x300.png 242w\" sizes=\"auto, (max-width: 292px) 100vw, 292px\" \/><\/figure>\n\n\n\n<figure class=\"wp-block-image size-large is-resized\"><img loading=\"lazy\" decoding=\"async\" src=\"http:\/\/ve2cuy.com\/420-3c3\/wp-content\/uploads\/2021\/10\/Capture-decran-le-2021-10-01-a-17.38.42-1024x1009.png\" alt=\"\" class=\"wp-image-1743\" width=\"738\" height=\"727\" srcset=\"https:\/\/ve2cuy.com\/420-21e\/wp-content\/uploads\/2021\/10\/Capture-decran-le-2021-10-01-a-17.38.42-1024x1009.png 1024w, https:\/\/ve2cuy.com\/420-21e\/wp-content\/uploads\/2021\/10\/Capture-decran-le-2021-10-01-a-17.38.42-300x296.png 300w, https:\/\/ve2cuy.com\/420-21e\/wp-content\/uploads\/2021\/10\/Capture-decran-le-2021-10-01-a-17.38.42-768x757.png 768w, https:\/\/ve2cuy.com\/420-21e\/wp-content\/uploads\/2021\/10\/Capture-decran-le-2021-10-01-a-17.38.42-1536x1513.png 1536w, https:\/\/ve2cuy.com\/420-21e\/wp-content\/uploads\/2021\/10\/Capture-decran-le-2021-10-01-a-17.38.42.png 1632w\" sizes=\"auto, (max-width: 738px) 100vw, 738px\" \/><\/figure>\n\n\n\n<hr class=\"wp-block-separator has-css-opacity\"\/>\n\n\n\n<h2 class=\"has-luminous-vivid-orange-color has-text-color wp-block-heading\">3.2 &#8211; Personnaliser la page d&rsquo;accueil  pour obtenir le r\u00e9sultat suivant:<\/h2>\n\n\n\n<figure class=\"wp-block-image size-large\"><img loading=\"lazy\" decoding=\"async\" width=\"1024\" height=\"827\" src=\"http:\/\/ve2cuy.com\/420-3c3\/wp-content\/uploads\/2021\/10\/Capture-decran-le-2021-10-01-a-17.25.19-1024x827.png\" alt=\"\" class=\"wp-image-1739\" srcset=\"https:\/\/ve2cuy.com\/420-21e\/wp-content\/uploads\/2021\/10\/Capture-decran-le-2021-10-01-a-17.25.19-1024x827.png 1024w, https:\/\/ve2cuy.com\/420-21e\/wp-content\/uploads\/2021\/10\/Capture-decran-le-2021-10-01-a-17.25.19-300x242.png 300w, https:\/\/ve2cuy.com\/420-21e\/wp-content\/uploads\/2021\/10\/Capture-decran-le-2021-10-01-a-17.25.19-768x620.png 768w, https:\/\/ve2cuy.com\/420-21e\/wp-content\/uploads\/2021\/10\/Capture-decran-le-2021-10-01-a-17.25.19-1536x1241.png 1536w, https:\/\/ve2cuy.com\/420-21e\/wp-content\/uploads\/2021\/10\/Capture-decran-le-2021-10-01-a-17.25.19.png 1676w\" sizes=\"auto, (max-width: 1024px) 100vw, 1024px\" \/><\/figure>\n\n\n\n<hr class=\"wp-block-separator has-css-opacity\"\/>\n\n\n\n<h1 class=\"has-cyan-bluish-gray-color has-text-color wp-block-heading\">4 &#8211; Remise de la cl\u00e9 USB avec les contenus suivants:<\/h1>\n\n\n\n<ul class=\"wp-block-list\"><li><strong>Tous les fichiers du dossier de la VM<\/strong>.<\/li><li>Votre <strong>fichier hosts<\/strong>.<\/li><li>Un fichier <strong><span class=\"has-inline-color has-vivid-red-color\">lisezmoi.txt<\/span><\/strong> avec votre nom et matricule.<\/li><\/ul>\n\n\n\n<hr class=\"wp-block-separator has-css-opacity\"\/>\n\n\n\n<h2 class=\"has-vivid-red-color has-text-color wp-block-heading\">Fin du laboratoire not\u00e9 (40% de la note finale)<\/h2>\n\n\n\n<p class=\"has-text-align-right\">version 1.06<\/p>\n","protected":false},"excerpt":{"rendered":"<p>Remise: jeudi le 20 octobre 2022, au d\u00e9but du coursPond\u00e9ration: 40% de la note finale Livrables: Tous les fichiers du dossier de la VM Votre fichier hosts: Windows, MacOS ou Linux Fichier &lsquo;lisezmoi.txt&rsquo; avec votre nom et matricule Mise en situation Il faut publier deux sites Web, pilot\u00e9s par WordPress, sur un serveur Ubuntu 20.04. [&hellip;]<\/p>\n","protected":false},"author":2,"featured_media":0,"parent":0,"menu_order":0,"comment_status":"closed","ping_status":"closed","template":"","meta":{"footnotes":""},"class_list":["post-1729","page","type-page","status-publish","hentry"],"uagb_featured_image_src":{"full":false,"thumbnail":false,"medium":false,"medium_large":false,"large":false,"1536x1536":false,"2048x2048":false},"uagb_author_info":{"display_name":"Alain","author_link":"https:\/\/ve2cuy.com\/420-21e\/index.php\/author\/alain\/"},"uagb_comment_info":0,"uagb_excerpt":"Remise: jeudi le 20 octobre 2022, au d\u00e9but du coursPond\u00e9ration: 40% de la note finale Livrables: Tous les fichiers du dossier de la VM Votre fichier hosts: Windows, MacOS ou Linux Fichier &lsquo;lisezmoi.txt&rsquo; avec votre nom et matricule Mise en situation Il faut publier deux sites Web, pilot\u00e9s par WordPress, sur un serveur Ubuntu 20.04.&hellip;","_links":{"self":[{"href":"https:\/\/ve2cuy.com\/420-21e\/index.php\/wp-json\/wp\/v2\/pages\/1729","targetHints":{"allow":["GET"]}}],"collection":[{"href":"https:\/\/ve2cuy.com\/420-21e\/index.php\/wp-json\/wp\/v2\/pages"}],"about":[{"href":"https:\/\/ve2cuy.com\/420-21e\/index.php\/wp-json\/wp\/v2\/types\/page"}],"author":[{"embeddable":true,"href":"https:\/\/ve2cuy.com\/420-21e\/index.php\/wp-json\/wp\/v2\/users\/2"}],"replies":[{"embeddable":true,"href":"https:\/\/ve2cuy.com\/420-21e\/index.php\/wp-json\/wp\/v2\/comments?post=1729"}],"version-history":[{"count":10,"href":"https:\/\/ve2cuy.com\/420-21e\/index.php\/wp-json\/wp\/v2\/pages\/1729\/revisions"}],"predecessor-version":[{"id":2397,"href":"https:\/\/ve2cuy.com\/420-21e\/index.php\/wp-json\/wp\/v2\/pages\/1729\/revisions\/2397"}],"wp:attachment":[{"href":"https:\/\/ve2cuy.com\/420-21e\/index.php\/wp-json\/wp\/v2\/media?parent=1729"}],"curies":[{"name":"wp","href":"https:\/\/api.w.org\/{rel}","templated":true}]}}