{"id":1633,"date":"2022-02-01T23:11:50","date_gmt":"2022-02-01T23:11:50","guid":{"rendered":"http:\/\/ve2cuy.com\/420-3c3\/?page_id=1633"},"modified":"2024-03-18T15:36:50","modified_gmt":"2024-03-18T15:36:50","slug":"laboratoire-s3-apache","status":"publish","type":"page","link":"https:\/\/ve2cuy.com\/420-21e\/index.php\/laboratoire-s3-apache\/","title":{"rendered":"Laboratoire S3 &#8211; Apache"},"content":{"rendered":"\n<ol class=\"wp-block-list\"><li>Au besoin, installer virtualbox&nbsp;<\/li><li>Dans virtuelBox, installer deux VM Ubuntu server:<ol><li>21.04 &#8211; <strong>srv01<\/strong>, avec un r\u00e9seau de type bridge (pont) et un disque de 20go.<\/li><li>20.04 &#8211; <strong>srv02<\/strong>, avec un r\u00e9seau de type bridge (pont) et un disque de 18go.<ul><li>Au besoin, T\u00e9l\u00e9charger le fichier ISO du site d&rsquo;Ubuntu.<\/li><\/ul><\/li><\/ol><\/li><li>Renseigner le DNS dans Windows: ip-vm1. <strong><span class=\"has-inline-color has-vivid-purple-color\">srv01.j<\/span><\/strong>, ip-vm2 <strong><span class=\"has-inline-color has-vivid-purple-color\">srv02.j<\/span><\/strong>.<\/li><li>Tester les noms de domaine de l&rsquo;\u00e9tape 3 avec la commande <strong><em>ping<\/em><\/strong> \u00e0 partir d&rsquo;un terminal Git Bash.<\/li><li>Effectuer la Mise \u00e0 jour des packages sur les deux serveurs.<\/li><li>Installer <strong>apache2<\/strong> sur <strong>srv01<\/strong>.<\/li><li>Installer <strong>nginx<\/strong> sur <strong>srv02<\/strong>.<\/li><li>Installer <strong>mc<\/strong> sur <strong>srv02<\/strong><\/li><li>Cr\u00e9er un compte \u00b4<strong>gestion<\/strong> \u00b4 sur <strong>srv02<\/strong>, <\/li><li>Ajouter le compte &lsquo;<strong>gestion<\/strong>&lsquo; au groupe des <strong>sudoers<\/strong><\/li><li>Lancer <strong>mc<\/strong> automatiquement au login du compte &lsquo;<strong>gestion<\/strong>&lsquo;.<\/li><li>Installer le cheatsheet de bootstrap sur <strong>srv01<\/strong><\/li><li>Ajuster les droits d\u2019acc\u00e8s pour interdire tout acc\u00e8s \u00e0 <strong>other<\/strong> dans le rep home des deux serveurs web.<\/li><li>Remplacer la page d\u2019accueil web de <strong>srv02<\/strong> par une page qui souhaite la bienvenue sur le site de la cie ABC avec votre nom sur la ligne num\u00e9ro deux.<\/li><li>Tester les deux serveurs web en utilisant leur nom de domaine.<\/li><li>Tester le site web de <strong>srv02<\/strong> de votre voisin.<\/li><\/ol>\n","protected":false},"excerpt":{"rendered":"<p>Au besoin, installer virtualbox&nbsp; Dans virtuelBox, installer deux VM Ubuntu server: 21.04 &#8211; srv01, avec un r\u00e9seau de type bridge (pont) et un disque de 20go. 20.04 &#8211; srv02, avec un r\u00e9seau de type bridge (pont) et un disque de 18go. Au besoin, T\u00e9l\u00e9charger le fichier ISO du site d&rsquo;Ubuntu. Renseigner le DNS dans Windows: [&hellip;]<\/p>\n","protected":false},"author":2,"featured_media":0,"parent":0,"menu_order":0,"comment_status":"closed","ping_status":"closed","template":"","meta":{"footnotes":""},"class_list":["post-1633","page","type-page","status-publish","hentry"],"uagb_featured_image_src":{"full":false,"thumbnail":false,"medium":false,"medium_large":false,"large":false,"1536x1536":false,"2048x2048":false},"uagb_author_info":{"display_name":"Alain","author_link":"https:\/\/ve2cuy.com\/420-21e\/index.php\/author\/alain\/"},"uagb_comment_info":0,"uagb_excerpt":"Au besoin, installer virtualbox&nbsp; Dans virtuelBox, installer deux VM Ubuntu server: 21.04 &#8211; srv01, avec un r\u00e9seau de type bridge (pont) et un disque de 20go. 20.04 &#8211; srv02, avec un r\u00e9seau de type bridge (pont) et un disque de 18go. Au besoin, T\u00e9l\u00e9charger le fichier ISO du site d&rsquo;Ubuntu. Renseigner le DNS dans Windows:&hellip;","_links":{"self":[{"href":"https:\/\/ve2cuy.com\/420-21e\/index.php\/wp-json\/wp\/v2\/pages\/1633","targetHints":{"allow":["GET"]}}],"collection":[{"href":"https:\/\/ve2cuy.com\/420-21e\/index.php\/wp-json\/wp\/v2\/pages"}],"about":[{"href":"https:\/\/ve2cuy.com\/420-21e\/index.php\/wp-json\/wp\/v2\/types\/page"}],"author":[{"embeddable":true,"href":"https:\/\/ve2cuy.com\/420-21e\/index.php\/wp-json\/wp\/v2\/users\/2"}],"replies":[{"embeddable":true,"href":"https:\/\/ve2cuy.com\/420-21e\/index.php\/wp-json\/wp\/v2\/comments?post=1633"}],"version-history":[{"count":1,"href":"https:\/\/ve2cuy.com\/420-21e\/index.php\/wp-json\/wp\/v2\/pages\/1633\/revisions"}],"predecessor-version":[{"id":2105,"href":"https:\/\/ve2cuy.com\/420-21e\/index.php\/wp-json\/wp\/v2\/pages\/1633\/revisions\/2105"}],"wp:attachment":[{"href":"https:\/\/ve2cuy.com\/420-21e\/index.php\/wp-json\/wp\/v2\/media?parent=1633"}],"curies":[{"name":"wp","href":"https:\/\/api.w.org\/{rel}","templated":true}]}}