{"id":1512,"date":"2022-01-27T22:40:56","date_gmt":"2022-01-27T22:40:56","guid":{"rendered":"http:\/\/ve2cuy.com\/420-3c3\/?page_id=1512"},"modified":"2022-09-11T16:14:47","modified_gmt":"2022-09-11T16:14:47","slug":"documents-de-cours","status":"publish","type":"page","link":"https:\/\/ve2cuy.com\/420-21e\/index.php\/documents-de-cours\/","title":{"rendered":"Documents de cours"},"content":{"rendered":"\n<ol class=\"has-cyan-bluish-gray-color has-text-color wp-block-list\"><li><a href=\"http:\/\/ve2cuy.com\/420-21e\/wp-content\/uploads\/2022\/01\/planCadre_420-21E_EnvironnementDeveloppementWeb2.b.pdf\">Plan cadre<\/a> <\/li><li><a href=\"http:\/\/ve2cuy.com\/420-21e\/wp-content\/uploads\/2022\/09\/420-E21-AB_pc_A22.docx\">Plan de cours<\/a><\/li><li><a href=\"http:\/\/ve2cuy.com\/420-21e\/index.php\/evaluations\/\" data-type=\"page\" data-id=\"864\">\u00c9valuations<\/a><\/li><li><a href=\"http:\/\/ve2cuy.com\/420-21e\/index.php\/installation-ubuntu-desktop-2\/console-linux-commandes-de-base\/\" data-type=\"page\" data-id=\"584\">Retour sur les commandes de base de Linux<\/a><\/li><li><a href=\"http:\/\/ve2cuy.com\/420-21e\/index.php\/batch2\/\" data-type=\"page\" data-id=\"1306\">Fichier de commandes &lsquo;bash&rsquo;<\/a> &#8211; Contenu optionnel <\/li><li><a href=\"http:\/\/ve2cuy.com\/420-21e\/index.php\/installation-ubuntu-desktop-2\/virtualisation-des-technologies-web\/\" data-type=\"page\" data-id=\"259\">Concepts de virtualisation<\/a><\/li><li><a href=\"http:\/\/ve2cuy.com\/420-21e\/index.php\/installation-dapache2-structure-du-site-virtuel-de-depart-et-tests\/\">Adresse IP fixe sous Ubuntu 22.04<\/a><\/li><li><a href=\"http:\/\/ve2cuy.com\/420-21e\/index.php\/laboratoire-s3-apache\/\" data-type=\"page\" data-id=\"1633\">Laboratoire S3 &#8211; Apache2<\/a><\/li><li><a href=\"http:\/\/ve2cuy.com\/420-21e\/index.php\/installation-ubuntu-desktop-2\/ajout-dune-pile-amp-au-serveur-linux\/\" data-type=\"page\" data-id=\"871\">Installation et configuration d&rsquo;une pile AMP<\/a><\/li><li><a href=\"http:\/\/ve2cuy.com\/420-21e\/index.php\/installer-wordpress\/\" data-type=\"page\" data-id=\"926\">Installation et configuration de WordPress (version nomm\u00e9e et latest)<\/a> <\/li><li><a href=\"http:\/\/ve2cuy.com\/420-21e\/index.php\/apache-hotes-virtuels\/\" data-type=\"page\" data-id=\"1663\">Apache2 &#8211; H\u00f4tes virtuels<\/a><\/li><li><a href=\"http:\/\/ve2cuy.com\/420-21e\/index.php\/mise-en-place-et-configuration-dun-pare-feu-ufw\/\" data-type=\"page\" data-id=\"2132\">Mise en place et configuration d&rsquo;un pare feu<\/a>: <a href=\"https:\/\/wiki.ubuntu.com\/UncomplicatedFirewall\">ufw -> Uncomplicated FireWall<\/a><\/li><li><a href=\"http:\/\/ve2cuy.com\/420-21e\/index.php\/installation-ubuntu-desktop-2\/utilisation-de-cloud-google-com\/\" data-type=\"page\" data-id=\"697\">D\u00e9ploiement d&rsquo;un serveur Web en nuage (cr\u00e9ation d&rsquo;une VM sur cloud.google.com)<\/a><\/li><li><mark style=\"background-color:rgba(0, 0, 0, 0)\" class=\"has-inline-color has-cyan-bluish-gray-color\"><a href=\"http:\/\/ve2cuy.com\/420-21e\/index.php\/installation-dun-certificat-signe-sur-un-hote-virtuel-apache2\/\" data-type=\"page\" data-id=\"2123\">Installation d&rsquo;un certificat sign\u00e9 sur un h\u00f4te virtuel apache2<\/a> (<strong><a href=\"https:\/\/certbot.eff.org\">certbot<\/a><\/strong>)<\/mark><\/li><li><mark style=\"background-color:rgba(0, 0, 0, 0)\" class=\"has-inline-color has-cyan-bluish-gray-color\"><a href=\"http:\/\/ve2cuy.com\/420-21e\/index.php\/installation-dun-certificat-auto-signe\/\" data-type=\"page\" data-id=\"2126\">Installation d&rsquo;un certificat auto-sign\u00e9<\/a> &#8211; pour une application web locale<\/mark><\/li><li><mark style=\"background-color:rgba(0, 0, 0, 0)\" class=\"has-inline-color has-cyan-bluish-gray-color\"><a href=\"http:\/\/ve2cuy.com\/420-21e\/index.php\/strategies-de-securite\/\" data-type=\"page\" data-id=\"2129\">Strat\u00e9gies de s\u00e9curit\u00e9<\/a> (<a href=\"https:\/\/www.fail2ban.org\/wiki\/index.php\/Main_Page\">fail2ban<\/a>, <strong><a href=\"https:\/\/cisofy.com\/lynis\/\">Lynis<\/a><\/strong>, <a href=\"https:\/\/www.kali.org\">kali Linux<\/a>, <a href=\"https:\/\/www.kasmweb.com\">Kasm<\/a> via Docker)<\/mark><\/li><li><a href=\"http:\/\/ve2cuy.com\/420-3c3\/?page_id=1720\" data-type=\"page\" data-id=\"1720\">Sauvegarde et restauration d&rsquo;un site WordPress<\/a> (Staging)<\/li><li><a href=\"http:\/\/ve2cuy.com\/420-21e\/index.php\/vagrant-automatisation-de-la-creation-des-vm\/\" data-type=\"page\" data-id=\"1707\">Vagrant &#8211; Automatisation de la cr\u00e9ation de VMs<\/a><\/li><li><a href=\"http:\/\/ve2cuy.com\/420-21e\/index.php\/configuration-et-utilisation-de-ssh\/\" data-type=\"page\" data-id=\"1492\">ssh, cl\u00e9s priv\u00e9e\/publique et fichier &lsquo;config&rsquo;<\/a><\/li><li><a href=\"http:\/\/ve2cuy.com\/420-21e\/index.php\/mise-en-place-dun-serveur-smb\/\" data-type=\"page\" data-id=\"1361\">Mise en place du protocole SMB<\/a><\/li><li><a href=\"http:\/\/ve2cuy.com\/420-21e\/index.php\/installation-dun-serveur-ftp-sous-linux\/\" data-type=\"page\" data-id=\"1460\">Mise en place du protocole FTP<\/a> (vsftpd, firewall, FileZilla)<\/li><li>Documentation via un gestionnaire de version (<a href=\"https:\/\/www.markdownguide.org\/basic-syntax\/\">MarkDown<\/a>, VSCode, <a href=\"https:\/\/git-scm.com\">git<\/a> et <a href=\"https:\/\/github.com\">GitHub<\/a>)<\/li><li><mark style=\"background-color:rgba(0, 0, 0, 0)\" class=\"has-inline-color has-cyan-bluish-gray-color\">D\u00e9monstration d&rsquo;un application en micro-services (Introduction \u00e0 <a href=\"https:\/\/www.docker.com\">Docker<\/a>)<\/mark><\/li><\/ol>\n\n\n\n<hr class=\"wp-block-separator has-css-opacity\"\/>\n\n\n\n<p class=\"has-text-align-right\">Version du document: 2022.02.01<\/p>\n","protected":false},"excerpt":{"rendered":"<p>Plan cadre Plan de cours \u00c9valuations Retour sur les commandes de base de Linux Fichier de commandes &lsquo;bash&rsquo; &#8211; Contenu optionnel Concepts de virtualisation Adresse IP fixe sous Ubuntu 22.04 Laboratoire S3 &#8211; Apache2 Installation et configuration d&rsquo;une pile AMP Installation et configuration de WordPress (version nomm\u00e9e et latest) Apache2 &#8211; H\u00f4tes virtuels Mise en [&hellip;]<\/p>\n","protected":false},"author":2,"featured_media":0,"parent":0,"menu_order":0,"comment_status":"closed","ping_status":"closed","template":"","meta":{"footnotes":""},"class_list":["post-1512","page","type-page","status-publish","hentry"],"uagb_featured_image_src":{"full":false,"thumbnail":false,"medium":false,"medium_large":false,"large":false,"1536x1536":false,"2048x2048":false},"uagb_author_info":{"display_name":"Alain","author_link":"https:\/\/ve2cuy.com\/420-21e\/index.php\/author\/alain\/"},"uagb_comment_info":0,"uagb_excerpt":"Plan cadre Plan de cours \u00c9valuations Retour sur les commandes de base de Linux Fichier de commandes &lsquo;bash&rsquo; &#8211; Contenu optionnel Concepts de virtualisation Adresse IP fixe sous Ubuntu 22.04 Laboratoire S3 &#8211; Apache2 Installation et configuration d&rsquo;une pile AMP Installation et configuration de WordPress (version nomm\u00e9e et latest) Apache2 &#8211; H\u00f4tes virtuels Mise en&hellip;","_links":{"self":[{"href":"https:\/\/ve2cuy.com\/420-21e\/index.php\/wp-json\/wp\/v2\/pages\/1512","targetHints":{"allow":["GET"]}}],"collection":[{"href":"https:\/\/ve2cuy.com\/420-21e\/index.php\/wp-json\/wp\/v2\/pages"}],"about":[{"href":"https:\/\/ve2cuy.com\/420-21e\/index.php\/wp-json\/wp\/v2\/types\/page"}],"author":[{"embeddable":true,"href":"https:\/\/ve2cuy.com\/420-21e\/index.php\/wp-json\/wp\/v2\/users\/2"}],"replies":[{"embeddable":true,"href":"https:\/\/ve2cuy.com\/420-21e\/index.php\/wp-json\/wp\/v2\/comments?post=1512"}],"version-history":[{"count":32,"href":"https:\/\/ve2cuy.com\/420-21e\/index.php\/wp-json\/wp\/v2\/pages\/1512\/revisions"}],"predecessor-version":[{"id":2371,"href":"https:\/\/ve2cuy.com\/420-21e\/index.php\/wp-json\/wp\/v2\/pages\/1512\/revisions\/2371"}],"wp:attachment":[{"href":"https:\/\/ve2cuy.com\/420-21e\/index.php\/wp-json\/wp\/v2\/media?parent=1512"}],"curies":[{"name":"wp","href":"https:\/\/api.w.org\/{rel}","templated":true}]}}