{"id":785,"date":"2021-07-27T14:23:01","date_gmt":"2021-07-27T19:23:01","guid":{"rendered":"http:\/\/ve2cuy.com\/420-1c4\/?page_id=785"},"modified":"2024-03-18T09:41:19","modified_gmt":"2024-03-18T14:41:19","slug":"les-modules-grove","status":"publish","type":"page","link":"https:\/\/ve2cuy.com\/420-1c4\/index.php\/les-modules-grove\/","title":{"rendered":"Les modules Grove"},"content":{"rendered":"\n<h2 class=\"has-luminous-vivid-orange-color has-text-color wp-block-heading\">Description de Grove<\/h2>\n\n\n\n<p>Jeu de plaquettes (circuits) \u00e9lectroniques, compatibles Arduino, \u00e0 connexion simple.<\/p>\n\n\n\n<h3 class=\"has-pale-pink-color has-text-color wp-block-heading\">Le module Hat<\/h3>\n\n\n\n<p>Description:<\/p>\n\n\n\n<p class=\"has-vivid-red-color has-text-color\">Module \u00e0 placer au dessus de l&rsquo;Arduino Uno.  Il permet d&rsquo;y connecter les plaquettes d&rsquo;exp\u00e9rimentations \u00e9lectroniques (modules Grove).<\/p>\n\n\n\n<figure class=\"wp-block-image size-full\"><img loading=\"lazy\" decoding=\"async\" width=\"700\" height=\"525\" src=\"http:\/\/ve2cuy.com\/420-1c4\/wp-content\/uploads\/2021\/07\/grove-hat-1.jpg\" alt=\"\" class=\"wp-image-822\" srcset=\"https:\/\/ve2cuy.com\/420-1c4\/wp-content\/uploads\/2021\/07\/grove-hat-1.jpg 700w, https:\/\/ve2cuy.com\/420-1c4\/wp-content\/uploads\/2021\/07\/grove-hat-1-300x225.jpg 300w\" sizes=\"auto, (max-width: 700px) 100vw, 700px\" \/><\/figure>\n\n\n\n<p>Lien &#8211; <a href=\"https:\/\/wiki.seeedstudio.com\/Base_Shield_V2\/\">R\u00e9f\u00e9rence<\/a><\/p>\n\n\n\n<hr class=\"wp-block-separator\"\/>\n\n\n\n<h3 class=\"has-vivid-purple-color has-text-color wp-block-heading\">Identification des connecteurs:<\/h3>\n\n\n\n<p class=\"has-vivid-cyan-blue-color has-text-color\">Voici une description des diff\u00e9rentes bornes de connexions pr\u00e9sentes sur le Hat de Grove:<\/p>\n\n\n\n<div class=\"wp-block-getwid-table\"><table><thead><tr><th>\u00c9tiquette<\/th><th>Description<\/th><\/tr><\/thead><tbody><tr><td>A0-A3<\/td><td>Reli\u00e9s aux broches analogiques A0 \u00e0 A3 du Arduino Uno<\/td><\/tr><tr><td>D2-D8<\/td><td>Reli\u00e9s aux broches digitales D2 \u00e0 D8 du Arduino Uno<\/td><\/tr><tr><td>I2C (4 fois)<\/td><td>Reli\u00e9s aux broches A4 (SDA) et A5 (SCL) du Arduino Uno <\/td><\/tr><tr><td><a href=\"http:\/\/ve2cuy.com\/420-1c4\/index.php\/introduction-aux-microcontroleurs\/#uart\" data-type=\"page\">UART<\/a><\/td><td>Reli\u00e9s aux broches D0 (RX) et D1 (TX) du Arduino Uno<\/td><\/tr><tr><td>3V3\/5V<\/td><td>Interrupteur d&rsquo;alimention permettant d&rsquo;harmoniser <br>la tension du module Arduino aux modules Grove.<br><br>Par exemple, <a href=\"https:\/\/wiki.seeedstudio.com\/Seeeduino_Arch\/\">Seeeduino<\/a> est un module compatible Arduino qui fonctionne <br>avec une tension \u00e9lectrique de 3.3V.  <br>Dans ce cas, il faudra positionner l&rsquo;interrupteur \u00e0 la position 3.3V et utiliser <br>des modules Grove qui fonctionnent avec cette tension.<\/td><\/tr><tr><td>RST<\/td><td>Interrupteur momentan\u00e9 pour r\u00e9initialiser le module Arduino<\/td><\/tr><\/tbody><\/table><\/div>\n\n\n\n<hr class=\"wp-block-separator\"\/>\n\n\n\n<p><\/p>\n\n\n\n<h3 class=\"has-cyan-bluish-gray-color has-text-color wp-block-heading\">Installation sur l&rsquo;Arduino Uno<\/h3>\n\n\n\n<figure class=\"wp-block-image size-large is-resized\"><img loading=\"lazy\" decoding=\"async\" src=\"http:\/\/ve2cuy.com\/420-1c4\/wp-content\/uploads\/2021\/07\/hatarduino-1024x683.png\" alt=\"\" class=\"wp-image-829\" width=\"519\" height=\"346\" srcset=\"https:\/\/ve2cuy.com\/420-1c4\/wp-content\/uploads\/2021\/07\/hatarduino-1024x683.png 1024w, https:\/\/ve2cuy.com\/420-1c4\/wp-content\/uploads\/2021\/07\/hatarduino-300x200.png 300w, https:\/\/ve2cuy.com\/420-1c4\/wp-content\/uploads\/2021\/07\/hatarduino-768x512.png 768w, https:\/\/ve2cuy.com\/420-1c4\/wp-content\/uploads\/2021\/07\/hatarduino-1536x1024.png 1536w, https:\/\/ve2cuy.com\/420-1c4\/wp-content\/uploads\/2021\/07\/hatarduino.png 1920w\" sizes=\"auto, (max-width: 519px) 100vw, 519px\" \/><\/figure>\n\n\n\n<p>Directives:<\/p>\n\n\n\n<p class=\"has-vivid-red-color has-text-color\">Fournies pas l&rsquo;enseignant en laboratoire.<\/p>\n\n\n\n<h3 class=\"has-luminous-vivid-amber-color has-text-color wp-block-heading\">Les connecteurs et c\u00e2bles<\/h3>\n\n\n\n<p>Directives d&rsquo;utilisation:<\/p>\n\n\n\n<p class=\"has-vivid-red-color has-text-color\">Fournies pas l&rsquo;enseignant en laboratoire.<\/p>\n\n\n\n<p><\/p>\n\n\n\n<hr class=\"wp-block-separator\"\/>\n\n\n\n<h2 class=\"has-vivid-green-cyan-color has-text-color wp-block-heading\"><br>Liste des modules Grove qui seront utilis\u00e9s en classe<\/h2>\n\n\n\n<div class=\"wp-block-getwid-table\"><table><thead><tr><th>#<\/th><th>Nom<\/th><th>Image<\/th><th>Description<\/th><\/tr><\/thead><tbody><tr><td>A<\/td><td><a href=\"https:\/\/www.seeedstudio.com\/Base-Shield-V2.html\">Hat<\/a><\/td><td style=\"text-align:center\"><img loading=\"lazy\" decoding=\"async\" width=\"150\" height=\"113\" class=\"wp-image-792\" style=\"width: 150px;\" src=\"http:\/\/ve2cuy.com\/420-1c4\/wp-content\/uploads\/2021\/07\/grove-hat.jpg\" alt=\"\" srcset=\"https:\/\/ve2cuy.com\/420-1c4\/wp-content\/uploads\/2021\/07\/grove-hat.jpg 700w, https:\/\/ve2cuy.com\/420-1c4\/wp-content\/uploads\/2021\/07\/grove-hat-300x225.jpg 300w\" sizes=\"auto, (max-width: 150px) 100vw, 150px\" \/><\/td><td>Install\u00e9 sur un Arduino Uno,<br>permet l&rsquo;utilisation des modules Grove.<\/td><\/tr><tr><td>B<\/td><td><a href=\"https:\/\/wiki.seeedstudio.com\/Grove-Red_LED\/\">Red LED<\/a><\/td><td style=\"text-align:center\"><img loading=\"lazy\" decoding=\"async\" width=\"150\" height=\"113\" class=\"wp-image-786\" style=\"width: 150px;\" src=\"http:\/\/ve2cuy.com\/420-1c4\/wp-content\/uploads\/2021\/07\/red_led.jpg\" alt=\"\" srcset=\"https:\/\/ve2cuy.com\/420-1c4\/wp-content\/uploads\/2021\/07\/red_led.jpg 1400w, https:\/\/ve2cuy.com\/420-1c4\/wp-content\/uploads\/2021\/07\/red_led-300x225.jpg 300w, https:\/\/ve2cuy.com\/420-1c4\/wp-content\/uploads\/2021\/07\/red_led-1024x769.jpg 1024w, https:\/\/ve2cuy.com\/420-1c4\/wp-content\/uploads\/2021\/07\/red_led-768x577.jpg 768w\" sizes=\"auto, (max-width: 150px) 100vw, 150px\" \/><\/td><td>Reli\u00e9 \u00e0 un connecteur digital du Hat, <br>permet de faire fonctionner une DEL.<\/td><\/tr><tr><td>C<\/td><td><a href=\"https:\/\/wiki.seeedstudio.com\/Grove-Button\/\">Button<\/a><\/td><td style=\"text-align:center\"><img loading=\"lazy\" decoding=\"async\" width=\"150\" height=\"98\" class=\"wp-image-797\" style=\"width: 150px;\" src=\"http:\/\/ve2cuy.com\/420-1c4\/wp-content\/uploads\/2021\/07\/grove-button-wppp.png\" alt=\"\" srcset=\"https:\/\/ve2cuy.com\/420-1c4\/wp-content\/uploads\/2021\/07\/grove-button-wppp.png 800w, https:\/\/ve2cuy.com\/420-1c4\/wp-content\/uploads\/2021\/07\/grove-button-wppp-300x195.png 300w, https:\/\/ve2cuy.com\/420-1c4\/wp-content\/uploads\/2021\/07\/grove-button-wppp-768x500.png 768w\" sizes=\"auto, (max-width: 150px) 100vw, 150px\" \/><\/td><td>Reli\u00e9 \u00e0 un connecteur digital du Hat, <br>permet de lire l&rsquo;\u00e9tat de l&rsquo;interrupteur momentan\u00e9.<\/td><\/tr><tr><td>D<\/td><td><a href=\"https:\/\/wiki.seeedstudio.com\/Grove-Rotary_Angle_Sensor\/\">Rotary Angle Sensor<\/a><\/td><td style=\"text-align:center\"><img loading=\"lazy\" decoding=\"async\" width=\"150\" height=\"113\" class=\"wp-image-798\" style=\"width: 150px;\" src=\"http:\/\/ve2cuy.com\/420-1c4\/wp-content\/uploads\/2021\/07\/rotary-angle-sensor.jpg\" alt=\"\" srcset=\"https:\/\/ve2cuy.com\/420-1c4\/wp-content\/uploads\/2021\/07\/rotary-angle-sensor.jpg 700w, https:\/\/ve2cuy.com\/420-1c4\/wp-content\/uploads\/2021\/07\/rotary-angle-sensor-300x225.jpg 300w\" sizes=\"auto, (max-width: 150px) 100vw, 150px\" \/><\/td><td>Reli\u00e9 \u00e0 un connecteur analogique du Hat,<br>permet de lire l&rsquo;\u00e9tat du potentiom\u00e8tre.<\/td><\/tr><tr><td>E<\/td><td><a href=\"https:\/\/wiki.seeedstudio.com\/Grove-Light_Sensor\/\">Light Sensor<\/a><\/td><td style=\"text-align:center\"><img loading=\"lazy\" decoding=\"async\" width=\"150\" height=\"118\" class=\"wp-image-801\" style=\"width: 150px;\" src=\"http:\/\/ve2cuy.com\/420-1c4\/wp-content\/uploads\/2021\/07\/light-sensor.jpg\" alt=\"\" srcset=\"https:\/\/ve2cuy.com\/420-1c4\/wp-content\/uploads\/2021\/07\/light-sensor.jpg 501w, https:\/\/ve2cuy.com\/420-1c4\/wp-content\/uploads\/2021\/07\/light-sensor-300x237.jpg 300w\" sizes=\"auto, (max-width: 150px) 100vw, 150px\" \/><\/td><td>Reli\u00e9 \u00e0 un connecteur analogique du Hat, <br>permet de lire l&rsquo;intensit\u00e9 d&rsquo;une source lumineuse.<\/td><\/tr><tr><td>F<\/td><td><\/td><td><\/td><td style=\"color:#cf2e2e\">Sera fournit ult\u00e9rieurement &#8230;<\/td><\/tr><tr><td>G<\/td><td><\/td><td><\/td><td><\/td><\/tr><tr><td>H<\/td><td><\/td><td><\/td><td><\/td><\/tr><tr><td>I<\/td><td><\/td><td><\/td><td><\/td><\/tr><tr><td>J<\/td><td><\/td><td><\/td><td><\/td><\/tr><tr><td>K<\/td><td><\/td><td><\/td><td><\/td><\/tr><\/tbody><\/table><figcaption>Liste des modules Grove<\/figcaption><\/div>\n\n\n\n<hr class=\"wp-block-separator\"\/>\n\n\n\n<h6 class=\"has-text-align-right has-cyan-bluish-gray-color has-text-color wp-block-heading\">Document r\u00e9dig\u00e9 par Alain Boudreault &#8211; aka <a href=\"http:\/\/ve2cuy.com\">ve2cuy<\/a> &#8211; version 2021.07.27<\/h6>\n\n\n\n<p><\/p>\n","protected":false},"excerpt":{"rendered":"<p>Description de Grove Jeu de plaquettes (circuits) \u00e9lectroniques, compatibles Arduino, \u00e0 connexion simple. Le module Hat Description: Module \u00e0 placer au dessus de l&rsquo;Arduino Uno. Il permet d&rsquo;y connecter les plaquettes d&rsquo;exp\u00e9rimentations \u00e9lectroniques (modules Grove). Lien &#8211; R\u00e9f\u00e9rence Identification des connecteurs: Voici une description des diff\u00e9rentes bornes de connexions pr\u00e9sentes sur le Hat de Grove: [&hellip;]<\/p>\n","protected":false},"author":1,"featured_media":0,"parent":0,"menu_order":0,"comment_status":"closed","ping_status":"closed","template":"","meta":{"ub_ctt_via":"","footnotes":""},"class_list":["post-785","page","type-page","status-publish","hentry"],"featured_image_src":null,"_links":{"self":[{"href":"https:\/\/ve2cuy.com\/420-1c4\/index.php\/wp-json\/wp\/v2\/pages\/785","targetHints":{"allow":["GET"]}}],"collection":[{"href":"https:\/\/ve2cuy.com\/420-1c4\/index.php\/wp-json\/wp\/v2\/pages"}],"about":[{"href":"https:\/\/ve2cuy.com\/420-1c4\/index.php\/wp-json\/wp\/v2\/types\/page"}],"author":[{"embeddable":true,"href":"https:\/\/ve2cuy.com\/420-1c4\/index.php\/wp-json\/wp\/v2\/users\/1"}],"replies":[{"embeddable":true,"href":"https:\/\/ve2cuy.com\/420-1c4\/index.php\/wp-json\/wp\/v2\/comments?post=785"}],"version-history":[{"count":60,"href":"https:\/\/ve2cuy.com\/420-1c4\/index.php\/wp-json\/wp\/v2\/pages\/785\/revisions"}],"predecessor-version":[{"id":1064,"href":"https:\/\/ve2cuy.com\/420-1c4\/index.php\/wp-json\/wp\/v2\/pages\/785\/revisions\/1064"}],"wp:attachment":[{"href":"https:\/\/ve2cuy.com\/420-1c4\/index.php\/wp-json\/wp\/v2\/media?parent=785"}],"curies":[{"name":"wp","href":"https:\/\/api.w.org\/{rel}","templated":true}]}}