{"id":2577,"date":"2025-01-19T16:47:03","date_gmt":"2025-01-19T21:47:03","guid":{"rendered":"https:\/\/ve2cuy.com\/420-1c4\/?page_id=2577"},"modified":"2025-01-19T17:31:22","modified_gmt":"2025-01-19T22:31:22","slug":"hello-world-platformio","status":"publish","type":"page","link":"https:\/\/ve2cuy.com\/420-1c4\/index.php\/hello-world-platformio\/","title":{"rendered":"Hello World &#8211; PlatformIO"},"content":{"rendered":"\n<hr class=\"wp-block-separator has-alpha-channel-opacity\"\/>\n\n\n<div class=\"wp-block-image\">\n<figure class=\"aligncenter size-full is-resized\"><img loading=\"lazy\" decoding=\"async\" width=\"1200\" height=\"1200\" src=\"https:\/\/ve2cuy.com\/420-1c4\/wp-content\/uploads\/2025\/01\/PlatformIO_logo.svg_.png\" alt=\"\" class=\"wp-image-2597\" style=\"width:300px;height:auto\" srcset=\"https:\/\/ve2cuy.com\/420-1c4\/wp-content\/uploads\/2025\/01\/PlatformIO_logo.svg_.png 1200w, https:\/\/ve2cuy.com\/420-1c4\/wp-content\/uploads\/2025\/01\/PlatformIO_logo.svg_-300x300.png 300w, https:\/\/ve2cuy.com\/420-1c4\/wp-content\/uploads\/2025\/01\/PlatformIO_logo.svg_-1024x1024.png 1024w, https:\/\/ve2cuy.com\/420-1c4\/wp-content\/uploads\/2025\/01\/PlatformIO_logo.svg_-150x150.png 150w, https:\/\/ve2cuy.com\/420-1c4\/wp-content\/uploads\/2025\/01\/PlatformIO_logo.svg_-768x768.png 768w\" sizes=\"auto, (max-width: 1200px) 100vw, 1200px\" \/><\/figure>\n<\/div>\n\n\n<h2 class=\"wp-block-heading has-text-align-center has-vivid-red-color has-text-color has-link-color wp-elements-c5d3d66b41d5b64edf6e176535500b82\">Document en cours de r\u00e9daction<\/h2>\n\n\n\n<hr class=\"wp-block-separator has-alpha-channel-opacity\"\/>\n\n\n\n<h2 class=\"wp-block-heading has-vivid-cyan-blue-color has-text-color has-link-color wp-elements-e5b3e4f847cb3c0ad8b3deead0f2a27a\">1- PlatformIO &#8211; Installation et premiers pas<\/h2>\n\n\n\n<p><strong><mark style=\"background-color:rgba(0, 0, 0, 0)\" class=\"has-inline-color has-vivid-cyan-blue-color\">PlatformIO <\/mark><\/strong>est un \u00e9cosyst\u00e8me de d\u00e9veloppement int\u00e9gr\u00e9 (<strong>IDE<\/strong>) pour les syst\u00e8mes embarqu\u00e9s. Il permet de d\u00e9velopper des logiciels pour des <strong>microcontr\u00f4leurs <\/strong>et des cartes de d\u00e9veloppement comme <strong>Arduino<\/strong>, ESP8266, <strong>ESP32<\/strong>, et bien d&rsquo;autres. <\/p>\n\n\n\n<p><strong><mark style=\"background-color:rgba(0, 0, 0, 0)\" class=\"has-inline-color has-vivid-cyan-blue-color\">PlatformIO <\/mark><\/strong>offre une interface conviviale, des outils de d\u00e9bogage et une gestion simplifi\u00e9e des biblioth\u00e8ques et des d\u00e9pendances. <\/p>\n\n\n\n<p>Il est compatible avec plusieurs \u00e9diteurs de code, notamment <strong>Visual Studio Code<\/strong>, Atom, et Sublime Text.<\/p>\n\n\n\n<hr class=\"wp-block-separator has-alpha-channel-opacity\"\/>\n\n\n\n<h2 class=\"wp-block-heading has-vivid-green-cyan-color has-text-color has-link-color wp-elements-4e116d8a1075c81b9b3062eb82c620b4\">2 &#8211; Installation du module PlatformIO sous Visual Code <\/h2>\n\n\n<div class=\"wp-block-image\">\n<figure class=\"aligncenter size-large is-resized\"><img loading=\"lazy\" decoding=\"async\" width=\"1024\" height=\"952\" src=\"http:\/\/ve2cuy.com\/420-1c4\/wp-content\/uploads\/2025\/01\/Extensions-1024x952.png\" alt=\"\" class=\"wp-image-2578\" style=\"width:600px\" srcset=\"https:\/\/ve2cuy.com\/420-1c4\/wp-content\/uploads\/2025\/01\/Extensions-1024x952.png 1024w, https:\/\/ve2cuy.com\/420-1c4\/wp-content\/uploads\/2025\/01\/Extensions-300x279.png 300w, https:\/\/ve2cuy.com\/420-1c4\/wp-content\/uploads\/2025\/01\/Extensions-768x714.png 768w, https:\/\/ve2cuy.com\/420-1c4\/wp-content\/uploads\/2025\/01\/Extensions.png 1365w\" sizes=\"auto, (max-width: 1024px) 100vw, 1024px\" \/><\/figure>\n<\/div>\n\n<div class=\"wp-block-image\">\n<figure class=\"aligncenter size-large is-resized\"><img loading=\"lazy\" decoding=\"async\" width=\"1024\" height=\"587\" src=\"http:\/\/ve2cuy.com\/420-1c4\/wp-content\/uploads\/2025\/01\/Install-PIO-1024x587.png\" alt=\"\" class=\"wp-image-2579\" style=\"width:600px\" srcset=\"https:\/\/ve2cuy.com\/420-1c4\/wp-content\/uploads\/2025\/01\/Install-PIO-1024x587.png 1024w, https:\/\/ve2cuy.com\/420-1c4\/wp-content\/uploads\/2025\/01\/Install-PIO-300x172.png 300w, https:\/\/ve2cuy.com\/420-1c4\/wp-content\/uploads\/2025\/01\/Install-PIO-768x440.png 768w, https:\/\/ve2cuy.com\/420-1c4\/wp-content\/uploads\/2025\/01\/Install-PIO-1536x880.png 1536w, https:\/\/ve2cuy.com\/420-1c4\/wp-content\/uploads\/2025\/01\/Install-PIO-2048x1174.png 2048w\" sizes=\"auto, (max-width: 1024px) 100vw, 1024px\" \/><\/figure>\n<\/div>\n\n\n<figure class=\"wp-block-image size-full is-resized\"><img loading=\"lazy\" decoding=\"async\" width=\"126\" height=\"984\" src=\"http:\/\/ve2cuy.com\/420-1c4\/wp-content\/uploads\/2025\/01\/PIO-ON-sidebar.png\" alt=\"\" class=\"wp-image-2584\" style=\"width:24px;height:auto\"\/><\/figure>\n\n\n<div class=\"wp-block-image\">\n<figure class=\"aligncenter size-large is-resized\"><img loading=\"lazy\" decoding=\"async\" width=\"1024\" height=\"651\" src=\"http:\/\/ve2cuy.com\/420-1c4\/wp-content\/uploads\/2025\/01\/PIO-Home-1024x651.png\" alt=\"\" class=\"wp-image-2580\" style=\"width:600px\" srcset=\"https:\/\/ve2cuy.com\/420-1c4\/wp-content\/uploads\/2025\/01\/PIO-Home-1024x651.png 1024w, https:\/\/ve2cuy.com\/420-1c4\/wp-content\/uploads\/2025\/01\/PIO-Home-300x191.png 300w, https:\/\/ve2cuy.com\/420-1c4\/wp-content\/uploads\/2025\/01\/PIO-Home-768x489.png 768w, https:\/\/ve2cuy.com\/420-1c4\/wp-content\/uploads\/2025\/01\/PIO-Home-1536x977.png 1536w, https:\/\/ve2cuy.com\/420-1c4\/wp-content\/uploads\/2025\/01\/PIO-Home-2048x1303.png 2048w\" sizes=\"auto, (max-width: 1024px) 100vw, 1024px\" \/><\/figure>\n<\/div>\n\n<div class=\"wp-block-image\">\n<figure class=\"aligncenter size-large is-resized\"><img loading=\"lazy\" decoding=\"async\" width=\"1024\" height=\"798\" src=\"http:\/\/ve2cuy.com\/420-1c4\/wp-content\/uploads\/2025\/01\/PIO-New-Project-1024x798.png\" alt=\"\" class=\"wp-image-2581\" style=\"width:600px\" srcset=\"https:\/\/ve2cuy.com\/420-1c4\/wp-content\/uploads\/2025\/01\/PIO-New-Project-1024x798.png 1024w, https:\/\/ve2cuy.com\/420-1c4\/wp-content\/uploads\/2025\/01\/PIO-New-Project-300x234.png 300w, https:\/\/ve2cuy.com\/420-1c4\/wp-content\/uploads\/2025\/01\/PIO-New-Project-768x599.png 768w, https:\/\/ve2cuy.com\/420-1c4\/wp-content\/uploads\/2025\/01\/PIO-New-Project-1536x1198.png 1536w, https:\/\/ve2cuy.com\/420-1c4\/wp-content\/uploads\/2025\/01\/PIO-New-Project.png 1797w\" sizes=\"auto, (max-width: 1024px) 100vw, 1024px\" \/><\/figure>\n<\/div>\n\n<div class=\"wp-block-image\">\n<figure class=\"aligncenter size-large is-resized\"><img loading=\"lazy\" decoding=\"async\" width=\"1024\" height=\"458\" src=\"http:\/\/ve2cuy.com\/420-1c4\/wp-content\/uploads\/2025\/01\/PIO-New-Project-02-1024x458.png\" alt=\"\" class=\"wp-image-2582\" style=\"width:600px\" srcset=\"https:\/\/ve2cuy.com\/420-1c4\/wp-content\/uploads\/2025\/01\/PIO-New-Project-02-1024x458.png 1024w, https:\/\/ve2cuy.com\/420-1c4\/wp-content\/uploads\/2025\/01\/PIO-New-Project-02-300x134.png 300w, https:\/\/ve2cuy.com\/420-1c4\/wp-content\/uploads\/2025\/01\/PIO-New-Project-02-768x344.png 768w, https:\/\/ve2cuy.com\/420-1c4\/wp-content\/uploads\/2025\/01\/PIO-New-Project-02-1536x687.png 1536w, https:\/\/ve2cuy.com\/420-1c4\/wp-content\/uploads\/2025\/01\/PIO-New-Project-02-2048x917.png 2048w\" sizes=\"auto, (max-width: 1024px) 100vw, 1024px\" \/><\/figure>\n<\/div>\n\n<div class=\"wp-block-image\">\n<figure class=\"aligncenter size-large is-resized\"><img loading=\"lazy\" decoding=\"async\" width=\"1024\" height=\"750\" src=\"http:\/\/ve2cuy.com\/420-1c4\/wp-content\/uploads\/2025\/01\/PIO-New-Project-03-1024x750.png\" alt=\"\" class=\"wp-image-2583\" style=\"width:600px\" srcset=\"https:\/\/ve2cuy.com\/420-1c4\/wp-content\/uploads\/2025\/01\/PIO-New-Project-03-1024x750.png 1024w, https:\/\/ve2cuy.com\/420-1c4\/wp-content\/uploads\/2025\/01\/PIO-New-Project-03-300x220.png 300w, https:\/\/ve2cuy.com\/420-1c4\/wp-content\/uploads\/2025\/01\/PIO-New-Project-03-768x563.png 768w, https:\/\/ve2cuy.com\/420-1c4\/wp-content\/uploads\/2025\/01\/PIO-New-Project-03-1536x1125.png 1536w, https:\/\/ve2cuy.com\/420-1c4\/wp-content\/uploads\/2025\/01\/PIO-New-Project-03-2048x1500.png 2048w\" sizes=\"auto, (max-width: 1024px) 100vw, 1024px\" \/><\/figure>\n<\/div>\n\n\n<hr class=\"wp-block-separator has-alpha-channel-opacity\"\/>\n\n\n\n<h2 class=\"wp-block-heading has-vivid-cyan-blue-color has-text-color has-link-color wp-elements-221ec3f059bee47a42cbfa3ae6736478\">Barre d&rsquo;\u00e9tats<\/h2>\n\n\n\n<figure class=\"wp-block-image size-full is-resized\"><img loading=\"lazy\" decoding=\"async\" width=\"348\" height=\"60\" src=\"http:\/\/ve2cuy.com\/420-1c4\/wp-content\/uploads\/2025\/01\/PIO-Tool-Bar-01.png\" alt=\"\" class=\"wp-image-2585\" style=\"width:210px\" srcset=\"https:\/\/ve2cuy.com\/420-1c4\/wp-content\/uploads\/2025\/01\/PIO-Tool-Bar-01.png 348w, https:\/\/ve2cuy.com\/420-1c4\/wp-content\/uploads\/2025\/01\/PIO-Tool-Bar-01-300x52.png 300w\" sizes=\"auto, (max-width: 348px) 100vw, 348px\" \/><\/figure>\n\n\n\n<figure class=\"wp-block-image size-full is-resized\"><img loading=\"lazy\" decoding=\"async\" width=\"270\" height=\"63\" src=\"http:\/\/ve2cuy.com\/420-1c4\/wp-content\/uploads\/2025\/01\/PIO-Tool-Bar-02.png\" alt=\"\" class=\"wp-image-2586\" style=\"width:210px;height:auto\"\/><\/figure>\n\n\n\n<figure class=\"wp-block-image size-full is-resized\"><img loading=\"lazy\" decoding=\"async\" width=\"174\" height=\"63\" src=\"http:\/\/ve2cuy.com\/420-1c4\/wp-content\/uploads\/2025\/01\/PIO-Tool-Bar-03.png\" alt=\"\" class=\"wp-image-2587\" style=\"width:210px;height:auto\"\/><\/figure>\n","protected":false},"excerpt":{"rendered":"<p>Document en cours de r\u00e9daction 1- PlatformIO &#8211; Installation et premiers pas PlatformIO est un \u00e9cosyst\u00e8me de d\u00e9veloppement int\u00e9gr\u00e9 (IDE) pour les syst\u00e8mes embarqu\u00e9s. Il permet de d\u00e9velopper des logiciels pour des microcontr\u00f4leurs et des cartes de d\u00e9veloppement comme Arduino, ESP8266, ESP32, et bien d&rsquo;autres. PlatformIO offre une interface conviviale, des outils de d\u00e9bogage et [&hellip;]<\/p>\n","protected":false},"author":2,"featured_media":0,"parent":0,"menu_order":0,"comment_status":"closed","ping_status":"closed","template":"","meta":{"ub_ctt_via":"","footnotes":""},"class_list":["post-2577","page","type-page","status-publish","hentry"],"featured_image_src":null,"_links":{"self":[{"href":"https:\/\/ve2cuy.com\/420-1c4\/index.php\/wp-json\/wp\/v2\/pages\/2577","targetHints":{"allow":["GET"]}}],"collection":[{"href":"https:\/\/ve2cuy.com\/420-1c4\/index.php\/wp-json\/wp\/v2\/pages"}],"about":[{"href":"https:\/\/ve2cuy.com\/420-1c4\/index.php\/wp-json\/wp\/v2\/types\/page"}],"author":[{"embeddable":true,"href":"https:\/\/ve2cuy.com\/420-1c4\/index.php\/wp-json\/wp\/v2\/users\/2"}],"replies":[{"embeddable":true,"href":"https:\/\/ve2cuy.com\/420-1c4\/index.php\/wp-json\/wp\/v2\/comments?post=2577"}],"version-history":[{"count":8,"href":"https:\/\/ve2cuy.com\/420-1c4\/index.php\/wp-json\/wp\/v2\/pages\/2577\/revisions"}],"predecessor-version":[{"id":2604,"href":"https:\/\/ve2cuy.com\/420-1c4\/index.php\/wp-json\/wp\/v2\/pages\/2577\/revisions\/2604"}],"wp:attachment":[{"href":"https:\/\/ve2cuy.com\/420-1c4\/index.php\/wp-json\/wp\/v2\/media?parent=2577"}],"curies":[{"name":"wp","href":"https:\/\/api.w.org\/{rel}","templated":true}]}}