{"id":21,"date":"2021-07-08T20:06:58","date_gmt":"2021-07-08T20:06:58","guid":{"rendered":"http:\/\/ve2cuy.com\/420-1c4\/?page_id=21"},"modified":"2025-01-28T17:43:58","modified_gmt":"2025-01-28T22:43:58","slug":"planification","status":"publish","type":"page","link":"https:\/\/ve2cuy.com\/420-1c4\/index.php\/planification\/","title":{"rendered":"Planification hebdomadaire"},"content":{"rendered":"<div class=\"wp-block-image\">\n<figure class=\"aligncenter size-full is-resized\"><img loading=\"lazy\" decoding=\"async\" width=\"768\" height=\"512\" src=\"http:\/\/ve2cuy.com\/420-1c4\/wp-content\/uploads\/2021\/07\/planification-768x512-1.jpg\" alt=\"\" class=\"wp-image-980\" style=\"width:421px;height:280px\" srcset=\"https:\/\/ve2cuy.com\/420-1c4\/wp-content\/uploads\/2021\/07\/planification-768x512-1.jpg 768w, https:\/\/ve2cuy.com\/420-1c4\/wp-content\/uploads\/2021\/07\/planification-768x512-1-300x200.jpg 300w\" sizes=\"auto, (max-width: 768px) 100vw, 768px\" \/><\/figure>\n<\/div>\n\n\n<hr class=\"wp-block-separator has-css-opacity\"\/>\n\n\n\n<p class=\"has-luminous-vivid-orange-color has-text-color has-large-font-size\">Semaine 01.02 &#8211; Pr\u00e9sentation du cours<\/p>\n\n\n\n<ul class=\"wp-block-list\">\n<li><a href=\"http:\/\/ve2cuy.com\/420-1c4\/wp-content\/uploads\/2025\/01\/420-1C4-JR_ab_pc_H25.pdf\">Plan de cours<\/a><\/li>\n\n\n\n<li><a href=\"http:\/\/ve2cuy.com\/420-1c4\/index.php\/introduction-aux-microcontroleurs\/\" data-type=\"page\" data-id=\"60\">Introduction aux microcontr\u00f4leurs<\/a><\/li>\n\n\n\n<li><a href=\"http:\/\/ve2cuy.com\/420-1c4\/index.php\/introduction-aux-microcontroleurs\/\" data-type=\"page\" data-id=\"60\">Architecture&nbsp;d&rsquo;un&nbsp;microcontr\u00f4leur (atmega 328p)<\/a>\n<ul class=\"wp-block-list\">\n<li>Sch\u00e9ma<\/li>\n\n\n\n<li>Fonctions\n<ul class=\"wp-block-list\">\n<li>I\/O digitales<\/li>\n\n\n\n<li>I\/O analogiques<\/li>\n\n\n\n<li>PWM<\/li>\n\n\n\n<li>Timer<\/li>\n\n\n\n<li>Interruptions<\/li>\n\n\n\n<li>Communication\n<ul class=\"wp-block-list\">\n<li><a href=\"https:\/\/fr.wikipedia.org\/wiki\/UART\">UART<\/a> (<a href=\"https:\/\/fr.wikipedia.org\/wiki\/RS-232\">RS-232<\/a>, COMn)<\/li>\n\n\n\n<li><a href=\"https:\/\/fr.wikipedia.org\/wiki\/1-Wire\">1-WIRE<\/a><\/li>\n\n\n\n<li><a href=\"https:\/\/fr.wikipedia.org\/wiki\/I2C\">I2C<\/a><\/li>\n\n\n\n<li><a href=\"https:\/\/fr.wikipedia.org\/wiki\/Serial_Peripheral_Interface\">SPI<\/a><\/li>\n<\/ul>\n<\/li>\n\n\n\n<li>Broches<\/li>\n\n\n\n<li><a href=\"https:\/\/en.wikipedia.org\/wiki\/Brownout_(electricity)\">Brownout<\/a><\/li>\n\n\n\n<li><a href=\"https:\/\/fr.wikipedia.org\/wiki\/Chien_de_garde_(informatique)\">WatchDog<\/a><\/li>\n<\/ul>\n<\/li>\n<\/ul>\n<\/li>\n<\/ul>\n\n\n\n<p><\/p>\n\n\n\n<ul class=\"wp-block-list\">\n<li>Pr\u00e9sentation de l&rsquo;<a href=\"http:\/\/ve2cuy.com\/420-1c4\/index.php\/arduino-uno\/\" data-type=\"page\" data-id=\"54\">Arduino Uno<\/a>\n<ul class=\"wp-block-list\">\n<li>Composition<\/li>\n\n\n\n<li>Sp\u00e9cification<\/li>\n\n\n\n<li>Utilisation<\/li>\n<\/ul>\n<\/li>\n\n\n\n<li>Pr\u00e9sentation du kit &lsquo;C\u00e9gep&rsquo;\n<ul class=\"wp-block-list\">\n<li><a href=\"http:\/\/ve2cuy.com\/420-1c4\/index.php\/les-modules-grove\/\" data-type=\"page\" data-id=\"785\">Les modules Grove<\/a><\/li>\n\n\n\n<li>Connexion \u00e0 l&rsquo;ordinateur<\/li>\n\n\n\n<li><a href=\"https:\/\/www.arduino.cc\/en\/software\">IDE Arduino<\/a><\/li>\n<\/ul>\n<\/li>\n<\/ul>\n\n\n\n<ul class=\"wp-block-list\">\n<li><a href=\"http:\/\/ve2cuy.com\/420-1c4\/index.php\/arduino-hello-world\/\" data-type=\"page\" data-id=\"621\">Premier projet: Hello World sous Arduino IDE<\/a><\/li>\n\n\n\n<li>Simulation d&rsquo;un Arduino: <a href=\"https:\/\/www.tinkercad.com\/lessonplans\/program-an-led-light-show\">TinkerCad<\/a> et <a href=\"https:\/\/wokwi.com\/\">Wokwi<\/a><\/li>\n\n\n\n<li>Utilisation de Visual Code et <a href=\"https:\/\/platformio.org\/\">PlatformIO<\/a> pour le d\u00e9veloppement de projets <\/li>\n\n\n\n<li>Directives de compilation\n<ul class=\"wp-block-list\">\n<li>#define, #ifdef, #ifndef, #endif<\/li>\n\n\n\n<li>const vs #define <\/li>\n\n\n\n<li>Arguments variadiques: <strong>VA_ARGS<\/strong>\n<ul class=\"wp-block-list\">\n<li>Exemple: #define AFFICHER(&#8230;) \u00a0Serial.print(__VA_ARGS__)<\/li>\n<\/ul>\n<\/li>\n<\/ul>\n<\/li>\n\n\n\n<li>Utilisation de la console (monitor)\n<ul class=\"wp-block-list\">\n<li>Serial<\/li>\n\n\n\n<li>Serial.begin(vitesse), platformio.ini -&gt; monitor_speed<\/li>\n\n\n\n<li>Serial.print[ln]()<\/li>\n\n\n\n<li>sprintf(buffer, \u00ab\u00a0Texte + directives %\u00a0\u00bb, variables, &#8230;)<\/li>\n<\/ul>\n<\/li>\n<\/ul>\n\n\n\n<hr class=\"wp-block-separator has-css-opacity\"\/>\n\n\n\n<p class=\"has-pale-cyan-blue-color has-text-color has-large-font-size\">Semaine 03 &#8211; Introduction \u00e0 l&rsquo;\u00e9lectronique<\/p>\n\n\n<div class=\"wp-block-image\">\n<figure class=\"aligncenter size-full\"><img loading=\"lazy\" decoding=\"async\" width=\"332\" height=\"280\" src=\"http:\/\/ve2cuy.com\/420-1c4\/wp-content\/uploads\/2021\/07\/dccircuits-dcp4.gif\" alt=\"\" class=\"wp-image-910\"\/><\/figure>\n<\/div>\n\n\n<ul class=\"wp-block-list\">\n<li><a href=\"http:\/\/ve2cuy.com\/420-1c4\/index.php\/electronique-concepts-de-base\/\" data-type=\"page\" data-id=\"927\">\u00c9lectronique &#8211; Concepts de base<\/a><\/li>\n\n\n\n<li>Loi d&rsquo;Ohm, IREW (IREP)\n<ul class=\"wp-block-list\">\n<li>I (2) &#8211; Courant<\/li>\n\n\n\n<li>R (4) &#8211; R\u00e9sistance<\/li>\n\n\n\n<li>E (8) &#8211; Tension<\/li>\n\n\n\n<li>W (16) &#8211; Puissance<\/li>\n<\/ul>\n<\/li>\n\n\n\n<li><a href=\"https:\/\/ohmslawcalculator.com\/ohms-law-calculator\">Calcule<\/a> de la valeur d&rsquo;une r\u00e9sistance (<strong>R<\/strong>) pour un courant (<strong>I<\/strong>) donn\u00e9.<\/li>\n\n\n\n<li>Contr\u00f4le correcte d&rsquo;une DEL \u00e0 partir d&rsquo;un Arduino (<a href=\"https:\/\/ohmslawcalculator.com\/led-resistor-calculator\">courant maximum de 20mA<\/a>).<\/li>\n\n\n\n<li>Laboratoire<\/li>\n<\/ul>\n\n\n\n<p><\/p>\n\n\n\n<hr class=\"wp-block-separator has-css-opacity\"\/>\n\n\n\n<p><\/p>\n\n\n\n<p class=\"has-light-green-cyan-color has-text-color has-large-font-size\">Semaine 04 &#8211; Lecture d&rsquo;un \u00e9tat et console<\/p>\n\n\n\n<p><\/p>\n\n\n\n<ul class=\"wp-block-list\">\n<li>Utilisation d&rsquo;un bouton ON\/OFF momentan\u00e9 <\/li>\n\n\n\n<li>Lecture d&rsquo;une broche digitale: digitalRead()<\/li>\n\n\n\n<li>Permutation d&rsquo;un \u00e9tat ON\/OFF \u00e0 l&rsquo;utilisation d&rsquo;un bouton momentan\u00e9\n<ul class=\"wp-block-list\">\n<li>Installation de la librairie Streaming<\/li>\n\n\n\n<li>Afficher dans la console avec les streams C++: Serial &lt;&lt; \u00ab\u00a0Bonjour le monde!\u00a0\u00bb &lt;&lt; endl;<\/li>\n\n\n\n<li>La fonction sprintf() et le type &lsquo;char uneChaine[n];&rsquo;<\/li>\n<\/ul>\n<\/li>\n\n\n\n<li>Varier l&rsquo;intensit\u00e9 d&rsquo;une DEL (avec un d\u00e9lai rapide 0\/1)<\/li>\n\n\n\n<li>Trace vers la console\n<ul class=\"wp-block-list\">\n<li>La fonction Serial.begin()<\/li>\n\n\n\n<li>La fonction Serial.print()<\/li>\n<\/ul>\n<\/li>\n\n\n\n<li>Utilisation d&rsquo;un bouton pour allumer une DEL\n<ul class=\"wp-block-list\">\n<li>L&rsquo;instruction if-else<\/li>\n<\/ul>\n<\/li>\n\n\n\n<li>Introduction aux variables du langage C et aux Macros<ul><li>#define UNE_MACRO<\/li><\/ul>\n<ul class=\"wp-block-list\">\n<li>int<\/li>\n\n\n\n<li>const<\/li>\n<\/ul>\n<\/li>\n\n\n\n<li>Laboratoire<\/li>\n<\/ul>\n\n\n\n<hr class=\"wp-block-separator has-css-opacity\"\/>\n\n\n\n<p class=\"has-vivid-red-color has-text-color has-large-font-size\">Semaine 05 &#8211; Lecture\/\u00e9criture analogique &#8211; PWM <\/p>\n\n\n\n<ul class=\"wp-block-list\">\n<li>Lecture et \u00e9criture analogique\n<ul class=\"wp-block-list\">\n<li>analogueRead()<\/li>\n\n\n\n<li>analogueWrite()<\/li>\n\n\n\n<li>La fonction map()<\/li>\n\n\n\n<li>PWM<\/li>\n\n\n\n<li>L&rsquo;instruction &lsquo;for (;;)&rsquo;<\/li>\n<\/ul>\n<\/li>\n<\/ul>\n\n\n\n<ul class=\"wp-block-list\">\n<li>\u00c9cran LCD\/i2c\n<ul class=\"wp-block-list\">\n<li>Installation d&rsquo;une librairie<\/li>\n\n\n\n<li>La classe lcd_rgb<\/li>\n\n\n\n<li>lcd.begin(col, lig)<\/li>\n\n\n\n<li>lcd.setRGB(r,g,b)<\/li>\n\n\n\n<li>lcd.setCursor(col, lig)<\/li>\n\n\n\n<li>lcd.print()<\/li>\n<\/ul>\n<\/li>\n<\/ul>\n\n\n\n<ul class=\"wp-block-list\">\n<li>La fonction millis()\n<ul class=\"wp-block-list\">\n<li>temps \u00e9coul\u00e9 depuis le d\u00e9marrage du Arduino.<\/li>\n<\/ul>\n<\/li>\n<\/ul>\n\n\n\n<hr class=\"wp-block-separator has-css-opacity\"\/>\n\n\n\n<p class=\"has-cyan-bluish-gray-color has-text-color has-large-font-size\">Semaine 06 &#8211; \u00c0 d\u00e9finir<\/p>\n\n\n\n<h3 class=\"wp-block-heading has-vivid-red-color has-text-color\">\u00c9nonc\u00e9 du travail pratique num\u00e9ro 1 (30%)<\/h3>\n\n\n\n<p>\u00c9crire une programme qui permet de faire varier, gr\u00e2ce au bouton momentan\u00e9 et au potentiom\u00e8tre, la couleur d&rsquo;arri\u00e8re-plan du <strong>lcd_rgb<\/strong>.<\/p>\n\n\n\n<p>\u00c0 remette au d\u00e9but de la semaine 8.<\/p>\n\n\n\n<hr class=\"wp-block-separator has-css-opacity\"\/>\n\n\n\n<p class=\"has-pale-pink-color has-text-color has-large-font-size\">Semaine 07 &#8211; Rel\u00e2che<\/p>\n\n\n<div class=\"wp-block-image\">\n<figure class=\"aligncenter size-large is-resized\"><img loading=\"lazy\" decoding=\"async\" width=\"768\" height=\"380\" src=\"http:\/\/ve2cuy.com\/420-1c4\/wp-content\/uploads\/2021\/07\/relache-768x380-1.png\" alt=\"\" class=\"wp-image-25\" style=\"width:309px;height:153px\" srcset=\"https:\/\/ve2cuy.com\/420-1c4\/wp-content\/uploads\/2021\/07\/relache-768x380-1.png 768w, https:\/\/ve2cuy.com\/420-1c4\/wp-content\/uploads\/2021\/07\/relache-768x380-1-300x148.png 300w\" sizes=\"auto, (max-width: 768px) 100vw, 768px\" \/><\/figure>\n<\/div>\n\n\n<hr class=\"wp-block-separator has-css-opacity\"\/>\n\n\n\n<p class=\"has-cyan-bluish-gray-color has-text-color has-large-font-size\">Semaine 08 &#8211; Capteur temp\/humidit\u00e9<\/p>\n\n\n\n<ul class=\"wp-block-list\">\n<li>Aide au TP01 (groupe lundi), 2 p\u00e9riodes<\/li>\n\n\n\n<li><a href=\"http:\/\/ve2cuy.com\/420-1c4\/index.php\/grove-module-humidite-et-temperature\/\" data-type=\"page\" data-id=\"1349\">Utilisation du module Grove: <strong>I2C High Accuracy Temp&amp;Humi Sensor (SHT31)<\/strong><\/a><\/li>\n\n\n\n<li><a href=\"http:\/\/ve2cuy.com\/420-1c4\/index.php\/grove-module-humidite-et-temperature\/\" data-type=\"page\" data-id=\"1349\">Utilisation du module 4-Digit display (TM1637)<\/a><\/li>\n\n\n\n<li>Laboratoire: Station m\u00e9t\u00e9o, SHT35 + TM1637, facultatif sut LCD<\/li>\n\n\n\n<li>Utilisation du module Buzzer<\/li>\n\n\n\n<li>Utilisation du module RGB LED Stick<\/li>\n<\/ul>\n\n\n\n<p class=\"has-vivid-red-color has-text-color\"><strong>NOTE: Remise du TP01<\/strong><\/p>\n\n\n\n<hr class=\"wp-block-separator has-css-opacity\"\/>\n\n\n\n<p class=\"has-cyan-bluish-gray-color has-text-color has-large-font-size\">Semaine 09 &#8211; Module horloge<\/p>\n\n\n\n<hr class=\"wp-block-separator has-css-opacity\"\/>\n\n\n\n<p class=\"has-cyan-bluish-gray-color has-text-color has-large-font-size\">Semaine 10 &#8211; \u00c0 d\u00e9finir<\/p>\n\n\n\n<hr class=\"wp-block-separator has-css-opacity\"\/>\n\n\n\n<p class=\"has-cyan-bluish-gray-color has-text-color has-large-font-size\">Semaine 11 &#8211; \u00c0 d\u00e9finir<\/p>\n\n\n\n<hr class=\"wp-block-separator has-css-opacity\"\/>\n\n\n\n<p class=\"has-cyan-bluish-gray-color has-text-color has-large-font-size\">Semaine 12 &#8211; \u00c0 d\u00e9finir<\/p>\n\n\n\n<hr class=\"wp-block-separator has-css-opacity\"\/>\n\n\n\n<p class=\"has-cyan-bluish-gray-color has-text-color has-large-font-size\">Semaine 13 &#8211; \u00c9preuve synth\u00e8se<\/p>\n\n\n\n<hr class=\"wp-block-separator has-css-opacity\"\/>\n\n\n\n<p class=\"has-cyan-bluish-gray-color has-text-color has-large-font-size\">Semaine 14 &#8211; \u00c9preuve synth\u00e8se<\/p>\n\n\n\n<hr class=\"wp-block-separator has-css-opacity\"\/>\n\n\n\n<p class=\"has-cyan-bluish-gray-color has-text-color has-large-font-size\">Semaine 15 &#8211; \u00c9preuve synth\u00e8se<\/p>\n\n\n\n<p><\/p>\n","protected":false},"excerpt":{"rendered":"<p>Semaine 01.02 &#8211; Pr\u00e9sentation du cours Semaine 03 &#8211; Introduction \u00e0 l&rsquo;\u00e9lectronique Semaine 04 &#8211; Lecture d&rsquo;un \u00e9tat et console Semaine 05 &#8211; Lecture\/\u00e9criture analogique &#8211; PWM Semaine 06 &#8211; \u00c0 d\u00e9finir \u00c9nonc\u00e9 du travail pratique num\u00e9ro 1 (30%) \u00c9crire une programme qui permet de faire varier, gr\u00e2ce au bouton momentan\u00e9 et au potentiom\u00e8tre, la [&hellip;]<\/p>\n","protected":false},"author":1,"featured_media":0,"parent":0,"menu_order":0,"comment_status":"closed","ping_status":"closed","template":"","meta":{"ub_ctt_via":"","footnotes":""},"class_list":["post-21","page","type-page","status-publish","hentry"],"featured_image_src":null,"_links":{"self":[{"href":"https:\/\/ve2cuy.com\/420-1c4\/index.php\/wp-json\/wp\/v2\/pages\/21","targetHints":{"allow":["GET"]}}],"collection":[{"href":"https:\/\/ve2cuy.com\/420-1c4\/index.php\/wp-json\/wp\/v2\/pages"}],"about":[{"href":"https:\/\/ve2cuy.com\/420-1c4\/index.php\/wp-json\/wp\/v2\/types\/page"}],"author":[{"embeddable":true,"href":"https:\/\/ve2cuy.com\/420-1c4\/index.php\/wp-json\/wp\/v2\/users\/1"}],"replies":[{"embeddable":true,"href":"https:\/\/ve2cuy.com\/420-1c4\/index.php\/wp-json\/wp\/v2\/comments?post=21"}],"version-history":[{"count":54,"href":"https:\/\/ve2cuy.com\/420-1c4\/index.php\/wp-json\/wp\/v2\/pages\/21\/revisions"}],"predecessor-version":[{"id":2681,"href":"https:\/\/ve2cuy.com\/420-1c4\/index.php\/wp-json\/wp\/v2\/pages\/21\/revisions\/2681"}],"wp:attachment":[{"href":"https:\/\/ve2cuy.com\/420-1c4\/index.php\/wp-json\/wp\/v2\/media?parent=21"}],"curies":[{"name":"wp","href":"https:\/\/api.w.org\/{rel}","templated":true}]}}