{"id":1909,"date":"2022-08-22T14:03:46","date_gmt":"2022-08-22T19:03:46","guid":{"rendered":"http:\/\/ve2cuy.com\/420-1c4\/?page_id=1909"},"modified":"2024-03-18T09:41:56","modified_gmt":"2024-03-18T14:41:56","slug":"emulateur-arduino-wokwi","status":"publish","type":"page","link":"https:\/\/ve2cuy.com\/420-1c4\/index.php\/emulateur-arduino-wokwi\/","title":{"rendered":"Wokwi &#8211; \u00c9mulateur Arduino"},"content":{"rendered":"<div class=\"wp-block-image\">\n<figure class=\"aligncenter size-full\"><img loading=\"lazy\" decoding=\"async\" width=\"404\" height=\"116\" src=\"http:\/\/ve2cuy.com\/420-1c4\/wp-content\/uploads\/2022\/08\/Capture-decran-le-2022-08-22-a-16.51.13.png\" alt=\"\" class=\"wp-image-1917\" srcset=\"https:\/\/ve2cuy.com\/420-1c4\/wp-content\/uploads\/2022\/08\/Capture-decran-le-2022-08-22-a-16.51.13.png 404w, https:\/\/ve2cuy.com\/420-1c4\/wp-content\/uploads\/2022\/08\/Capture-decran-le-2022-08-22-a-16.51.13-300x86.png 300w\" sizes=\"auto, (max-width: 404px) 100vw, 404px\" \/><\/figure>\n<\/div>\n\n\n<p><\/p>\n\n\n\n<p><\/p>\n\n\n\n<hr class=\"wp-block-separator has-alpha-channel-opacity\"\/>\n\n\n\n<p><br><strong><a href=\"https:\/\/wokwi.com\">Wokwi<\/a><\/strong> est un \u00e9mulateur &lsquo;Web&rsquo; qui permet d&rsquo;exp\u00e9rimenter avec plusieurs microcontr\u00f4leurs.<\/p>\n\n\n\n<p>Dans le cadre de ce cours, c&rsquo;est un outil parfait pour r\u00e9aliser, \u00e0 la maison, les diff\u00e9rents laboratoires pr\u00e9vus au programme ?.<\/p>\n\n\n\n<hr class=\"wp-block-separator has-alpha-channel-opacity\"\/>\n\n\n\n<h2 class=\"has-luminous-vivid-amber-color has-text-color wp-block-heading\">Se connecter \u00e0 un nouveau compte Wokwi<\/h2>\n\n\n\n<p><strong><mark style=\"background-color:rgba(0, 0, 0, 0)\" class=\"has-inline-color has-vivid-red-color\">\u00c9tape 1<\/mark><\/strong> &#8211; Suivre l&rsquo;URL <a href=\"https:\/\/wokwi.com\">https:\/\/wokwi.com<\/a> et s&rsquo;inscrire:<\/p>\n\n\n\n<figure class=\"wp-block-image size-full\"><img loading=\"lazy\" decoding=\"async\" width=\"787\" height=\"775\" src=\"http:\/\/ve2cuy.com\/420-1c4\/wp-content\/uploads\/2022\/08\/wokwi-01.png\" alt=\"\" class=\"wp-image-1925\" srcset=\"https:\/\/ve2cuy.com\/420-1c4\/wp-content\/uploads\/2022\/08\/wokwi-01.png 787w, https:\/\/ve2cuy.com\/420-1c4\/wp-content\/uploads\/2022\/08\/wokwi-01-300x295.png 300w, https:\/\/ve2cuy.com\/420-1c4\/wp-content\/uploads\/2022\/08\/wokwi-01-768x756.png 768w\" sizes=\"auto, (max-width: 787px) 100vw, 787px\" \/><\/figure>\n\n\n\n<figure class=\"wp-block-image size-full\"><img loading=\"lazy\" decoding=\"async\" width=\"411\" height=\"287\" src=\"http:\/\/ve2cuy.com\/420-1c4\/wp-content\/uploads\/2022\/08\/Capture-decran-le-2022-08-22-a-14.40.59.png\" alt=\"\" class=\"wp-image-1928\" srcset=\"https:\/\/ve2cuy.com\/420-1c4\/wp-content\/uploads\/2022\/08\/Capture-decran-le-2022-08-22-a-14.40.59.png 411w, https:\/\/ve2cuy.com\/420-1c4\/wp-content\/uploads\/2022\/08\/Capture-decran-le-2022-08-22-a-14.40.59-300x209.png 300w\" sizes=\"auto, (max-width: 411px) 100vw, 411px\" \/><\/figure>\n\n\n\n<figure class=\"wp-block-image size-full\"><img loading=\"lazy\" decoding=\"async\" width=\"314\" height=\"364\" src=\"http:\/\/ve2cuy.com\/420-1c4\/wp-content\/uploads\/2022\/08\/Capture-decran-le-2022-08-22-a-14.41.45.png\" alt=\"\" class=\"wp-image-1929\" srcset=\"https:\/\/ve2cuy.com\/420-1c4\/wp-content\/uploads\/2022\/08\/Capture-decran-le-2022-08-22-a-14.41.45.png 314w, https:\/\/ve2cuy.com\/420-1c4\/wp-content\/uploads\/2022\/08\/Capture-decran-le-2022-08-22-a-14.41.45-259x300.png 259w\" sizes=\"auto, (max-width: 314px) 100vw, 314px\" \/><\/figure>\n\n\n\n<figure class=\"wp-block-image size-full\"><img loading=\"lazy\" decoding=\"async\" width=\"313\" height=\"362\" src=\"http:\/\/ve2cuy.com\/420-1c4\/wp-content\/uploads\/2022\/08\/Capture-decran-le-2022-08-22-a-14.42.29.png\" alt=\"\" class=\"wp-image-1939\" srcset=\"https:\/\/ve2cuy.com\/420-1c4\/wp-content\/uploads\/2022\/08\/Capture-decran-le-2022-08-22-a-14.42.29.png 313w, https:\/\/ve2cuy.com\/420-1c4\/wp-content\/uploads\/2022\/08\/Capture-decran-le-2022-08-22-a-14.42.29-259x300.png 259w\" sizes=\"auto, (max-width: 313px) 100vw, 313px\" \/><\/figure>\n\n\n\n<figure class=\"wp-block-image size-full\"><img loading=\"lazy\" decoding=\"async\" width=\"473\" height=\"190\" src=\"http:\/\/ve2cuy.com\/420-1c4\/wp-content\/uploads\/2022\/08\/Capture-decran-le-2022-08-22-a-14.42.48.png\" alt=\"\" class=\"wp-image-1931\" srcset=\"https:\/\/ve2cuy.com\/420-1c4\/wp-content\/uploads\/2022\/08\/Capture-decran-le-2022-08-22-a-14.42.48.png 473w, https:\/\/ve2cuy.com\/420-1c4\/wp-content\/uploads\/2022\/08\/Capture-decran-le-2022-08-22-a-14.42.48-300x121.png 300w\" sizes=\"auto, (max-width: 473px) 100vw, 473px\" \/><\/figure>\n\n\n\n<figure class=\"wp-block-image size-full\"><img loading=\"lazy\" decoding=\"async\" width=\"571\" height=\"424\" src=\"http:\/\/ve2cuy.com\/420-1c4\/wp-content\/uploads\/2022\/08\/wokwi-02.png\" alt=\"\" class=\"wp-image-1933\" srcset=\"https:\/\/ve2cuy.com\/420-1c4\/wp-content\/uploads\/2022\/08\/wokwi-02.png 571w, https:\/\/ve2cuy.com\/420-1c4\/wp-content\/uploads\/2022\/08\/wokwi-02-300x223.png 300w\" sizes=\"auto, (max-width: 571px) 100vw, 571px\" \/><\/figure>\n\n\n\n<figure class=\"wp-block-image size-full\"><img loading=\"lazy\" decoding=\"async\" width=\"919\" height=\"343\" src=\"http:\/\/ve2cuy.com\/420-1c4\/wp-content\/uploads\/2022\/08\/wokwi-03a.png\" alt=\"\" class=\"wp-image-1941\" srcset=\"https:\/\/ve2cuy.com\/420-1c4\/wp-content\/uploads\/2022\/08\/wokwi-03a.png 919w, https:\/\/ve2cuy.com\/420-1c4\/wp-content\/uploads\/2022\/08\/wokwi-03a-300x112.png 300w, https:\/\/ve2cuy.com\/420-1c4\/wp-content\/uploads\/2022\/08\/wokwi-03a-768x287.png 768w\" sizes=\"auto, (max-width: 919px) 100vw, 919px\" \/><\/figure>\n\n\n\n<figure class=\"wp-block-image size-full\"><img loading=\"lazy\" decoding=\"async\" width=\"917\" height=\"163\" src=\"http:\/\/ve2cuy.com\/420-1c4\/wp-content\/uploads\/2022\/08\/wokwi-03.png\" alt=\"\" class=\"wp-image-1936\" srcset=\"https:\/\/ve2cuy.com\/420-1c4\/wp-content\/uploads\/2022\/08\/wokwi-03.png 917w, https:\/\/ve2cuy.com\/420-1c4\/wp-content\/uploads\/2022\/08\/wokwi-03-300x53.png 300w, https:\/\/ve2cuy.com\/420-1c4\/wp-content\/uploads\/2022\/08\/wokwi-03-768x137.png 768w\" sizes=\"auto, (max-width: 917px) 100vw, 917px\" \/><\/figure>\n\n\n\n<figure class=\"wp-block-image size-full\"><img loading=\"lazy\" decoding=\"async\" width=\"550\" height=\"323\" src=\"http:\/\/ve2cuy.com\/420-1c4\/wp-content\/uploads\/2022\/08\/wokwi-04.png\" alt=\"\" class=\"wp-image-1937\" srcset=\"https:\/\/ve2cuy.com\/420-1c4\/wp-content\/uploads\/2022\/08\/wokwi-04.png 550w, https:\/\/ve2cuy.com\/420-1c4\/wp-content\/uploads\/2022\/08\/wokwi-04-300x176.png 300w\" sizes=\"auto, (max-width: 550px) 100vw, 550px\" \/><\/figure>\n\n\n\n<figure class=\"wp-block-image size-full\"><img loading=\"lazy\" decoding=\"async\" width=\"907\" height=\"284\" src=\"http:\/\/ve2cuy.com\/420-1c4\/wp-content\/uploads\/2022\/08\/Capture-decran-le-2022-08-22-a-14.46.03.png\" alt=\"\" class=\"wp-image-1943\" srcset=\"https:\/\/ve2cuy.com\/420-1c4\/wp-content\/uploads\/2022\/08\/Capture-decran-le-2022-08-22-a-14.46.03.png 907w, https:\/\/ve2cuy.com\/420-1c4\/wp-content\/uploads\/2022\/08\/Capture-decran-le-2022-08-22-a-14.46.03-300x94.png 300w, https:\/\/ve2cuy.com\/420-1c4\/wp-content\/uploads\/2022\/08\/Capture-decran-le-2022-08-22-a-14.46.03-768x240.png 768w\" sizes=\"auto, (max-width: 907px) 100vw, 907px\" \/><\/figure>\n\n\n\n<figure class=\"wp-block-image size-full\"><img loading=\"lazy\" decoding=\"async\" width=\"906\" height=\"320\" src=\"http:\/\/ve2cuy.com\/420-1c4\/wp-content\/uploads\/2022\/08\/wokwi-05.png\" alt=\"\" class=\"wp-image-1945\" srcset=\"https:\/\/ve2cuy.com\/420-1c4\/wp-content\/uploads\/2022\/08\/wokwi-05.png 906w, https:\/\/ve2cuy.com\/420-1c4\/wp-content\/uploads\/2022\/08\/wokwi-05-300x106.png 300w, https:\/\/ve2cuy.com\/420-1c4\/wp-content\/uploads\/2022\/08\/wokwi-05-768x271.png 768w\" sizes=\"auto, (max-width: 906px) 100vw, 906px\" \/><\/figure>\n\n\n\n<figure class=\"wp-block-image size-full\"><img loading=\"lazy\" decoding=\"async\" width=\"951\" height=\"381\" src=\"http:\/\/ve2cuy.com\/420-1c4\/wp-content\/uploads\/2022\/08\/Capture-decran-le-2022-08-22-a-14.47.41.png\" alt=\"\" class=\"wp-image-1947\" srcset=\"https:\/\/ve2cuy.com\/420-1c4\/wp-content\/uploads\/2022\/08\/Capture-decran-le-2022-08-22-a-14.47.41.png 951w, https:\/\/ve2cuy.com\/420-1c4\/wp-content\/uploads\/2022\/08\/Capture-decran-le-2022-08-22-a-14.47.41-300x120.png 300w, https:\/\/ve2cuy.com\/420-1c4\/wp-content\/uploads\/2022\/08\/Capture-decran-le-2022-08-22-a-14.47.41-768x308.png 768w\" sizes=\"auto, (max-width: 951px) 100vw, 951px\" \/><\/figure>\n\n\n\n<p><a href=\"https:\/\/wokwi.com\/arduino\/libraries\">Librairie d&rsquo;exemples Arduino<\/a><\/p>\n\n\n\n<p><a href=\"https:\/\/wokwi.com\/projects\/340811173190435410\">Exemple bases<\/a><\/p>\n","protected":false},"excerpt":{"rendered":"<p>Wokwi est un \u00e9mulateur &lsquo;Web&rsquo; qui permet d&rsquo;exp\u00e9rimenter avec plusieurs microcontr\u00f4leurs. Dans le cadre de ce cours, c&rsquo;est un outil parfait pour r\u00e9aliser, \u00e0 la maison, les diff\u00e9rents laboratoires pr\u00e9vus au programme ?. Se connecter \u00e0 un nouveau compte Wokwi \u00c9tape 1 &#8211; Suivre l&rsquo;URL https:\/\/wokwi.com et s&rsquo;inscrire: Librairie d&rsquo;exemples Arduino Exemple bases<\/p>\n","protected":false},"author":1,"featured_media":0,"parent":0,"menu_order":0,"comment_status":"closed","ping_status":"closed","template":"","meta":{"ub_ctt_via":"","footnotes":""},"class_list":["post-1909","page","type-page","status-publish","hentry"],"featured_image_src":null,"_links":{"self":[{"href":"https:\/\/ve2cuy.com\/420-1c4\/index.php\/wp-json\/wp\/v2\/pages\/1909","targetHints":{"allow":["GET"]}}],"collection":[{"href":"https:\/\/ve2cuy.com\/420-1c4\/index.php\/wp-json\/wp\/v2\/pages"}],"about":[{"href":"https:\/\/ve2cuy.com\/420-1c4\/index.php\/wp-json\/wp\/v2\/types\/page"}],"author":[{"embeddable":true,"href":"https:\/\/ve2cuy.com\/420-1c4\/index.php\/wp-json\/wp\/v2\/users\/1"}],"replies":[{"embeddable":true,"href":"https:\/\/ve2cuy.com\/420-1c4\/index.php\/wp-json\/wp\/v2\/comments?post=1909"}],"version-history":[{"count":17,"href":"https:\/\/ve2cuy.com\/420-1c4\/index.php\/wp-json\/wp\/v2\/pages\/1909\/revisions"}],"predecessor-version":[{"id":1949,"href":"https:\/\/ve2cuy.com\/420-1c4\/index.php\/wp-json\/wp\/v2\/pages\/1909\/revisions\/1949"}],"wp:attachment":[{"href":"https:\/\/ve2cuy.com\/420-1c4\/index.php\/wp-json\/wp\/v2\/media?parent=1909"}],"curies":[{"name":"wp","href":"https:\/\/api.w.org\/{rel}","templated":true}]}}