{"id":18,"date":"2022-08-22T13:32:27","date_gmt":"2022-08-22T18:32:27","guid":{"rendered":"http:\/\/ve2cuy.com\/420-1c4\/?page_id=18"},"modified":"2025-01-29T09:51:40","modified_gmt":"2025-01-29T14:51:40","slug":"a-propos","status":"publish","type":"page","link":"https:\/\/ve2cuy.com\/420-1c4\/index.php\/a-propos\/","title":{"rendered":"\u00c0 propos"},"content":{"rendered":"\n<h2 class=\"wp-block-heading has-luminous-vivid-orange-color has-text-color\">Bienvenue au cours 420-1C4 <span class=\"has-inline-color has-black-color\">&#8211;<\/span> <span class=\"has-inline-color has-vivid-cyan-blue-color\">OBJETS CONNECT\u00c9S<\/span><\/h2>\n\n\n\n<p><\/p>\n\n\n<div class=\"wp-block-image\">\n<figure class=\"aligncenter size-full is-resized\"><img loading=\"lazy\" decoding=\"async\" width=\"800\" height=\"640\" src=\"http:\/\/ve2cuy.com\/420-1c4\/wp-content\/uploads\/2021\/07\/connected-world-208513736.jpg\" alt=\"\" class=\"wp-image-888\" style=\"width:373px;height:298px\" srcset=\"https:\/\/ve2cuy.com\/420-1c4\/wp-content\/uploads\/2021\/07\/connected-world-208513736.jpg 800w, https:\/\/ve2cuy.com\/420-1c4\/wp-content\/uploads\/2021\/07\/connected-world-208513736-300x240.jpg 300w, https:\/\/ve2cuy.com\/420-1c4\/wp-content\/uploads\/2021\/07\/connected-world-208513736-768x614.jpg 768w\" sizes=\"auto, (max-width: 800px) 100vw, 800px\" \/><\/figure>\n<\/div>\n\n\n<hr class=\"wp-block-separator has-css-opacity\"\/>\n\n\n\n<p class=\"has-text-align-left\"><br>Ce cours s&rsquo;adresse aux \u00e9tudiantes et \u00e9tudiants de premi\u00e8re ann\u00e9e du programme <strong><span class=\"has-inline-color has-vivid-purple-color\">Techniques de l&rsquo;Informatique<\/span><\/strong> du C\u00e9gep de Saint-J\u00e9r\u00f4me.<\/p>\n\n\n\n<hr class=\"wp-block-separator has-css-opacity\"\/>\n\n\n\n<p class=\"has-text-align-left\"><br>Situ\u00e9 entre les univers passionnants de l\u2019informatique et de l\u2019\u00e9lectronique, se trouve un domaine qui les relies.<\/p>\n\n\n\n<p>Ce domaine est celui des micro-controleurs.&nbsp;&nbsp;Ce sont de petits ordinateurs complets, CPU, m\u00e9moire vive, programmes, entr\u00e9es\/sorties, incorpor\u00e9s dans une seule puce.<\/p>\n\n\n\n<p>Nous les retrouvons partout dans la vie de tous les jours, dans les \u00e9lectrom\u00e9nagers, les t\u00e9l\u00e9commandes, les thermostats, les souries et claviers d\u2019ordinateurs, les voitures, les manettes de jeux, les appareils connect\u00e9s comme par exemple une ampoule wifi ou une prise de courant intelligente.&nbsp;<\/p>\n\n\n\n<p>Ils servent de lien entre l\u2019utilisateur, en permettant la gestion des entr\u00e9es et sorties, et l\u2019appareil \u00e0 contr\u00f4ler.<\/p>\n\n\n\n<p>Dans ce cours, nous apprendrons \u00e0 les utiliser et \u00e0 les programmer.<\/p>\n\n\n\n<p>Il ne nous reste plus qu\u2019\u00e0 d\u00e9buter nos apprentissages\u2026<\/p>\n\n\n\n<hr class=\"wp-block-separator has-alpha-channel-opacity\"\/>\n\n\n\n<p>Enseignant responsable du cours pour la session d\u2019hiver 2025<\/p>\n\n\n\n<p class=\"has-vivid-cyan-blue-color has-text-color\">M. Alain Boudreault<\/p>\n\n\n\n<hr class=\"wp-block-separator has-css-opacity\"\/>\n\n\n\n<h2 class=\"wp-block-heading\">HORAIRE &#8211; Alain Boudreault<\/h2>\n\n\n\n<figure class=\"wp-block-image size-full\"><img loading=\"lazy\" decoding=\"async\" width=\"1510\" height=\"940\" src=\"http:\/\/ve2cuy.com\/420-1c4\/wp-content\/uploads\/2025\/01\/horaire-h25.png\" alt=\"\" class=\"wp-image-2555\" srcset=\"https:\/\/ve2cuy.com\/420-1c4\/wp-content\/uploads\/2025\/01\/horaire-h25.png 1510w, https:\/\/ve2cuy.com\/420-1c4\/wp-content\/uploads\/2025\/01\/horaire-h25-300x187.png 300w, https:\/\/ve2cuy.com\/420-1c4\/wp-content\/uploads\/2025\/01\/horaire-h25-1024x637.png 1024w, https:\/\/ve2cuy.com\/420-1c4\/wp-content\/uploads\/2025\/01\/horaire-h25-768x478.png 768w\" sizes=\"auto, (max-width: 1510px) 100vw, 1510px\" \/><\/figure>\n\n\n\n<hr class=\"wp-block-separator has-css-opacity\"\/>\n\n\n\n<h6 class=\"wp-block-heading has-text-align-right has-cyan-bluish-gray-color has-text-color\">Document r\u00e9dig\u00e9 par Alain Boudreault, aka <a href=\"http:\/\/ve2cuy.com\">ve2cuy<\/a> &#8211; r\u00e9vision 2025.01.29.01<\/h6>\n\n\n\n<p><\/p>\n","protected":false},"excerpt":{"rendered":"<p>Bienvenue au cours 420-1C4 &#8211; OBJETS CONNECT\u00c9S Ce cours s&rsquo;adresse aux \u00e9tudiantes et \u00e9tudiants de premi\u00e8re ann\u00e9e du programme Techniques de l&rsquo;Informatique du C\u00e9gep de Saint-J\u00e9r\u00f4me. Situ\u00e9 entre les univers passionnants de l\u2019informatique et de l\u2019\u00e9lectronique, se trouve un domaine qui les relies. Ce domaine est celui des micro-controleurs.&nbsp;&nbsp;Ce sont de petits ordinateurs complets, CPU, [&hellip;]<\/p>\n","protected":false},"author":1,"featured_media":0,"parent":0,"menu_order":0,"comment_status":"closed","ping_status":"closed","template":"","meta":{"ub_ctt_via":"","footnotes":""},"class_list":["post-18","page","type-page","status-publish","hentry"],"featured_image_src":null,"_links":{"self":[{"href":"https:\/\/ve2cuy.com\/420-1c4\/index.php\/wp-json\/wp\/v2\/pages\/18","targetHints":{"allow":["GET"]}}],"collection":[{"href":"https:\/\/ve2cuy.com\/420-1c4\/index.php\/wp-json\/wp\/v2\/pages"}],"about":[{"href":"https:\/\/ve2cuy.com\/420-1c4\/index.php\/wp-json\/wp\/v2\/types\/page"}],"author":[{"embeddable":true,"href":"https:\/\/ve2cuy.com\/420-1c4\/index.php\/wp-json\/wp\/v2\/users\/1"}],"replies":[{"embeddable":true,"href":"https:\/\/ve2cuy.com\/420-1c4\/index.php\/wp-json\/wp\/v2\/comments?post=18"}],"version-history":[{"count":23,"href":"https:\/\/ve2cuy.com\/420-1c4\/index.php\/wp-json\/wp\/v2\/pages\/18\/revisions"}],"predecessor-version":[{"id":2696,"href":"https:\/\/ve2cuy.com\/420-1c4\/index.php\/wp-json\/wp\/v2\/pages\/18\/revisions\/2696"}],"wp:attachment":[{"href":"https:\/\/ve2cuy.com\/420-1c4\/index.php\/wp-json\/wp\/v2\/media?parent=18"}],"curies":[{"name":"wp","href":"https:\/\/api.w.org\/{rel}","templated":true}]}}