{"id":178,"date":"2021-07-13T16:25:16","date_gmt":"2021-07-13T21:25:16","guid":{"rendered":"http:\/\/ve2cuy.com\/420-1c4\/?page_id=178"},"modified":"2025-04-01T07:28:28","modified_gmt":"2025-04-01T12:28:28","slug":"les-documents","status":"publish","type":"page","link":"https:\/\/ve2cuy.com\/420-1c4\/","title":{"rendered":"Les documents"},"content":{"rendered":"\n<ol class=\"wp-block-list\">\n<li><a href=\"http:\/\/ve2cuy.com\/420-1c4\/wp-content\/uploads\/2025\/01\/420-1C4-JR_ab_pc_H25.pdf\">Plan de cours<\/a><\/li>\n\n\n\n<li><a href=\"http:\/\/ve2cuy.com\/420-1c4\/index.php\/introduction-aux-microcontroleurs\/\" data-type=\"page\" data-id=\"60\">Introduction aux microcontr\u00f4leurs<\/a><\/li>\n\n\n\n<li><a href=\"http:\/\/ve2cuy.com\/420-1c4\/index.php\/arduino-uno\/\" data-type=\"page\" data-id=\"54\">Arduino Uno<\/a><\/li>\n\n\n\n<li>\u00c9mulateurs Arduino en ligne; <a href=\"https:\/\/wokwi.com\/\">Wokwi,<\/a> <a href=\"https:\/\/www.tinkercad.com\/\">TinkerCad<\/a><\/li>\n\n\n\n<li><a href=\"http:\/\/ve2cuy.com\/420-1c4\/index.php\/emulateur-arduino-wokwi\/\" data-type=\"page\" data-id=\"1909\">Premiers pas avec Wokwi<\/a><\/li>\n\n\n\n<li><a href=\"http:\/\/ve2cuy.com\/420-1c4\/index.php\/les-modules-grove\/\" data-type=\"page\" data-id=\"785\">Les modules Grove<\/a><\/li>\n\n\n\n<li><a href=\"http:\/\/ve2cuy.com\/420-1c4\/index.php\/arduino-hello-world\/\" data-type=\"page\" data-id=\"621\">Hello World &#8211; Arduino IDE et Wokwi<\/a><\/li>\n\n\n\n<li><a href=\"https:\/\/ve2cuy.com\/420-1c4\/index.php\/hello-world-platformio\/\" data-type=\"page\" data-id=\"2577\">Hello World &#8211; PlatformIO<\/a><\/li>\n\n\n\n<li><a href=\"http:\/\/ve2cuy.com\/420-1c4\/index.php\/langage-c-les-variables\/\" data-type=\"page\" data-id=\"1849\">Les variables de type scalaire<\/a><\/li>\n\n\n\n<li><a href=\"https:\/\/ve2cuy.com\/420-1c4\/index.php\/compilation-conditionnelle\/\" data-type=\"page\" data-id=\"2688\">Compilation conditionnelle<\/a><\/li>\n\n\n\n<li><a href=\"http:\/\/ve2cuy.com\/420-1c4\/index.php\/electronique-concepts-de-base\/\" data-type=\"page\" data-id=\"927\">\u00c9lectronique &#8211; concepts de base<\/a><\/li>\n\n\n\n<li><a href=\"http:\/\/ve2cuy.com\/420-1c4\/index.php\/arduino-serial-printlnval-et-digitalread\/\" data-type=\"page\" data-id=\"1068\">Arduino &#8211; Serial.println(val), digitalRead() et l&rsquo;instruction while()pour la gestion du bouton <\/a><\/li>\n\n\n\n<li>Gestion du bruit sur un bouton &#8211; <a href=\"https:\/\/github.com\/thomasfredericks\/Bounce2\">bounce2<\/a><\/li>\n\n\n\n<li><a href=\"http:\/\/ve2cuy.com\/420-1c4\/index.php\/arduino-analogread\/\" data-type=\"page\" data-id=\"1141\">Arduino &#8211; Lecture\/\u00e9criture d&rsquo;une valeur analogique &#8211; analogRead() analogWrite() PWM<\/a><\/li>\n\n\n\n<li><a href=\"http:\/\/ve2cuy.com\/420-1c4\/index.php\/grove-module-lcd-rgb-i2c\/\" data-type=\"page\" data-id=\"1167\">Grove \u2013 Module LCD-RGB i2c<\/a> (sprintf, switch, io stream, #ifdef, op ternaire, i % j)<\/li>\n\n\n\n<li><a href=\"https:\/\/ve2cuy.com\/420-1c4\/index.php\/operations-sur-les-bits\/\" data-type=\"page\" data-id=\"2623\">Op\u00e9rations sur les bits (bitwise op) et structures de donn\u00e9es (struct)<\/a>  (<strong><mark style=\"background-color:rgba(0, 0, 0, 0)\" class=\"has-inline-color has-vivid-red-color\">TP02<\/mark><\/strong>)<\/li>\n\n\n\n<li><a href=\"https:\/\/ve2cuy.com\/420-1c4\/index.php\/structures-et-enumeration\/\" data-type=\"page\" data-id=\"3113\">Structures de donn\u00e9es<\/a><\/li>\n\n\n\n<li><a href=\"http:\/\/ve2cuy.com\/420-1c4\/index.php\/linstruction-du-langage-c-enum\/\" data-type=\"page\" data-id=\"2256\">L&rsquo;instruction &lsquo;enum&rsquo; du langage C<\/a> (<strong><mark style=\"background-color:rgba(0, 0, 0, 0)\" class=\"has-inline-color has-vivid-red-color\">TP02<\/mark><\/strong>)<\/li>\n\n\n\n<li><a href=\"http:\/\/ve2cuy.com\/420-1c4\/index.php\/grove-module-humidite-et-temperature\/\" data-type=\"page\" data-id=\"1349\">Temp\u00e9rature, humidit\u00e9 et affichage sur 7 segments<\/a> (installer manuellement une librairie)<\/li>\n\n\n\n<li><a href=\"http:\/\/ve2cuy.com\/420-1c4\/index.php\/buzzer-et-rgb-led-stick\/\" data-type=\"page\" data-id=\"1393\">Buzzer et NeoPixel<\/a><\/li>\n\n\n\n<li><a href=\"http:\/\/ve2cuy.com\/420-1c4\/index.php\/grove-rtc_ds1307\/\" data-type=\"page\" data-id=\"1459\">Real Time Clock RTC<\/a> (Utilisation de fonctions, notions de pointeurs)<\/li>\n\n\n\n<li><a href=\"http:\/\/ve2cuy.com\/420-1c4\/index.php\/detecteur-de-mouvements\/\" data-type=\"page\" data-id=\"1476\">D\u00e9tecteur de mouvements<\/a><\/li>\n\n\n\n<li><a href=\"https:\/\/ve2cuy.com\/420-1c4\/index.php\/operations-non-bloquantes\/\" data-type=\"page\" data-id=\"2941\">Op\u00e9rations non bloquantes<\/a> &#8211; millis() et Interruptions (<strong><mark style=\"background-color:rgba(0, 0, 0, 0)\" class=\"has-inline-color has-vivid-red-color\">TP02<\/mark><\/strong>)<\/li>\n\n\n\n<li><a href=\"https:\/\/ve2cuy.com\/420-1c4\/index.php\/grove-uart-wifi-v2\/\" data-type=\"page\" data-id=\"2972\">ESP-Wifi &#8211; acc\u00e8s r\u00e9seau<\/a> (<strong><mark style=\"background-color:rgba(0, 0, 0, 0)\" class=\"has-inline-color has-vivid-red-color\">TP02<\/mark><\/strong>)<\/li>\n\n\n\n<li><a href=\"http:\/\/ve2cuy.com\/420-1c4\/index.php\/ecoute-moi-jaimerais-te-parler\/\" data-type=\"page\" data-id=\"2287\">Communication UART entre deux Arduino<\/a> (<strong><mark style=\"background-color:rgba(0, 0, 0, 0)\" class=\"has-inline-color has-vivid-red-color\">TP02<\/mark><\/strong>)<\/li>\n\n\n\n<li><a href=\"http:\/\/ve2cuy.com\/420-1c4\/index.php\/detecteur-infrarouge\/\" data-type=\"page\" data-id=\"1538\">D\u00e9tecteur infrarouge<\/a> &#8211; <mark style=\"background-color:rgba(0, 0, 0, 0)\" class=\"has-inline-color has-cyan-bluish-gray-color\">Contenu optionnel<\/mark><\/li>\n\n\n\n<li><a href=\"https:\/\/docs.arduino.cc\/learn\/programming\/eeprom-guide\/\">EEPROM<\/a> &#8211; <mark style=\"background-color:rgba(0, 0, 0, 0)\" class=\"has-inline-color has-cyan-bluish-gray-color\">Contenu optionnel<\/mark><\/li>\n\n\n\n<li><a href=\"https:\/\/ve2cuy.com\/420-1c4\/index.php\/capteur-rfid\/\" data-type=\"page\" data-id=\"3411\">Capteur RFID<\/a> &#8211; <mark style=\"background-color:rgba(0, 0, 0, 0)\" class=\"has-inline-color has-cyan-bluish-gray-color\">Contenu optionnel <\/mark>(<strong><mark style=\"background-color:rgba(0, 0, 0, 0)\" class=\"has-inline-color has-vivid-red-color\">D\u00c9FI: TP02<\/mark><\/strong>)<\/li>\n\n\n\n<li><a href=\"https:\/\/ve2cuy.com\/420-1c4\/index.php\/2025-tp-01\/\" data-type=\"page\" data-id=\"2777\">TP01-2025<\/a>, <a href=\"https:\/\/ve2cuy.com\/420-1c4\/index.php\/2022-tp01\/\" data-type=\"page\" data-id=\"2102\">TP01-2022<\/a>, <a href=\"http:\/\/ve2cuy.com\/420-1c4\/index.php\/labo-note-01\/\" data-type=\"page\" data-id=\"1275\">TP01-2021<\/a><\/li>\n\n\n\n<li><a href=\"http:\/\/ve2cuy.com\/420-1c4\/index.php\/formatif-examen-01\/\" data-type=\"page\" data-id=\"1550\">Formatif examen 01<\/a><\/li>\n\n\n\n<li><a href=\"http:\/\/ve2cuy.com\/420-1c4\/index.php\/ex01-2021-11-10-_9abc\/\">D\u00e9fi de mi-session<\/a><\/li>\n\n\n\n<li><a href=\"http:\/\/ve2cuy.com\/420-1c4\/index.php\/projet-epreuve-synthese\/\" data-type=\"page\" data-id=\"1626\">\u00c9nonc\u00e9 du projet de l&rsquo;\u00e9preuve synth\u00e8se du cours: AUT-2021<\/a><\/li>\n\n\n\n<li><a href=\"http:\/\/ve2cuy.com\/420-1c4\/index.php\/2022-es\/\" data-type=\"page\" data-id=\"2359\">\u00c9nonc\u00e9 du projet de l&rsquo;\u00e9preuve synth\u00e8se du cours: AUT 2022<\/a><\/li>\n\n\n\n<li><a href=\"http:\/\/ve2cuy.com\/420-1c4\/index.php\/formatif-de-lepreuve-synthese\/\" data-type=\"page\" data-id=\"2490\">Formatif du volet B de l&rsquo;\u00e9preuve synth\u00e8se AUT 2022<\/a> &#8211; <a href=\"http:\/\/ve2cuy.com\/420-1c4\/index.php\/epreuve-synthese-volet-b-2022\/\" data-type=\"page\" data-id=\"2519\">\u00c9preuve synth\u00e8se volet B 2022<\/a><\/li>\n<\/ol>\n\n\n\n<p><br><\/p>\n","protected":false},"excerpt":{"rendered":"","protected":false},"author":1,"featured_media":0,"parent":0,"menu_order":0,"comment_status":"closed","ping_status":"closed","template":"","meta":{"ub_ctt_via":"","footnotes":""},"class_list":["post-178","page","type-page","status-publish","hentry"],"featured_image_src":null,"_links":{"self":[{"href":"https:\/\/ve2cuy.com\/420-1c4\/index.php\/wp-json\/wp\/v2\/pages\/178","targetHints":{"allow":["GET"]}}],"collection":[{"href":"https:\/\/ve2cuy.com\/420-1c4\/index.php\/wp-json\/wp\/v2\/pages"}],"about":[{"href":"https:\/\/ve2cuy.com\/420-1c4\/index.php\/wp-json\/wp\/v2\/types\/page"}],"author":[{"embeddable":true,"href":"https:\/\/ve2cuy.com\/420-1c4\/index.php\/wp-json\/wp\/v2\/users\/1"}],"replies":[{"embeddable":true,"href":"https:\/\/ve2cuy.com\/420-1c4\/index.php\/wp-json\/wp\/v2\/comments?post=178"}],"version-history":[{"count":64,"href":"https:\/\/ve2cuy.com\/420-1c4\/index.php\/wp-json\/wp\/v2\/pages\/178\/revisions"}],"predecessor-version":[{"id":3456,"href":"https:\/\/ve2cuy.com\/420-1c4\/index.php\/wp-json\/wp\/v2\/pages\/178\/revisions\/3456"}],"wp:attachment":[{"href":"https:\/\/ve2cuy.com\/420-1c4\/index.php\/wp-json\/wp\/v2\/media?parent=178"}],"curies":[{"name":"wp","href":"https:\/\/api.w.org\/{rel}","templated":true}]}}